{"id":5,"date":"2016-10-19T15:51:35","date_gmt":"2016-10-19T15:51:35","guid":{"rendered":"https:\/\/web.ciidiroaxaca.ipn.mx\/cescamirosa\/dr-cirenio-escamirosa-tinoco\/"},"modified":"2025-10-15T16:28:56","modified_gmt":"2025-10-15T22:28:56","slug":"dr-cirenio-escamirosa-tinoco","status":"publish","type":"page","link":"https:\/\/web.ciidiroaxaca.ipn.mx\/cescamirosa\/","title":{"rendered":"Dr. Cirenio Escamirosa Tinoco"},"content":{"rendered":"\n<figure class=\"wp-block-image aligncenter is-resized\"><img loading=\"lazy\" decoding=\"async\" width=\"366\" height=\"346\" src=\"https:\/\/web.ciidiroaxaca.ipn.mx\/cescamirosa\/wp-content\/uploads\/sites\/57\/2016\/10\/Imagen1.jpg\" alt=\"\" class=\"wp-image-4\" style=\"width:209px;height:auto\" srcset=\"https:\/\/web.ciidiroaxaca.ipn.mx\/cescamirosa\/wp-content\/uploads\/sites\/57\/2016\/10\/Imagen1.jpg 366w, https:\/\/web.ciidiroaxaca.ipn.mx\/cescamirosa\/wp-content\/uploads\/sites\/57\/2016\/10\/Imagen1-300x284.jpg 300w\" sizes=\"auto, (max-width: 366px) 100vw, 366px\" \/><\/figure>\n\n\n\n<h3 class=\"wp-block-heading has-text-align-center\">Doctorado en Agricultura Protegida en la Universidad de Almer\u00eda Espa\u00f1a<\/h3>\n\n\n\n<p class=\"has-text-align-center\">Nombramiento de Profesor Colegiado emitido por el Instituto Polit\u00e9cnico Nacional e investigador nacional nivel I del SNII del CONAHCYT perteneciente a la SECIHTI<\/p>\n\n\n\n<p class=\"has-text-align-center\">\u00c1reas de trabajo en investigaci\u00f3n de inter\u00e9s: Gesti\u00f3n del Clima en Agricultura Protegida, T\u00e9cnicas Instrumentales en Bioproductividad, Dise\u00f1o de Invernaderos, Caracterizaci\u00f3n Clim\u00e1tica de Invernaderos, Sistemas de Informaci\u00f3n Geogr\u00e1fica y Teledetecci\u00f3n<\/p>\n\n\n\n<p class=\"has-text-align-center\">Temas posibles&nbsp;de tesis en&nbsp;Licenciatura, Maestr\u00eda y Doctorado<\/p>\n\n\n\n<p class=\"has-text-align-center\">Efecto del clima en horticultura protegida<\/p>\n\n\n\n<p class=\"has-text-align-center\">Efectos de variables clim\u00e1ticas en el desarrollo y productividad de los cultivos<\/p>\n\n\n\n<p class=\"has-text-align-center\">Sistemas de Informaci\u00f3n Geogr\u00e1fica y Teledetecci\u00f3n en la Agricultura.<\/p>\n\n\n\n<p class=\"has-text-align-center\">Correo electr\u00f3nico: cescamirosa@ipn.mx<\/p>\n\n\n\n<p class=\"has-text-align-center\">Telefono: (951) 517-11-99, 11-06-10&nbsp; Ext. 82715<\/p>\n\n\n\n<p><\/p>\n","protected":false},"excerpt":{"rendered":"<p>Doctorado en Agricultura Protegida en la Universidad de Almer\u00eda Espa\u00f1a Nombramiento de Profesor Colegiado emitido por el Instituto Polit\u00e9cnico Nacional e investigador nacional nivel I del SNII del CONAHCYT perteneciente a la SECIHTI \u00c1reas de trabajo en investigaci\u00f3n de inter\u00e9s: Gesti\u00f3n del Clima en Agricultura Protegida, T\u00e9cnicas Instrumentales en Bioproductividad, Dise\u00f1o de Invernaderos, Caracterizaci\u00f3n Clim\u00e1tica [&hellip;]<\/p>\n","protected":false},"author":57,"featured_media":0,"parent":0,"menu_order":0,"comment_status":"closed","ping_status":"closed","template":"","meta":{"_swt_meta_header_display":false,"_swt_meta_footer_display":false,"_swt_meta_site_title_display":false,"_swt_meta_sticky_header":false,"_swt_meta_transparent_header":false,"footnotes":""},"class_list":["post-5","page","type-page","status-publish","hentry"],"_links":{"self":[{"href":"https:\/\/web.ciidiroaxaca.ipn.mx\/cescamirosa\/wp-json\/wp\/v2\/pages\/5","targetHints":{"allow":["GET"]}}],"collection":[{"href":"https:\/\/web.ciidiroaxaca.ipn.mx\/cescamirosa\/wp-json\/wp\/v2\/pages"}],"about":[{"href":"https:\/\/web.ciidiroaxaca.ipn.mx\/cescamirosa\/wp-json\/wp\/v2\/types\/page"}],"author":[{"embeddable":true,"href":"https:\/\/web.ciidiroaxaca.ipn.mx\/cescamirosa\/wp-json\/wp\/v2\/users\/57"}],"replies":[{"embeddable":true,"href":"https:\/\/web.ciidiroaxaca.ipn.mx\/cescamirosa\/wp-json\/wp\/v2\/comments?post=5"}],"version-history":[{"count":4,"href":"https:\/\/web.ciidiroaxaca.ipn.mx\/cescamirosa\/wp-json\/wp\/v2\/pages\/5\/revisions"}],"predecessor-version":[{"id":77,"href":"https:\/\/web.ciidiroaxaca.ipn.mx\/cescamirosa\/wp-json\/wp\/v2\/pages\/5\/revisions\/77"}],"wp:attachment":[{"href":"https:\/\/web.ciidiroaxaca.ipn.mx\/cescamirosa\/wp-json\/wp\/v2\/media?parent=5"}],"curies":[{"name":"wp","href":"https:\/\/api.w.org\/{rel}","templated":true}]}}