{"id":9,"date":"2025-11-25T21:18:18","date_gmt":"2025-11-25T20:18:18","guid":{"rendered":"https:\/\/web.ciidiroaxaca.ipn.mx\/ccruzca\/?page_id=9"},"modified":"2025-12-10T12:36:56","modified_gmt":"2025-12-10T18:36:56","slug":"publicaciones","status":"publish","type":"page","link":"https:\/\/web.ciidiroaxaca.ipn.mx\/ccruzca\/publicaciones\/","title":{"rendered":"Publicaciones"},"content":{"rendered":"\n<p><strong>Cruz Carrasco C.<\/strong>, Luna Fuentes A., Z\u00e1rate Nicol\u00e1s B. H.,&nbsp;P\u00e9rez Flores M. E., y Toledo L\u00f3pez A. (2025). To Care and to Produce: Community Participation and Care Economy Among Women in Mexico\u2019s Sembrando Vida Program. Social Sciences 14: 518. <a href=\"https:\/\/doi.org\/10.3390\/socsci14090518\">https:\/\/doi.org\/10.3390\/socsci14090518<\/a> <\/p>\n\n\n\n<p> Luna Fuentes A.,  Cruz L\u00f3pez E. A., Gonzales Torres, X.B.,  P\u00e9rez Flores M.,E  <strong>Cruz Carrasco C<\/strong>., Delgado Torres M.V.,  Water Management In The Mezcal Industry: Governance And Cooperation In Sola De Vega, Sage Journals, ISSN: 21582440, in Volume 15 (2025) https:\/\/journals.sagepub.com\/home\/sgo <\/p>\n\n\n\n<p><strong>Cruz, C<\/strong>., L\u00f3pez, J. Y., Hern\u00e1ndez, R. B., y Sep\u00falveda, J. (2024). Empoderamiento,<br>feminismo comunitario y buen vivir en mujeres del Programa Sembrando Vida. Revista Venezolana De Gerencia, 29(Especial 11), 170-183. https:\/\/doi.org\/10.52080\/rvgluz.29.e11.10<\/p>\n\n\n\n<p>Luna Fuentes A., <strong>Cruz Carrasco C<\/strong>., Gonzales Torres X.B.,  Rivera L\u00f3pez F.B.,  P\u00e9rez Larra\u00f1aga H., Cruz Hern\u00e1ndez A., M.,  Alonso Hern\u00e1ndez L.,  Bol\u00e1n Chi\u00f1as, G., Cooperaci\u00f3n y gobernanza econ\u00f3mica en la gesti\u00f3n de recursos comunes: caso: productores de Mezcal de San Luis del R\u00edo, Oaxaca, M\u00e9xico, DOI: 10.55905\/rdelosv17.n62-187,  ISSN: 1988-5245<\/p>\n\n\n\n<p><strong>Cruz Carrasco C<\/strong>., Luna Fuentes Armando , Gonzales Torres , L\u00f3pez Cruz J.,Y. (2024) REVISTA YOLIXTLI, PARTICIPACION Y ECONOMIA SOCIAL Y SOLIDARIA EN MUJERES DEL PROGRAMA SEMBRANDO VIDA, TEHUANTEPEC, OAXACA, ISBN 2954-405X<\/p>\n\n\n\n<p><strong>Cruz Carrasco C<\/strong>.,  L\u00f3pez Cruz, J., Y, (2023), IMPACT OF THE SOWING LIFE PROGRAM IN THE FORMS OF SOCIAL ORGANIZATION, FROM THE GOOD, LIVING APPROACH IN SAN BLAS ATEMPA, OAX, JOURNAL-URBAN-RURAL AND REGIONAL ECONOMY, DOI: 10.35429\/JURRE.2023.13.7.14.24, ISBN. 2524-2083<\/p>\n\n\n\n<p> Hern\u00e1ndez Hern\u00e1ndez, B.,  Santiago Ib\u00e1\u00f1ez D,P., Miguel, Velasco, A.M  <strong>Cruz Carrasco C.<\/strong>,  Regino Maldonado R., (2019) EMPRESAS SOCIALES RURALES Y PATRIMONIO BIOCULTURAL; EL CASO DE CEDICAM EN EL PUEBLO ORIGINARIO MIXTECO DE NOCHIXTL\u00c1N, OAXACA, M\u00c9XICO, Agro productividad, ISSN: 25940252, DOI: HTTPS:\/\/DOI.ORG\/10.32854\/AGROP.V12I2.1362<\/p>\n\n\n\n<p> Serv\u00edn Ju\u00e1rez R., <strong>Cruz Carrasco C<\/strong>., Ramos Soto A.L., (2018). Factores Cr\u00edticos en la administraci\u00f3n de trapiches, de la regi\u00f3n de Huatusco, Veracruz. Observatorio de la econom\u00eda latinoamericana. DOI: 10.22004\/AG.ECON.316783, ISSN. 16968352<\/p>\n\n\n\n<p>Curiel Avil\u00e9s, U. G., <strong>Cruz Carrasco C<\/strong>., Delf\u00edn Garc\u00eda D.,, El desarrollo econ\u00f3mico en tiempos de crisis, un an\u00e1lisis coyuntural de la econom\u00eda de M\u00e9xico, 2008-2009. Development in times of crisis, a situation analysis of mexican economy, 2008-2009. CATHEDRA ET SCIENTIA. INTERNATIONAL JOURNAL<\/p>\n\n\n\n<p>Hern\u00e1ndez Hern\u00e1ndez R.B., Santiago Ib\u00e1\u00f1ez Daniela Patricia , Miguel Velasco, A. E., <strong>Cruz Carrasco C.<\/strong>, Regino Maldonado J., 2018., Empresas Sociales Rurales, Estrategia de Desarrollo Sustentable y conservaci\u00f3n del Patrimonio Cultural Inmaterial. Caso: \u201cAmaranto (Amaranthus spp) de Mesoam\u00e9rica\u201d Revista Mexicana de Agronegocios, 2018, ISSN. 1405 \u2013 9282. DOI: 10.22004\/AG.ECON.275187<br><\/p>\n\n\n\n<p>Serv\u00edn Ju\u00e1rez, R.,  <strong>Cruz Carrasco C<\/strong>,  Ramos Soto A.L, (2018), Factores Cr\u00edticos en la administraci\u00f3n de trapiches de la regi\u00f3n de Huatusco, Veracruz. Revista Mexicana de Agronegocios,  ISSN: 1405-9282, DOI: 10.22004\/AG.ECON.275184<\/p>\n\n\n\n<p>Nieto Rivera , E.,   <strong>Cruz Carrasco, C<\/strong>., (2017) Cultura Organizacional en  las unidades  de producci\u00f3n  rural  de piloncillo en la regi\u00f3n de Huatusco. Journal and Agricultura and Animal Sciencies, ISSN: 2256-3342, DOI: HTTPS:\/\/DOI.ORG\/10.22507\/JALS.V5N2A4<\/p>\n\n\n\n<p><strong>Cruz Carrasco C<\/strong>.,  Hern\u00e1ndez Cuacua P.,  Garc\u00eda Gasperin, E., M.,   (2017), Determinantes del entorno en la actividad emprendedora del comercio minorista tradicional (miscel\u00e1neas) en el municipio de Huatusco, Veracruz, Revista Relayn micro y peque\u00f1a empresa en Latinoam\u00e9rica Red de Estudios Latinoamericanos en Administraci\u00f3n y negocios, ISSN: 2594-1674, DOI: HTTP:\/\/DX.DOI.ORG\/10.46990\/RELAYN.2017.1.3.52<\/p>\n\n\n\n<p>Ruiz Mart\u00ednez, A., Cruz Carrasco C.,  Acevedo Mart\u00ednez J.A,  Cruz Cabrera, B.,C., (2014) Gesti\u00f3n Social en el desarrollo local de los municipios del distrito centro, Oaxaca,  ISSN-<br>1405-9282, Revista Mexicana de Agronegocios, ISSN: 1405-9892, DOI:HTTP:\/\/DX.DOI.ORG\/10.22004\/AG.ECON.173295<\/p>\n\n\n\n<p>Cruz Carrasco, C.,  Ruiz Mart\u00ednez A.,   Cruz Cabrera B., C., (2013) An\u00e1lisis de la incidencia de la Gesti\u00f3n social municipal en el desarrollo local. El caso del municipio de Tlalixtac de Cabrera, Oaxaca, M\u00e9xico ISSN: 2254-7630, Revista  Caribe\u00f1a de las Ciencias Sociales  <br> ISSN: 2254-7630<\/p>\n\n\n\n<p><strong>LIBROS<\/strong><\/p>\n\n\n\n<p>Ramos Soto, A.L <strong>Cruz Carrasco C<\/strong>., (2018), Pobreza, Marginaci\u00f3n y desigualdad  en el municipio de Pluma Hidalgo, Editorial Acad\u00e9mica Espa\u00f1ola, Alemania, ISBN: 978-620-2-14123-9<br><strong>Cruz Carrasco, C.<\/strong>, Ruiz Mart\u00ednez A., (2014)., Planeaci\u00f3n y Gesti\u00f3n social para el desarrollo local. Estudio de caso del municipio de Usos y Costumbres de Tlalixtac de Cabrera, Oaxaca, M\u00e9xico, Ed. Dictus Publishing. Alemania, ISBN: 978-3-8473-8885-2<\/p>\n\n\n\n<p><strong>CAPITULOS DE LIBRO<\/strong><\/p>\n\n\n\n<p>L\u00f3pez Cruz J.Y , Fonseca Monterrubio A., Beltmont Chac\u00f3n M. C, <strong>Cruz Carrasco C.<\/strong>,(2025), El modelo de negocios en la producci\u00f3n artesanal de mezcal: el caso de las mujeres mezcaleras y su rol en la econom\u00eda social y solidaria, Atena Editora,DOI: HTTPS:\/\/DOI.ORG\/10.22533\/AT.ED.893252103, ISBN: 978-65-258-3189-3<\/p>\n","protected":false},"excerpt":{"rendered":"<p>Cruz Carrasco C., Luna Fuentes A., Z\u00e1rate Nicol\u00e1s B. H.,&nbsp;P\u00e9rez Flores M. E., y Toledo L\u00f3pez A. (2025). To Care and to Produce: Community Participation and Care Economy Among Women in Mexico\u2019s Sembrando Vida Program. Social Sciences 14: 518. https:\/\/doi.org\/10.3390\/socsci14090518 Luna Fuentes A., Cruz L\u00f3pez E. A., Gonzales Torres, X.B., P\u00e9rez Flores M.,E Cruz Carrasco [&hellip;]<\/p>\n","protected":false},"author":83,"featured_media":0,"parent":0,"menu_order":0,"comment_status":"closed","ping_status":"closed","template":"","meta":{"_swt_meta_header_display":false,"_swt_meta_footer_display":false,"_swt_meta_site_title_display":false,"_swt_meta_sticky_header":false,"_swt_meta_transparent_header":false,"footnotes":""},"class_list":["post-9","page","type-page","status-publish","hentry"],"_links":{"self":[{"href":"https:\/\/web.ciidiroaxaca.ipn.mx\/ccruzca\/wp-json\/wp\/v2\/pages\/9","targetHints":{"allow":["GET"]}}],"collection":[{"href":"https:\/\/web.ciidiroaxaca.ipn.mx\/ccruzca\/wp-json\/wp\/v2\/pages"}],"about":[{"href":"https:\/\/web.ciidiroaxaca.ipn.mx\/ccruzca\/wp-json\/wp\/v2\/types\/page"}],"author":[{"embeddable":true,"href":"https:\/\/web.ciidiroaxaca.ipn.mx\/ccruzca\/wp-json\/wp\/v2\/users\/83"}],"replies":[{"embeddable":true,"href":"https:\/\/web.ciidiroaxaca.ipn.mx\/ccruzca\/wp-json\/wp\/v2\/comments?post=9"}],"version-history":[{"count":8,"href":"https:\/\/web.ciidiroaxaca.ipn.mx\/ccruzca\/wp-json\/wp\/v2\/pages\/9\/revisions"}],"predecessor-version":[{"id":47,"href":"https:\/\/web.ciidiroaxaca.ipn.mx\/ccruzca\/wp-json\/wp\/v2\/pages\/9\/revisions\/47"}],"wp:attachment":[{"href":"https:\/\/web.ciidiroaxaca.ipn.mx\/ccruzca\/wp-json\/wp\/v2\/media?parent=9"}],"curies":[{"name":"wp","href":"https:\/\/api.w.org\/{rel}","templated":true}]}}