{"id":6,"date":"2025-11-25T21:18:06","date_gmt":"2025-11-25T20:18:06","guid":{"rendered":"https:\/\/web.ciidiroaxaca.ipn.mx\/ccruzca\/?page_id=6"},"modified":"2025-12-03T06:28:48","modified_gmt":"2025-12-03T12:28:48","slug":"dra-cynthia-cruz-carrasco","status":"publish","type":"page","link":"https:\/\/web.ciidiroaxaca.ipn.mx\/ccruzca\/","title":{"rendered":"Dra. Cynthia Cruz Carrasco\u00a0"},"content":{"rendered":"\n<p class=\"has-text-align-center\">Doctora en Ciencias en Desarrollo Regional y Tecnol\u00f3gico <\/p>\n\n\n\n<p class=\"has-text-align-center\">Egresada del Instituto Tecnol\u00f3gico de Oaxaca.<\/p>\n\n\n\n<p class=\"has-text-align-center\">Especialidad en Desarrollo Comunitario <\/p>\n\n\n\n<p class=\"has-text-align-center\">Profesor del posgrado del CIIDIR Oaxaca, Instituto Polit\u00e9cnico Nacional<\/p>\n\n\n\n<p class=\"has-text-align-center\">Miembro del Sistema Nacional de Investigadores Nivel I<\/p>\n\n\n\n<p class=\"has-text-align-center\">Linea de investigaci\u00f3n<\/p>\n\n\n\n<p class=\"has-text-align-center\">Evaluaci\u00f3n de Pol\u00edticas publicas <\/p>\n\n\n\n<p class=\"has-text-align-center\">An\u00e1lisis de cadenas productivas <\/p>\n\n\n\n<p class=\"has-text-align-center\">Seguridad y soberan\u00eda alimentaria con enfoque de genero <\/p>\n\n\n\n<p class=\"has-text-align-center\">correo electr\u00f3nico: ccruzca@ipn.mx<\/p>\n\n\n\n<p class=\"has-text-align-center\"><\/p>\n","protected":false},"excerpt":{"rendered":"<p>Doctora en Ciencias en Desarrollo Regional y Tecnol\u00f3gico Egresada del Instituto Tecnol\u00f3gico de Oaxaca. Especialidad en Desarrollo Comunitario Profesor del posgrado del CIIDIR Oaxaca, Instituto Polit\u00e9cnico Nacional Miembro del Sistema Nacional de Investigadores Nivel I Linea de investigaci\u00f3n Evaluaci\u00f3n de Pol\u00edticas publicas An\u00e1lisis de cadenas productivas Seguridad y soberan\u00eda alimentaria con enfoque de genero correo [&hellip;]<\/p>\n","protected":false},"author":83,"featured_media":20,"parent":0,"menu_order":0,"comment_status":"closed","ping_status":"closed","template":"","meta":{"_swt_meta_header_display":false,"_swt_meta_footer_display":false,"_swt_meta_site_title_display":false,"_swt_meta_sticky_header":false,"_swt_meta_transparent_header":false,"footnotes":""},"class_list":["post-6","page","type-page","status-publish","has-post-thumbnail","hentry"],"_links":{"self":[{"href":"https:\/\/web.ciidiroaxaca.ipn.mx\/ccruzca\/wp-json\/wp\/v2\/pages\/6","targetHints":{"allow":["GET"]}}],"collection":[{"href":"https:\/\/web.ciidiroaxaca.ipn.mx\/ccruzca\/wp-json\/wp\/v2\/pages"}],"about":[{"href":"https:\/\/web.ciidiroaxaca.ipn.mx\/ccruzca\/wp-json\/wp\/v2\/types\/page"}],"author":[{"embeddable":true,"href":"https:\/\/web.ciidiroaxaca.ipn.mx\/ccruzca\/wp-json\/wp\/v2\/users\/83"}],"replies":[{"embeddable":true,"href":"https:\/\/web.ciidiroaxaca.ipn.mx\/ccruzca\/wp-json\/wp\/v2\/comments?post=6"}],"version-history":[{"count":5,"href":"https:\/\/web.ciidiroaxaca.ipn.mx\/ccruzca\/wp-json\/wp\/v2\/pages\/6\/revisions"}],"predecessor-version":[{"id":28,"href":"https:\/\/web.ciidiroaxaca.ipn.mx\/ccruzca\/wp-json\/wp\/v2\/pages\/6\/revisions\/28"}],"wp:featuredmedia":[{"embeddable":true,"href":"https:\/\/web.ciidiroaxaca.ipn.mx\/ccruzca\/wp-json\/wp\/v2\/media\/20"}],"wp:attachment":[{"href":"https:\/\/web.ciidiroaxaca.ipn.mx\/ccruzca\/wp-json\/wp\/v2\/media?parent=6"}],"curies":[{"name":"wp","href":"https:\/\/api.w.org\/{rel}","templated":true}]}}