{"id":13,"date":"2025-11-25T21:18:36","date_gmt":"2025-11-25T20:18:36","guid":{"rendered":"https:\/\/web.ciidiroaxaca.ipn.mx\/ccruzca\/?page_id=13"},"modified":"2025-12-07T03:01:35","modified_gmt":"2025-12-07T09:01:35","slug":"tesis","status":"publish","type":"page","link":"https:\/\/web.ciidiroaxaca.ipn.mx\/ccruzca\/tesis\/","title":{"rendered":"Tesis"},"content":{"rendered":"\n<p><strong>Asesora de Tesis Externas <\/strong><\/p>\n\n\n\n<p class=\"has-text-align-left\"><\/p>\n\n\n\n<p class=\"has-text-align-left\">Aquino Hern\u00e1ndez Perla Viridiana, La Gesti\u00f3n Municipal de los fondos FAIS Y FORTAMUN y su efecto en el \u00cdndice de Desarrollo Municipal, b\u00e1sico del distrito de Etla, 2019-2023  , Doctorado en Ciencias en Desarrollo Regional y Tecnol\u00f3gico. Fecha de graduaci\u00f3n: 27 de noviembre de 2023 <\/p>\n\n\n\n<p>Luna Fuentes Armando, Asociatividad y desarrollo econ\u00f3mico local de los productores de Santiago Matatl\u00e1n, Oaxaca M\u00e9xico. 2017-2021. Doctorado en Ciencias en Desarrollo Regional y Tecnol\u00f3gico. Fecha de graduaci\u00f3n 14 de diciembre de 2022<\/p>\n\n\n\n<p>Sandoval Flores Gerzain, Satisfacci\u00f3n laboral y estilos de liderazgos, Maestro en Administraci\u00f3n de negocios. Estudio de caso del centro de estudios Tecnol\u00f3gicos Industrial y de Servicios No 3. Jose Maria de Coss. Villa de Tamazulapam del Progreso, Oaxaca. Fecha de egreso 19 de marzo del 2022<\/p>\n\n\n\n<p>Hern\u00e1ndez Hern\u00e1ndez Rebeca, An\u00e1lisis del emprendimiento social en el bienestar de los productores de amaranto: Valles Centrales y Sierra Sur de Oaxaca. 2007-2019, Doctorado en Ciencias en Desarrollo Regional y Tecnol\u00f3gico, Fecha de egreso: 22 de enero del 2021 <\/p>\n\n\n\n<p>Mart\u00ednez Diaz Lizbeth, La Danza de los diablos como parte del patrimonio biocultural de los afrodescendientes de Collantes, Pinotepa Nacional, Oaxaca. Maestr\u00eda en Ciencias en Desarrollo Regional y Tecnol\u00f3gico <\/p>\n\n\n\n<p>Mej\u00eda Ram\u00edrez M\u00f3nica Leticia, El mercado tradicional de la tlayuda, estudio de caso: San Agust\u00edn de las Juntas, Maestr\u00eda en Ciencias en Desarrollo Regional y Tecnol\u00f3gico. Fecha de egreso. 25 de junio de 2018 <\/p>\n\n\n\n<p>Ram\u00edrez Mijangos Erika Adriana, Importancia de las empresas sociales rurales en la conservaci\u00f3n del patrimonio biocultural de Asunci\u00f3n Nochixtlan, Oaxaca. CEDICAM Estudio de caso. Maestr\u00eda en Ciencias en Desarrollo Regional y Tecnol\u00f3gico.<\/p>\n\n\n\n<p>Molina S\u00e1nchez Isidra. Proceso productivo tradicional del pinole elaborado con ma\u00edz nativo y la incidencia del desarrollo local en San Vicente Lachixio, Oaxaca. Maestr\u00eda en Ciencias en Desarrollo Regional y Tecnol\u00f3gico. Fecha de egreso<\/p>\n","protected":false},"excerpt":{"rendered":"<p>Asesora de Tesis Externas Aquino Hern\u00e1ndez Perla Viridiana, La Gesti\u00f3n Municipal de los fondos FAIS Y FORTAMUN y su efecto en el \u00cdndice de Desarrollo Municipal, b\u00e1sico del distrito de Etla, 2019-2023 , Doctorado en Ciencias en Desarrollo Regional y Tecnol\u00f3gico. Fecha de graduaci\u00f3n: 27 de noviembre de 2023 Luna Fuentes Armando, Asociatividad y desarrollo [&hellip;]<\/p>\n","protected":false},"author":83,"featured_media":0,"parent":0,"menu_order":0,"comment_status":"closed","ping_status":"closed","template":"","meta":{"_swt_meta_header_display":false,"_swt_meta_footer_display":false,"_swt_meta_site_title_display":false,"_swt_meta_sticky_header":false,"_swt_meta_transparent_header":false,"footnotes":""},"class_list":["post-13","page","type-page","status-publish","hentry"],"_links":{"self":[{"href":"https:\/\/web.ciidiroaxaca.ipn.mx\/ccruzca\/wp-json\/wp\/v2\/pages\/13","targetHints":{"allow":["GET"]}}],"collection":[{"href":"https:\/\/web.ciidiroaxaca.ipn.mx\/ccruzca\/wp-json\/wp\/v2\/pages"}],"about":[{"href":"https:\/\/web.ciidiroaxaca.ipn.mx\/ccruzca\/wp-json\/wp\/v2\/types\/page"}],"author":[{"embeddable":true,"href":"https:\/\/web.ciidiroaxaca.ipn.mx\/ccruzca\/wp-json\/wp\/v2\/users\/83"}],"replies":[{"embeddable":true,"href":"https:\/\/web.ciidiroaxaca.ipn.mx\/ccruzca\/wp-json\/wp\/v2\/comments?post=13"}],"version-history":[{"count":4,"href":"https:\/\/web.ciidiroaxaca.ipn.mx\/ccruzca\/wp-json\/wp\/v2\/pages\/13\/revisions"}],"predecessor-version":[{"id":38,"href":"https:\/\/web.ciidiroaxaca.ipn.mx\/ccruzca\/wp-json\/wp\/v2\/pages\/13\/revisions\/38"}],"wp:attachment":[{"href":"https:\/\/web.ciidiroaxaca.ipn.mx\/ccruzca\/wp-json\/wp\/v2\/media?parent=13"}],"curies":[{"name":"wp","href":"https:\/\/api.w.org\/{rel}","templated":true}]}}