{"id":11,"date":"2025-11-25T21:18:30","date_gmt":"2025-11-25T20:18:30","guid":{"rendered":"https:\/\/web.ciidiroaxaca.ipn.mx\/ccruzca\/?page_id=11"},"modified":"2025-12-07T02:30:38","modified_gmt":"2025-12-07T08:30:38","slug":"proyectos-de-investigacion","status":"publish","type":"page","link":"https:\/\/web.ciidiroaxaca.ipn.mx\/ccruzca\/proyectos-de-investigacion\/","title":{"rendered":"Proyectos de Investigaci\u00f3n"},"content":{"rendered":"\n<p>\u201cEstrategias competitivas para el desarrollo de cadenas de valor en el municipio de Santa Mar\u00eda Huazolotitl\u00e1n, Oaxaca, desde el enfoque de soberan\u00eda alimentaria y turismo ind\u00edgena\u201d. Financiamiento SECIHTI, Convocatoria: Proyectos de Investigaci\u00f3n Cient\u00edfica y Human\u00edstica en Ejes Estrat\u00e9gicos 2025. CLAVE SIP-2025-RE\/054<\/p>\n\n\n\n<p>\u201cEl Programa  Sembrando Vida y su incidencia en el  empoderamiento de las mujeres para el desarrollo local bajo el enfoque del Buen vivir. <\/p>\n\n\n\n<p><\/p>\n\n\n\n<p><\/p>\n","protected":false},"excerpt":{"rendered":"<p>\u201cEstrategias competitivas para el desarrollo de cadenas de valor en el municipio de Santa Mar\u00eda Huazolotitl\u00e1n, Oaxaca, desde el enfoque de soberan\u00eda alimentaria y turismo ind\u00edgena\u201d. Financiamiento SECIHTI, Convocatoria: Proyectos de Investigaci\u00f3n Cient\u00edfica y Human\u00edstica en Ejes Estrat\u00e9gicos 2025. CLAVE SIP-2025-RE\/054 \u201cEl Programa Sembrando Vida y su incidencia en el empoderamiento de las mujeres para [&hellip;]<\/p>\n","protected":false},"author":83,"featured_media":0,"parent":0,"menu_order":0,"comment_status":"closed","ping_status":"closed","template":"","meta":{"_swt_meta_header_display":false,"_swt_meta_footer_display":false,"_swt_meta_site_title_display":false,"_swt_meta_sticky_header":false,"_swt_meta_transparent_header":false,"footnotes":""},"class_list":["post-11","page","type-page","status-publish","hentry"],"_links":{"self":[{"href":"https:\/\/web.ciidiroaxaca.ipn.mx\/ccruzca\/wp-json\/wp\/v2\/pages\/11","targetHints":{"allow":["GET"]}}],"collection":[{"href":"https:\/\/web.ciidiroaxaca.ipn.mx\/ccruzca\/wp-json\/wp\/v2\/pages"}],"about":[{"href":"https:\/\/web.ciidiroaxaca.ipn.mx\/ccruzca\/wp-json\/wp\/v2\/types\/page"}],"author":[{"embeddable":true,"href":"https:\/\/web.ciidiroaxaca.ipn.mx\/ccruzca\/wp-json\/wp\/v2\/users\/83"}],"replies":[{"embeddable":true,"href":"https:\/\/web.ciidiroaxaca.ipn.mx\/ccruzca\/wp-json\/wp\/v2\/comments?post=11"}],"version-history":[{"count":4,"href":"https:\/\/web.ciidiroaxaca.ipn.mx\/ccruzca\/wp-json\/wp\/v2\/pages\/11\/revisions"}],"predecessor-version":[{"id":36,"href":"https:\/\/web.ciidiroaxaca.ipn.mx\/ccruzca\/wp-json\/wp\/v2\/pages\/11\/revisions\/36"}],"wp:attachment":[{"href":"https:\/\/web.ciidiroaxaca.ipn.mx\/ccruzca\/wp-json\/wp\/v2\/media?parent=11"}],"curies":[{"name":"wp","href":"https:\/\/api.w.org\/{rel}","templated":true}]}}