{"id":9,"date":"2023-05-18T19:30:37","date_gmt":"2023-05-18T19:30:37","guid":{"rendered":"https:\/\/web.ciidiroaxaca.ipn.mx\/bzaraten\/actividades-academicas\/"},"modified":"2025-10-13T17:50:19","modified_gmt":"2025-10-13T17:50:19","slug":"actividades-academicas","status":"publish","type":"page","link":"https:\/\/web.ciidiroaxaca.ipn.mx\/bzaraten\/actividades-academicas\/","title":{"rendered":"Actividades acad\u00e9micas"},"content":{"rendered":"\n<p>Participaci\u00f3n como profesor invitado para la impartici\u00f3n de clase de fruticultura en el Instituto Tecnol\u00f3gico del Valle de Oaxaca, M\u00e9xico.<br>Participaci\u00f3n en las asignaturas de fruticultura, edafologia y propagaci\u00f3n de vegetales, Posgrado CIIDIR OAXACA.<br>Impartici\u00f3n de cursos de prop\u00f3sito espec\u00edfico a comunidades e instituciones educativas en temas de poda e injerto de \u00e1rboles frutales, propagaci\u00f3n de especies frut\u00edcolas y en cultivos de tomate, frutillas (zarzamora, ar\u00e1ndano, fresa y frambuesa), durazno, manzano, ciruela, chabacano, aguacate, c\u00edtricos (naranja y lim\u00f3n) y especies ornamentales en sustratos.<\/p>\n\n\n\n<h2 class=\"wp-block-heading\"><strong>Trabajos de investigaci\u00f3n en congresos<\/strong><\/h2>\n\n\n\n<ul class=\"wp-block-list\">\n<li>Monitoreo, Seguimiento y Correcci\u00f3n de pH y CE en la Producci\u00f3n de Tomate (<em>Solanum Lycopersicum<\/em> L). 10a Congreso Internacional Virtual de Innovaci\u00f3n, Tecnolog\u00eda y Educaci\u00f3n (CIVITEC). Seguridad Alimentaria y Promoci\u00f3n de Agricultura Sostenible 2022.<\/li>\n\n\n\n<li>Manejo semiorg\u00e1nico del cultivo de ar\u00e1ndano (Vaccinium corymbosum L.) en Nochixtl\u00e1n, Oaxaca. <strong>Baldomero Hortencio Z\u00e1rate Nicol\u00e1s<\/strong>, Melvin Gumercindo Franco Carrillo, Reyna Mar\u00eda de los \u00c1ngeles G\u00e1mez Hern\u00e1ndez. Congreso Nacional y I Congreso Internacional en Ciencias Ambientales. Organizado por la Direcci\u00f3n de Investigaci\u00f3n Universitaria, la Direcci\u00f3n de Postgrados, la Facultad de Ciencias Agropecuarias y el programa Maestr\u00eda en Ciencias Ambientales Sede Fusagasug\u00e1, dentro de\u00a0las actividades de Investigaci\u00f3n; realizado el 6 y 7 de Noviembre de 2020.<\/li>\n\n\n\n<li>Manejo semiorg\u00e1nico del cultivo de zarzamora (Rubus spp.) <strong>Baldomero Hortencio Z\u00e1rate<\/strong> Nicol\u00e1s, \u00c9dgar Cruz Jainado, Reyna Mar\u00eda de los \u00c1ngeles G\u00e1mez Hern\u00e1ndez. Congreso Nacional y I Congreso Internacional en Ciencias Ambientales. Organizado por la Direcci\u00f3n de Investigaci\u00f3n Universitaria, la Direcci\u00f3n de Postgrados, la Facultad de Ciencias Agropecuarias y el programa Maestr\u00eda en Ciencias Ambientales Sede Fusagasug\u00e1, dentro de las actividades de Investigaci\u00f3n; realizado el 6 y 7 de Noviembre de 2020.<\/li>\n\n\n\n<li>Sociedad Multidisciplinaria en Ciencias Agron\u00f3micas Aplicadas y Biotecnolog\u00eda A.C.<br>Ciencias Agron\u00f3micas Aplicadas y Biotecnolog\u00eda. 2019<br>Extractos f\u00fangicos para el control de mosquitos vectores de enfermedades.<br>Jos\u00e9 Abimael Campos-Ruiz, Rafael P\u00e9rez-Pacheco, <strong>Baldomero Zarate-Nicolas, <\/strong>Brenda\u00a0Jazm\u00edn Nolasco-P\u00e9rez, Carlos Granados-Echegoyen.<\/li>\n\n\n\n<li><strong>Baldomero H. Z\u00e1rate Nicol\u00e1s, et al<\/strong>. Monitoreo remoto de humedad del suelo mediante sensores inal\u00e1mbricos para el cultivo de la zarzamora. Congreso Internacional Virtual de Innovaci\u00f3n Tecnolog\u00eda y Educaci\u00f3n. CIVITEC 2018. ISBN: 978-607-96314-4-4 Online<\/li>\n\n\n\n<li><strong>X JORNADAS POLIT\u00c9CNICAS DE INVESTIGACI\u00d3N 2017<\/strong>. 17-19 de mayo. \u201cIdentificaci\u00f3n, monitoreo y control de plagas y enfermedades en jitomate (<em>Solanum Iycopersicum<\/em> L.) cultivado en invernadero, en la mixteca alta de Oaxaca\u201d. Baldomero H. Z\u00e1rate Nicol\u00e1s, Vel\u00e1squez Rosales Juan F., Arellanes Ju\u00e1rez N., Benito Bautista P, Alonso Guti\u00e9rrez G. A., V\u00e1squez L\u00f3pez A.<\/li>\n\n\n\n<li><strong>Foro Divulgaci\u00f3n y Transferencia a productores de innovaciones tecnol\u00f3gicas existentes en instituciones de ense\u00f1anza e investigaci\u00f3n. 11 de marzo 2017.<\/strong> \u201cCultivo de ar\u00e1ndano como nuevas alternativas de producci\u00f3n agr\u00edcola en Oaxaca\u201d. Baldomero H. Z\u00e1rate Nicol\u00e1s.<\/li>\n\n\n\n<li><strong>XI INTERNATIONAL VACCINIUM SYMPOSIUM. Abril 10-14 de 2016 Orlando Florida.<\/strong> Solar Dehydration of Blueberries (Vaccinuim corymbosum L.). Prof. Nelly Arellanes Ju\u00e1rez, Dr. Predo Benito Bautista, Prof. Amado Poblano V\u00e1squez, Dr. Mar\u00eda Eufemia P\u00e9rez Flores, <strong>Dr. Baldomero Z\u00e1rate Nicol\u00e1s<\/strong> y Prof. Manuel Gerardo Alonso Guti\u00e9rrez.<\/li>\n\n\n\n<li><strong>XI INTERNATIONAL VACCINIUM SYMPOSIUM. Abril 10-14 de 2016 Orlando Florida. <\/strong>Physical and chemical characterization of pine bark for the production of blue Berry (Vacinium corymbosum L ) in containers. Dr. Baldomero H Zarate Nicolas, Ms. Manuel Gerardo Alonso Gutierrez, Dr. Pedro Benito Bautista, Ms. Nelly Arellanes Juarez, H, Dr. Alfonso V\u00e1squez L\u00f3pez, y Ms. Valentin J Morales Dominguez.<\/li>\n\n\n\n<li>Nelly Arellanes Ju\u00e1rez, Pedro Benito Bautista, Alfonso V\u00e1squez L\u00f3pez y <strong>Baldomero Z\u00e1rate Nicol\u00e1s.<\/strong> Efecto de aceites esenciales sobre antracnosis de mango (Mangifera indica L.) ataulfo es poscocecha. VIII Congreso nacional y I congreso internacional agroindustrial, alimentario y biotecnol\u00f3gico 2014. Universidad de los Valles Centrales de Oaxaca.<\/li>\n<\/ul>\n\n\n\n<h2 class=\"wp-block-heading\"><strong>Cap\u00edtulos de libro<\/strong><\/h2>\n\n\n\n<p><strong>Libro: Gesti\u00f3n integral de pr\u00e1cticas innovadoras 1ra Edici\u00f3n<\/strong><br>Remedios Aguilar Santelises, Rufina Garc\u00eda, <strong>Baldomero Hortencio Z\u00e1rate Nicol\u00e1s.<\/strong> 2019. El G\u00e9nero Rubus en Oaxaca, M\u00e9xico. ISBN: 978-607-8705-07-8<\/p>\n\n\n\n<p>Espinoza N\u00e1jera Carlos, Belmonte Jim\u00e9nez Salvador I., <strong>Z\u00e1rate Nicol\u00e1s Baldomero H.<\/strong> 2019. El Manejo de Residuos Peligrosos Generados en los Laboratorios de las Escuelas a Nivel Medio Superior y Superior en el Estado de Oaxaca. ISBN: 978-607-8705-07-8<\/p>\n\n\n\n<p>Alonso Guti\u00e9rrez Manuel Gerardo,<strong> Z\u00e1rate Nicol\u00e1s Baldomero Hortencio,<\/strong> Morales Garc\u00eda Isidro. 2019. Consideraciones del Desarrollo Sustentable para el Cultivo de la Zarzamora Silvestre en la Sierra Norte del Estado de Oaxaca. ISBN: 978-607-8705-07-8<br>&nbsp;<\/p>\n\n\n\n<p><strong>Libro: La tecnolog\u00eda y la gesti\u00f3n de la innovaci\u00f3n como fuente de competitividad.<br>Elementos generadores de ventaja competitiva.<\/strong><br><strong>Z\u00e1rate Nicol\u00e1s Baldomero H.<\/strong>, Morales Dom\u00ednguez Valent\u00edn J, Ortiz Guzm\u00e1n Margarito. 2015. Dise\u00f1o de sustratos de bagazo de maguey y aplicaci\u00f3n de normas europeas para establecer criterios de riego. Tijuana Baja California, M\u00e9xico. ISBN: 978-607-8360-50-5.<br>&nbsp;<\/p>\n\n\n\n<p><strong>Z\u00e1rate Nicol\u00e1s Baldomero H.<\/strong>, Ortiz Hern\u00e1ndez F. E, Masaguer Rodr\u00edguez A. 2015. Valoraci\u00f3n f\u00edsica de sustratos de corteza de pino utilizando m\u00e9todos estandarizados UNE- EN para definir contenedor y criterios de riego. Tijuana Baja California, M\u00e9xico. ISBN: 978-607-8360-50-5.<\/p>\n\n\n\n<p>Alonso Guti\u00e9rrez Manuel Gerardo, <strong>Z\u00e1rate Nicol\u00e1s Baldomero<\/strong>, Amado Poblano V\u00e1squez. 2015. La administraci\u00f3n sustentable del agua, como pol\u00edtica p\u00fablica, ante el cambio clim\u00e1tico. Tijuana Baja California, M\u00e9xico. ISBN: 978-607-8360-50-5.<br>&nbsp;<\/p>\n\n\n\n<p><strong>Z\u00e1rate Nicol\u00e1s Baldomero H.<\/strong>, Alonso Guti\u00e9rrez M.G, Escamirosa Tinoco C. 2015. Evaluaci\u00f3n de mezclas de sustratos eco-compatibles para el cultivo de tomate en contenedor en Oaxaca (M\u00e9xico). Tijuana Baja California, M\u00e9xico. ISBN: 978-607-8360-50-5.<\/p>\n\n\n\n<p>Ortiz Guzm\u00e1n Margarito, Morales Dom\u00ednguez Valent\u00edn J., <strong>Z\u00e1rate Nicol\u00e1s Baldomero H.<\/strong> 2015. El empleo del ferrocemento en la construcci\u00f3n de presas para retenci\u00f3n de agua de lluvia para uso pisc\u00edcola. Tijuana Baja California, M\u00e9xico. ISBN: 978-607-8360-50-5.<br>&nbsp;<\/p>\n\n\n\n<p><strong>Libro: Avances en la Investigaci\u00f3n sobre Compost. Materias primas, procesos, calidad y usos.<\/strong><br>Masaguer, Alberto; Vidal, Lucia; G\u00f3mez-Miguel, Vicente y<strong> Z\u00e1rate, Baldomero. 2014<\/strong>. Aplicaci\u00f3n de SIG en la gesti\u00f3n de residuos agr\u00edcolas y forestales en el estado de Oaxaca (M\u00e9xico). En Avances en la Investigaci\u00f3n sobre Compost. Materias primas, procesos, calidad y usos. Santiago de Compostela ISBN: 978-84-695-3503-5.<br>&nbsp;<\/p>\n\n\n\n<p><strong>Libro: Compostaje de residuos org\u00e1nicos y seguridad medioambiental.<\/strong><br>Masaguer, <strong>B. H. Z\u00e1rate, <\/strong>A. M. Aramendia y D.L. Guzm\u00e1n. Compostaje de residuos org\u00e1nicos y seguridad medioambiental. Universidad de Burgos 2011. Compostaje de residuos de maguey para sustratos de cultivo y conservaci\u00f3n de suelos.<br>&nbsp;<\/p>\n\n\n\n<p><strong>Libro: La Gesti\u00f3n del Conocimiento.<\/strong><br>Paradigma Cognitivo y Modelo de Procesamiento de Informaci\u00f3n en Entornos Globalizados y Multidisciplinarios.<\/p>\n\n\n\n<p>Alonso Guti\u00e9rrez Manuel Gerardo, <strong>Z\u00e1rate Nicol\u00e1s Baldomero<\/strong> y Morales Dom\u00ednguez Valent\u00edn. Dise\u00f1o de un Sistema de Riego Sustentable para la Producci\u00f3n de Ar\u00e1ndano (Vaccinium Corymbosum L) en Regiones del Estado de Oaxaca.<br>&nbsp;<\/p>\n\n\n\n<p><strong>Z\u00e1rate Nicol\u00e1s Baldomero H,<\/strong> Garc\u00eda Salinas J.A. Morales Dom\u00ednguez Valent\u00edn J. Nutrici\u00f3n de un huerto de ar\u00e1ndano (Vaccinium corymbosum L.) en Oaxaca.<br><strong>Libro: Agricultura sostenible<br>Por la tierra por la vida<\/strong><br>ISBN: 978-607-715-390-0<\/p>\n\n\n\n<h2 class=\"wp-block-heading\"><strong>Manuales para comunidades<\/strong><\/h2>\n\n\n\n<ul class=\"wp-block-list\">\n<li>Manual cultivo del rosal en invernadero<\/li>\n\n\n\n<li>Manual para el cultivo de clavel en Invernadero<\/li>\n\n\n\n<li>Manual de sustratos de cultivo<\/li>\n\n\n\n<li>Manual para el cultivo de lisianthus para flor cortada<\/li>\n\n\n\n<li>Manual para la producci\u00f3n de gerbera en condiciones de invernadero fertirriego<\/li>\n\n\n\n<li>Manual de Sustratos compatibles para la Producci\u00f3n de ar\u00e1ndano Hidrop\u00f3nico<\/li>\n\n\n\n<li>Manual del cultivo de Ar\u00e1ndano<\/li>\n\n\n\n<li>Manual de riego sustentable para la agricultura protegida<\/li>\n\n\n\n<li>Manual para t\u00e9cnicas para el aumento de la productividad en empresa rural<\/li>\n\n\n\n<li>Manual de poda de \u00e1rboles frutales<\/li>\n\n\n\n<li>Manual de potencialidades frut\u00edcolas<\/li>\n\n\n\n<li>Manual de compostaje, control biol\u00f3gico y preparaci\u00f3n de insumos org\u00e1nicos<\/li>\n\n\n\n<li>Manual del manejo integral del cultivo del aguacate<\/li>\n<\/ul>\n","protected":false},"excerpt":{"rendered":"<p>Participaci\u00f3n como profesor invitado para la impartici\u00f3n de clase de fruticultura en el Instituto Tecnol\u00f3gico del Valle de Oaxaca, M\u00e9xico.Participaci\u00f3n en las asignaturas de fruticultura, edafologia y propagaci\u00f3n de vegetales, Posgrado CIIDIR OAXACA.Impartici\u00f3n de cursos de prop\u00f3sito espec\u00edfico a comunidades e instituciones educativas en temas de poda e injerto de \u00e1rboles frutales, propagaci\u00f3n de especies [&hellip;]<\/p>\n","protected":false},"author":61,"featured_media":0,"parent":0,"menu_order":0,"comment_status":"closed","ping_status":"closed","template":"","meta":{"_swt_meta_header_display":false,"_swt_meta_footer_display":false,"_swt_meta_site_title_display":false,"_swt_meta_sticky_header":false,"_swt_meta_transparent_header":false,"footnotes":""},"class_list":["post-9","page","type-page","status-publish","hentry"],"_links":{"self":[{"href":"https:\/\/web.ciidiroaxaca.ipn.mx\/bzaraten\/wp-json\/wp\/v2\/pages\/9","targetHints":{"allow":["GET"]}}],"collection":[{"href":"https:\/\/web.ciidiroaxaca.ipn.mx\/bzaraten\/wp-json\/wp\/v2\/pages"}],"about":[{"href":"https:\/\/web.ciidiroaxaca.ipn.mx\/bzaraten\/wp-json\/wp\/v2\/types\/page"}],"author":[{"embeddable":true,"href":"https:\/\/web.ciidiroaxaca.ipn.mx\/bzaraten\/wp-json\/wp\/v2\/users\/61"}],"replies":[{"embeddable":true,"href":"https:\/\/web.ciidiroaxaca.ipn.mx\/bzaraten\/wp-json\/wp\/v2\/comments?post=9"}],"version-history":[{"count":4,"href":"https:\/\/web.ciidiroaxaca.ipn.mx\/bzaraten\/wp-json\/wp\/v2\/pages\/9\/revisions"}],"predecessor-version":[{"id":58,"href":"https:\/\/web.ciidiroaxaca.ipn.mx\/bzaraten\/wp-json\/wp\/v2\/pages\/9\/revisions\/58"}],"wp:attachment":[{"href":"https:\/\/web.ciidiroaxaca.ipn.mx\/bzaraten\/wp-json\/wp\/v2\/media?parent=9"}],"curies":[{"name":"wp","href":"https:\/\/api.w.org\/{rel}","templated":true}]}}