{"id":8,"date":"2023-05-18T19:28:43","date_gmt":"2023-05-18T19:28:43","guid":{"rendered":"https:\/\/web.ciidiroaxaca.ipn.mx\/bzaraten\/tesis\/"},"modified":"2025-10-22T12:35:25","modified_gmt":"2025-10-22T18:35:25","slug":"tesis","status":"publish","type":"page","link":"https:\/\/web.ciidiroaxaca.ipn.mx\/bzaraten\/tesis\/","title":{"rendered":"Tesis"},"content":{"rendered":"\n<h2 class=\"wp-block-heading\"><strong>Direcci\u00f3n de tesis .<\/strong><\/h2>\n\n\n\n<ul class=\"wp-block-list\">\n<li><strong>2025<\/strong>\n<ul class=\"wp-block-list\">\n<li><strong>DIRECCI\u00d3N DE TESIS.<\/strong>\u00a0\u00abEvaluaci\u00f3n de reguladores del crecimiento vegetal y sustratos en agaves silvestres\u00bb. Sustentante: Bail\u00f3n Ortiz \u00c1lvaro Zuriel. (16 de julio de 2025)<\/li>\n<\/ul>\n<\/li>\n\n\n\n<li><strong>2022<\/strong>\n<ul class=\"wp-block-list\">\n<li><strong>27 de abril de 2022<\/strong>&nbsp;&#8211; CONSTANCIA del CIIDIR Oaxaca, IPN. Por dirigir a Mar\u00eda Guadalupe Trujillo Cruz, alumna de la carrera de Licenciatura en Ingenier\u00eda en Desarrollo Comunitario del Instituto Tecnol\u00f3gico del Valle de Oaxaca, en la realizaci\u00f3n de su Tesis Profesional.<\/li>\n\n\n\n<li><strong>2021<\/strong><\/li>\n\n\n\n<li><strong>20 de diciembre de 2021<\/strong>&nbsp;&#8211; CONSTANCIA del CIIDIR Oaxaca, IPN. Por dirigir a Bravo Soriano Levi, alumno de la carrera de Ingenier\u00eda en Desarrollo Comunitario del Instituto Tecnol\u00f3gico del Valle de Etla, en la realizaci\u00f3n de su Tesis Profesional.<\/li>\n\n\n\n<li><strong>17 de diciembre de 2021<\/strong>&nbsp;&#8211; CONSTANCIA del CIIDIR Oaxaca, IPN. Por dirigir a Reny Flores Ram\u00edrez, alumno de la carrera de Ingenier\u00eda en Desarrollo Comunitario del Instituto Tecnol\u00f3gico del Valle de Etla, en la realizaci\u00f3n de su Tesis Profesional.<\/li>\n\n\n\n<li><strong>Diciembre 2021<\/strong>&nbsp;&#8211; DIRECCI\u00d3N DE TESIS. \u00abPr\u00e1cticas de manejo y evaluaci\u00f3n de variedades de tomate (Solanum lycopersicum L) en cultivo semihidrop\u00f3nico bajo condiciones de agricultura protegida\u00bb. Sustentante: Mar\u00eda Dolores Alvarado.<\/li>\n\n\n\n<li><strong>Noviembre 2021<\/strong>&nbsp;&#8211; DIRECCI\u00d3N DE TESIS. \u00abEfecto del origen de semillas de aguacate criollo en relaci\u00f3n al porcentaje de germinaci\u00f3n, crecimiento y desarrollo de la pl\u00e1ntula\u00bb. Sustentante: Reny Flores Sanchez.<\/li>\n\n\n\n<li><strong>Octubre 2021<\/strong>&nbsp;&#8211; DIRECCI\u00d3N DE TESIS. \u00abProducci\u00f3n sustentable de tres variedades de fresa (Fragaria sp.) en un sistema semi hidrop\u00f3nico vertical, bajo condiciones de invernadero\u00bb. Sustentante: Levi Bravo Soriano.<\/li>\n\n\n\n<li><strong>28 de septiembre de 2021<\/strong>&nbsp;&#8211; CONSTANCIA del CIIDIR Oaxaca, IPN. Por dirigir a Mar\u00eda Dolores Alvarado Cortes, alumna de la carrera de Licenciatura en Ingenier\u00eda en Desarrollo Comunitario del Instituto Tecnol\u00f3gico del Valle de Oaxaca, en la realizaci\u00f3n de su Tesis Profesional.<\/li>\n\n\n\n<li><strong>17 de julio de 2021<\/strong>&nbsp;&#8211; CONSTANCIA del CIIDIR Oaxaca, IPN. Por dirigir a Fabiola Gonz\u00e1lez Arango, alumna de la licenciatura de Ingenier\u00eda en Desarrollo Comunitario del Instituto Tecnol\u00f3gico del Valle de Oaxaca, en la realizaci\u00f3n de su Tesis Profesional.<\/li>\n\n\n\n<li><strong>Junio 2021<\/strong>&nbsp;&#8211; DIRECCI\u00d3N DE TESIS. \u00abPr\u00e1cticas de manejo y su efecto en el crecimiento en producci\u00f3n de tomate (Solanum lycopersicum L) en sustratos con soluci\u00f3n nutritiva bajo condiciones de invernadero\u00bb. Sustentante: Fabiola Gonzalez Arango.<\/li>\n\n\n\n<li><strong>28 de junio de 2021<\/strong>&nbsp;&#8211; CONSTANCIA del CIIDIR Oaxaca, IPN. Por dirigir a Fabiola Gonzalez Arango, alumna de la carrera de Licenciatura en Ingenier\u00eda en Desarrollo Comunitario del Instituto Tecnol\u00f3gico del Valle de Oaxaca, en la realizaci\u00f3n de su Tesis Profesional.<\/li>\n\n\n\n<li><strong>2020<\/strong><\/li>\n\n\n\n<li><strong>Mayo 2020<\/strong>&nbsp;&#8211; DIRECCI\u00d3N DE TESIS. \u00abM\u00e9todos de propagaci\u00f3n en zarzamora (Rubus spp) una alternativa para producci\u00f3n de planta para el establecimiento de huertos en la Mixteca alta de Oaxaca\u00bb. Sustentante: Mar\u00eda Guadalupe Cruz Trujillo.<\/li>\n\n\n\n<li><strong>2019<\/strong><\/li>\n\n\n\n<li><strong>2019<\/strong>&nbsp;&#8211; DIRECCI\u00d3N DE TESIS. \u00abManejo convencional y semi-org\u00e1nico del cultivo de zarzamora (Rubus sp) en Asunci\u00f3n Nochixtlan Oaxaca\u00bb. Sustentante: Edgar Cruz Jainado.<\/li>\n\n\n\n<li><strong>2019<\/strong>&nbsp;&#8211; DIRECCI\u00d3N DE TESIS. \u00abManejo convencional y semi-org\u00e1nico del cultivo de ar\u00e1ndano (Vaccinium corymbosum L) en Asunci\u00f3n Nochixtlan Oaxaca\u00bb. Sustentante: Melvin Gumerciendo Carrillo Franco.<\/li>\n\n\n\n<li><strong>2019<\/strong>&nbsp;&#8211; DIRECCI\u00d3N DE TESIS. \u00abEvaluar el efecto de sustratos eco-compatibles de corteza de pino en el cultivo del ar\u00e1ndano (Vaccinium corymbosum L)\u00bb. Sustentante: Baltazar Ulises Mart\u00ednez Aguirre.<\/li>\n\n\n\n<li><strong>2019<\/strong>&nbsp;&#8211; DIRECCI\u00d3N DE TESIS. \u00abEstablecimiento del cultivo del ar\u00e1ndano (Vaccinium corymbosum L) en diferentes tama\u00f1os de contenedor en los Valles Centrales de Oaxaca\u00bb. Sustentante: Nasheli Janeth Santiago G\u00f3mez.<\/li>\n\n\n\n<li><strong>2019<\/strong>&nbsp;&#8211; DIRECCI\u00d3N DE TESIS. \u00abEfecto del pH en la soluci\u00f3n nutritiva en el crecimiento y desarrollo de la zarzamora (Rubus sp) en la Mixteca Alta de Oaxaca\u00bb. Sustentante: Carlos Omar Antonio Buenrostro.<\/li>\n\n\n\n<li><strong>2019<\/strong>&nbsp;&#8211; DIRECCI\u00d3N DE TESIS. \u00abDescripci\u00f3n del manejo agron\u00f3mico del cultivo del ar\u00e1ndano (Vaccinium corymbosum L) en San Miguel Etla Oaxaca\u00bb. Sustentante: Juan Pablo Pacheco Cruz.<\/li>\n\n\n\n<li><strong>2019<\/strong>&nbsp;&#8211; DIRECCI\u00d3N DE TESIS. \u00abEvaluaci\u00f3n del efecto del pH en el crecimiento de ar\u00e1ndano (Vaccinium corymbosum L) en el Valle de Etla\u00bb. Sustentante: Eduardo Hern\u00e1ndez P\u00e9rez.<\/li>\n\n\n\n<li><strong>2019<\/strong>&nbsp;&#8211; DIRECCI\u00d3N DE TESIS. \u00abManejo agron\u00f3mico del Cultivo del ar\u00e1ndano (Vaccinium corymbosum L) en la Sierra Norte de Oaxaca\u00bb. Sustentante: Anselmo Yescas Alav\u00e9s.<\/li>\n\n\n\n<li><strong>2019<\/strong>&nbsp;&#8211; DIRECCI\u00d3N DE TESIS. \u00abSustratos org\u00e1nicos forestales para la producci\u00f3n de ar\u00e1ndano (Vaccinium corymbosum L) en contenedor en los valles Centrales de Oaxaca\u00bb. Sustentante: Christian Omar Velasquez Rosales.<\/li>\n\n\n\n<li><strong>2018<\/strong><\/li>\n\n\n\n<li><strong>2018<\/strong>&nbsp;&#8211; DIRECCI\u00d3N DE TESIS. \u00abSustratos org\u00e1nicos forestales para la producci\u00f3n de ar\u00e1ndano (Vaccinium corymbosum L) en contenedor en los valles Centrales de Oaxaca\u00bb. Sustentante: Christian Omar Velasquez Rosales.<\/li>\n\n\n\n<li><strong>2016<\/strong><\/li>\n\n\n\n<li><strong>2016<\/strong>&nbsp;&#8211; DIRECCI\u00d3N DE TESIS. \u00abEvaluaci\u00f3n de variedades de ar\u00e1ndano (Vaccinium corymbosum L), bajo condiciones de agricultura protegida en la Mixteca de Oaxaca\u00bb. Sustentantes: Mar\u00eda Estela Garc\u00eda L\u00f3pez y Dalila Vicente Patricio.<\/li>\n\n\n\n<li><strong>Sin fecha espec\u00edfica<\/strong><\/li>\n\n\n\n<li>DIRECCI\u00d3N DE TESIS. \u00abElaboraci\u00f3n de un software interactivo: instalaci\u00f3n y manejo de viveros para la propagaci\u00f3n de especies frut\u00edcolas y forestales\u00bb. Sustentantes: Hypatia P\u00e9rez S\u00e1nchez y Marisol Rivero Mart\u00ednez.<\/li>\n\n\n\n<li>DIRECCI\u00d3N DE TESIS. \u00abProducci\u00f3n de tomate (Solanum lycopersicum L.) con diferentes sistemas de cultivo sin suelo en invernadero\u00bb. Sustentante: Juan El\u00edas Sabino L\u00f3pez.<\/li>\n\n\n\n<li>DIRECCI\u00d3N DE TESIS. \u00abEvaluaci\u00f3n de cuatro sustratos para la producci\u00f3n de tomate (Solanum lycopersicum L) en hidropon\u00eda bajo condiciones de invernadero\u00bb. Sustentante: Hermenegildo Cerqueda Reyes.<\/li>\n\n\n\n<li><strong>1998<\/strong><\/li>\n\n\n\n<li><strong>1998<\/strong>&nbsp;&#8211; DIRECCI\u00d3N DE TESIS. \u00abAdaptaci\u00f3n de pasto vetiver en Concepci\u00f3n Buenavista Coixtlahuaca, Oaxaca\u00bb. Sustentante: Mart\u00edn Francisco Mart\u00ednez Cuevas<\/li>\n<\/ul>\n<\/li>\n<\/ul>\n\n\n\n<h2 class=\"wp-block-heading\"><strong>Jurado de examen de posgrado .<\/strong><\/h2>\n\n\n\n<ul class=\"wp-block-list\">\n<li><strong>SECRETARIO DEL JURADO.<\/strong>\u00a0\u00abFertilizantes de liberaci\u00f3n lenta y micorrizas en Agave marmorata Roezl y Agave rhodacantha Trel. en condiciones de campo\u00bb. Sustentante: Mendoza Jim\u00e9nez Jes\u00fas. (19 de agosto de 2025)<\/li>\n<\/ul>\n\n\n\n<ul class=\"wp-block-list\">\n<li><strong>SECRETARIO DEL JURADO.<\/strong>\u00a0\u00abEficiencia de los metabolitos secundarios de plantas arom\u00e1ticas y hongos ascom\u00edctos como alternativas agroecol\u00f3gicas en el control de Scyphophorus acupunctatus (Curculionidae) y Ulonoides dermestoides (Tenebrionidae)\u00bb. Sustentante: Am\u00e1bilis S\u00e1nchez Manuel Jes\u00fas. (21 de agosto de 2025)<\/li>\n<\/ul>\n\n\n\n<ul class=\"wp-block-list\">\n<li><strong>SECRETARIO DEL JURADO.<\/strong>\u00a0\u00abEtiolog\u00eda de la secadera de fresa var. Douglas y efecto in vitro de extractos ricos en alcaloides sobre el pat\u00f3geno\u00bb. Sustentante: Blanco Hern\u00e1ndez Carlos Alberto. (20 de agosto de 2025)<\/li>\n<\/ul>\n\n\n\n<ul class=\"wp-block-list\">\n<li><strong>SECRETARIO DEL JURADO.<\/strong>\u00a0\u00abProcesos agroecol\u00f3gicos y calidad del suelo en las unidades de producci\u00f3n de tomate de San Pablo Huitzo, Oaxaca\u00bb. Sustentante: Cruz L\u00f3pez Vianil. (07 de febrero de 2024)<\/li>\n<\/ul>\n\n\n\n<p><\/p>\n","protected":false},"excerpt":{"rendered":"<p>Direcci\u00f3n de tesis . Jurado de examen de posgrado .<\/p>\n","protected":false},"author":61,"featured_media":0,"parent":0,"menu_order":0,"comment_status":"closed","ping_status":"closed","template":"","meta":{"_swt_meta_header_display":false,"_swt_meta_footer_display":false,"_swt_meta_site_title_display":false,"_swt_meta_sticky_header":false,"_swt_meta_transparent_header":false,"footnotes":""},"class_list":["post-8","page","type-page","status-publish","hentry"],"_links":{"self":[{"href":"https:\/\/web.ciidiroaxaca.ipn.mx\/bzaraten\/wp-json\/wp\/v2\/pages\/8","targetHints":{"allow":["GET"]}}],"collection":[{"href":"https:\/\/web.ciidiroaxaca.ipn.mx\/bzaraten\/wp-json\/wp\/v2\/pages"}],"about":[{"href":"https:\/\/web.ciidiroaxaca.ipn.mx\/bzaraten\/wp-json\/wp\/v2\/types\/page"}],"author":[{"embeddable":true,"href":"https:\/\/web.ciidiroaxaca.ipn.mx\/bzaraten\/wp-json\/wp\/v2\/users\/61"}],"replies":[{"embeddable":true,"href":"https:\/\/web.ciidiroaxaca.ipn.mx\/bzaraten\/wp-json\/wp\/v2\/comments?post=8"}],"version-history":[{"count":7,"href":"https:\/\/web.ciidiroaxaca.ipn.mx\/bzaraten\/wp-json\/wp\/v2\/pages\/8\/revisions"}],"predecessor-version":[{"id":69,"href":"https:\/\/web.ciidiroaxaca.ipn.mx\/bzaraten\/wp-json\/wp\/v2\/pages\/8\/revisions\/69"}],"wp:attachment":[{"href":"https:\/\/web.ciidiroaxaca.ipn.mx\/bzaraten\/wp-json\/wp\/v2\/media?parent=8"}],"curies":[{"name":"wp","href":"https:\/\/api.w.org\/{rel}","templated":true}]}}