{"id":7,"date":"2023-05-18T19:27:22","date_gmt":"2023-05-18T19:27:22","guid":{"rendered":"https:\/\/web.ciidiroaxaca.ipn.mx\/bzaraten\/proyectos-de-investigacion\/"},"modified":"2025-10-22T11:09:22","modified_gmt":"2025-10-22T17:09:22","slug":"proyectos-de-investigacion","status":"publish","type":"page","link":"https:\/\/web.ciidiroaxaca.ipn.mx\/bzaraten\/proyectos-de-investigacion\/","title":{"rendered":"Proyectos de investigaci\u00f3n"},"content":{"rendered":"\n<h2 class=\"wp-block-heading\"><strong>Proyectos Institucionales<\/strong><\/h2>\n\n\n\n<p><strong>2025<\/strong><\/p>\n\n\n\n<ul class=\"wp-block-list\">\n<li><strong>\u201cGesti\u00f3n y aprovechamiento de residuos alimenticios para la producci\u00f3n de composta: Huertos agroecol\u00f3gicos y concientizaci\u00f3n comunitaria\u201d.<\/strong>\u00a0SIP:\u00a0<strong>20251114<\/strong>\u00a0(<strong>Director de proyecto<\/strong>).<\/li>\n<\/ul>\n\n\n\n<p><strong>2024<\/strong><\/p>\n\n\n\n<ul class=\"wp-block-list\">\n<li><strong>\u201cGesti\u00f3n de residuos s\u00f3lidos municipales (RSM) del mercado municipal de Santa Cruz Xoxocotlan, para su compostaje y utilizaci\u00f3n como mejoradores de suelos y sustratos de cultivo\u201d.<\/strong>\u00a0SIP:\u00a0<strong>20241814<\/strong>\u00a0(<strong>Director de proyecto<\/strong>).<\/li>\n<\/ul>\n\n\n\n<p><strong>2023<\/strong><\/p>\n\n\n\n<ul class=\"wp-block-list\">\n<li><strong>\u201cGesti\u00f3n de Residuos Municipales (RSM) del mercado municipal de Santa Cruz Xoxocotl\u00e1n, para su compostaje y reutilizaci\u00f3n como mejoradores de suelos y sustratos de cultivo\u201d.<\/strong>\u00a0SIP:\u00a0<strong>20232068<\/strong>\u00a0(<strong>Director del proyecto<\/strong>).<\/li>\n<\/ul>\n\n\n\n<p><strong>2022<\/strong><\/p>\n\n\n\n<ul class=\"wp-block-list\">\n<li><strong>\u201cFortalecimiento al sistema de producci\u00f3n de caf\u00e9 tradicional mediante la utilizaci\u00f3n de subproductos del beneficio h\u00famedo en municipios de alta marginaci\u00f3n de la Sierra Norte de Oaxaca\u201d.<\/strong>\u00a0SIP:\u00a0<strong>20221756<\/strong>\u00a0(<strong>Participante<\/strong>).<\/li>\n<\/ul>\n\n\n\n<p><strong>2021<\/strong><\/p>\n\n\n\n<ul class=\"wp-block-list\">\n<li><strong>\u201cAlternativas de manejo y aprovechamiento de chile de agua (Capsicum annum) producido en la regi\u00f3n de los valles centrales de Oaxaca\u201d.<\/strong>\u00a0SIP:\u00a0<strong>20211237<\/strong>\u00a0(<strong>Participante<\/strong>).<\/li>\n<\/ul>\n\n\n\n<p><strong>2020<\/strong><\/p>\n\n\n\n<ul class=\"wp-block-list\">\n<li><strong>\u201cAlternativas de manejo y aprovechamiento de chile de agua (Capsicum annum) producido en la regi\u00f3n de los valles centrales de Oaxaca\u201d.<\/strong>\u00a0SIP:\u00a0<strong>20202232<\/strong>\u00a0(<strong>Participante<\/strong>).<\/li>\n<\/ul>\n\n\n\n<p><strong>2019<\/strong><\/p>\n\n\n\n<ul class=\"wp-block-list\">\n<li><strong>\u201cCaracterizaci\u00f3n morfol\u00f3gica, geogr\u00e1fica y ambiental de especies silvestres de Zarzamora en la Sierra Norte de Oaxaca\u201d.<\/strong>\u00a0SIP:\u00a0<strong>20196726<\/strong>\u00a0(<strong>Director de proyecto<\/strong>).<\/li>\n<\/ul>\n\n\n\n<p><strong>2018<\/strong><\/p>\n\n\n\n<ul class=\"wp-block-list\">\n<li><strong>\u201cCaracterizaci\u00f3n morfol\u00f3gica, geogr\u00e1fica y ambiental de especies silvestres de Zarzamora en la Sierra Norte de Oaxaca\u201d.<\/strong>\u00a0SIP:\u00a0<strong>20181569<\/strong>\u00a0(<strong>Director de proyecto<\/strong>).<\/li>\n\n\n\n<li><strong>\u201cHomeop\u00e1ticos para el manejo del picudo Anthonomus eugenii y protecci\u00f3n de frutos en el cultivo de chile\u201d.<\/strong>\u00a0SIP:\u00a0<strong>20180805<\/strong>\u00a0(<strong>Participante<\/strong>).<\/li>\n\n\n\n<li><strong>\u201cBacterias fijadoras asimbi\u00f3ticas de nitr\u00f3geno en Agave potatorum Zucc.\u201d<\/strong>\u00a0SIP:\u00a0<strong>20180051<\/strong>\u00a0(<strong>Participante<\/strong>).<\/li>\n<\/ul>\n\n\n\n<p><strong>2017<\/strong><\/p>\n\n\n\n<ul class=\"wp-block-list\">\n<li><strong>\u201cEfecto del sustrato y pH en el crecimiento y producci\u00f3n en el cultivo del ar\u00e1ndano (Vaccinium corymbosum L), bajo condiciones de agricultura protegida\u201d.<\/strong>\u00a0SIP:\u00a0<strong>20172258<\/strong>\u00a0(<strong>Director de proyecto<\/strong>).<\/li>\n\n\n\n<li><strong>\u201cManejo del fruto de ar\u00e1ndano (Vaccinium corymbosum L.) en fresco, y desarrollo de productos con alto valor nutraceutico, para fortalecer la seguridad alimentaria en localidades marginadas de Oaxaca\u201d.<\/strong>\u00a0SIP:\u00a0<strong>20172271<\/strong>\u00a0(<strong>Participante<\/strong>).<\/li>\n\n\n\n<li><strong>\u201cBacterias promotoras del crecimiento vegetal en Agave potatorum Zucc.\u201d<\/strong>\u00a0SIP:\u00a0<strong>20171078<\/strong>\u00a0(<strong>Participante<\/strong>).<\/li>\n\n\n\n<li><strong>\u201cProceso de patog\u00e9nesis de la pudrici\u00f3n (Botrytis cinerea) del fruto de ar\u00e1ndano (Vaccinium corymbosum L.) en Oaxaca, M\u00e9xico\u201d.<\/strong>\u00a0SIP:\u00a0<strong>20172281<\/strong>\u00a0(<strong>Participante<\/strong>).<\/li>\n<\/ul>\n\n\n\n<p><strong>2016<\/strong><\/p>\n\n\n\n<ul class=\"wp-block-list\">\n<li><strong>\u201cEvaluaci\u00f3n de dos variedades de ar\u00e1ndano (Vaccinium corymbosum L), determinaci\u00f3n de densidades de plantaci\u00f3n, par\u00e1metros de riego sustentable y nutrici\u00f3n del cultivo bajo condiciones de agricultura protegida\u201d.<\/strong>\u00a0SIP:\u00a0<strong>20160520<\/strong>\u00a0(<strong>Director de proyecto<\/strong>).<\/li>\n<\/ul>\n\n\n\n<p><strong>2015<\/strong><\/p>\n\n\n\n<ul class=\"wp-block-list\">\n<li><strong>\u201cEvaluaci\u00f3n de dos variedades de ar\u00e1ndano (Vaccinium corymbosum L), determinaci\u00f3n de densidades de plantaci\u00f3n, par\u00e1metros de riego sustentable y nutrici\u00f3n del cultivo bajo condiciones de agricultura protegida\u201d.<\/strong>\u00a0SIP:\u00a0<strong>20150177<\/strong>\u00a0(<strong>Director de Proyecto<\/strong>).<\/li>\n<\/ul>\n\n\n\n<p><strong>2014<\/strong><\/p>\n\n\n\n<ul class=\"wp-block-list\">\n<li><strong>\u201cEstudio de himen\u00f3pteros parasitoides de Oaxaca\u201d.<\/strong>\u00a0SIP:\u00a0<strong>20144174<\/strong>\u00a0(<strong>Participante<\/strong>).<\/li>\n\n\n\n<li><strong>\u201cLa manufactura esbelta para el aumento de productividad rural\u201d.<\/strong>\u00a0SIP:\u00a0<strong>20144174<\/strong>\u00a0(<strong>Participante<\/strong>).\u00a0<em>\/\/ Nota: Ambos proyectos comparten el mismo n\u00famero SIP.<\/em><\/li>\n\n\n\n<li><strong>\u201cEstudio de himen\u00f3pteros parasitoides de Oaxaca\u201d.<\/strong>\u00a0SIP:\u00a0<strong>24104658<\/strong>\u00a0(<strong>Participante<\/strong>).\u00a0*\/\/ Nota: Este SIP tiene un formato diferente (empieza con 24).*<\/li>\n<\/ul>\n\n\n\n<p><strong>2009 &#8211; 2008<\/strong><\/p>\n\n\n\n<ul class=\"wp-block-list\">\n<li><strong>\u201cEvaluaci\u00f3n de sustratos y variedades de tomate con fertirriego bajo condiciones de invernadero\u201d.<\/strong>\u00a0SIP:\u00a0<strong>20090373<\/strong>\u00a0(<strong>Director<\/strong>).\u00a0*\/\/ Nota: Corregido de 20070373 a 2009 por contexto.*<\/li>\n\n\n\n<li><strong>\u201cEcolog\u00eda y restauraci\u00f3n de paisajes forestales en zonas secas I. An\u00e1lisis exploratorio\u201d.<\/strong>\u00a0SIP:\u00a0<strong>20080638<\/strong>\u00a0(<strong>Participante<\/strong>).<\/li>\n\n\n\n<li><strong>\u201cEcolog\u00eda y restauraci\u00f3n de paisajes forestales en zonas secas I. An\u00e1lisis exploratorio\u201d.<\/strong>\u00a0SIP:\u00a0<strong>20070373<\/strong>\u00a0(<strong>Participante<\/strong>).<\/li>\n<\/ul>\n\n\n\n<h2 class=\"wp-block-heading\"><strong>Proyectos extraordinarios.<\/strong><\/h2>\n\n\n\n<ul class=\"wp-block-list\">\n<li><strong>2024<\/strong><\/li>\n\n\n\n<li><strong>Blochaci\u00f3n: una herramienta para mitigar el impacto de la sequ\u00eda y mejorar la fertilidad de los suelos agr\u00edcolas.<\/strong>\u00a0Pendiente de registro SIP. M. I. Jos\u00e9 Navarro Antonio (Responsable),\u00a0<strong>Dr. Baldomero H. Nicolas Zarate<\/strong>\u00a0(Participante).<\/li>\n\n\n\n<li><strong>Caracterizaci\u00f3n y valorizaci\u00f3n integral de residuos s\u00f3lidos urbanos y de manejo especial, para mejorar la eficiencia de su tratamiento e incorporaci\u00f3n a cabo antes de valor con responsabilidad compartida en los municipios de Santa Cruz Xoxocoll\u00e1n y San Lorenzo Cacaotepes, Oaxaca.<\/strong>\u00a0Pendiente de registro SIP. Ing. Manuel Gerardo Alonso Guti\u00e9rrez,\u00a0<strong>Dr. Baldomero H. Zarate Nicolas<\/strong>\u00a0(Directores de proyecto).<\/li>\n\n\n\n<li><strong>Factores socioecon\u00f3micos y pol\u00edticos que agudizan los efectos de la sequ\u00eda cr\u00f3nica por cambio clim\u00e1tico global y su impacto en el cumplimiento del derecho humano al agua: an\u00e1lisis y propuestas de soluci\u00f3n para el municipio de Magdalena Agasco y Santa Cruz Xoxocoll\u00e1n.<\/strong>\u00a0Pendiente de registro SIP. Dr. Gustavo Hinojosa Arango (Responsable),\u00a0<strong>Dr. Baldomero H. Nicolas Zarate<\/strong>\u00a0(Participante).<\/li>\n\n\n\n<li><strong>Investigaci\u00f3n multidisciplinaria para el control eficaz de enfermedades emergentes transmitidas por mosquitos: enfoque en alternativas biol\u00f3gicas y qu\u00edmicas, identificaci\u00f3n molecular del dengue y promoci\u00f3n de la apropiaci\u00f3n social del conocimiento.<\/strong>\u00a0Pendiente de registro SIP. Dr. Alfonso V\u00e1squez L\u00f3pez (Responsable),\u00a0<strong>Dr. Baldomero H. Nicolas Zarate<\/strong>\u00a0(Participante).<\/li>\n\n\n\n<li><strong>Manejo, mantenimiento y cuidado del Arbol del Tule (Taxodium mucronatum Ten) en Oaxaca, M\u00e9xico.<\/strong>\u00a0Pendiente de registro SIP.\u00a0<strong>Dr. Baldomero H. Nicolas Zarate<\/strong>\u00a0(Participante).<\/li>\n<\/ul>\n\n\n\n<h2 class=\"wp-block-heading\"><strong><strong><strong>Proyectos de investigaci\u00f3n con financiamiento externo.<\/strong><\/strong><\/strong><\/h2>\n\n\n\n<ul class=\"wp-block-list\">\n<li><strong>Estrategias colaborativas para la reapropiaci\u00f3n del ciclo sicionatural del agua en la subcuenca Atoyac, Oaxaca mediante acciones de rasturaci\u00f3n, saneamiento, monitoreo y cultura del agua para el bien com\u00fan y la justicia ambiental<\/strong> (PRONAII 2024-174) <strong>Dr. Baldomero H. Nicolas Zarate<\/strong>\u00a0(Participante).<\/li>\n\n\n\n<li><strong>Estrategia competitivas para el desarrollo de cadenas de valor en el municipio de Santa Maria Huazolotitlan, Oaxaca, desde el enfoque de soberania alimentaria y turismo indigena<\/strong><em>Convocatoria Proyectos de Investigaci\u00f3n Cient\u00edfica y Human\u00edstica en Ejes Estrat\u00e9gicos 2025<\/em>. <strong>Dr. Baldomero H. Nicolas Zarate<\/strong>\u00a0(Participante).<\/li>\n\n\n\n<li><strong>Fortalecimiento agroecol\u00f3gico y valoraci\u00f3n nutricional del ma\u00edz nativo y frijol en comunidades campesinas de Villa de Zaachila, Oaxaca\u201d<\/strong>, con clave <strong>PEE-2025-G-773<\/strong>, aprobado en la <em>Convocatoria Proyectos de Investigaci\u00f3n Cient\u00edfica y Human\u00edstica en Ejes Estrat\u00e9gicos 2025<\/em>.  <strong>Dr. Baldomero H. Nicolas Zarate<\/strong>\u00a0(Participante).<\/li>\n<\/ul>\n\n\n\n<p><\/p>\n","protected":false},"excerpt":{"rendered":"<p>Proyectos Institucionales 2025 2024 2023 2022 2021 2020 2019 2018 2017 2016 2015 2014 2009 &#8211; 2008 Proyectos extraordinarios. Proyectos de investigaci\u00f3n con financiamiento externo.<\/p>\n","protected":false},"author":61,"featured_media":0,"parent":0,"menu_order":0,"comment_status":"closed","ping_status":"closed","template":"","meta":{"_swt_meta_header_display":false,"_swt_meta_footer_display":false,"_swt_meta_site_title_display":false,"_swt_meta_sticky_header":false,"_swt_meta_transparent_header":false,"footnotes":""},"class_list":["post-7","page","type-page","status-publish","hentry"],"_links":{"self":[{"href":"https:\/\/web.ciidiroaxaca.ipn.mx\/bzaraten\/wp-json\/wp\/v2\/pages\/7","targetHints":{"allow":["GET"]}}],"collection":[{"href":"https:\/\/web.ciidiroaxaca.ipn.mx\/bzaraten\/wp-json\/wp\/v2\/pages"}],"about":[{"href":"https:\/\/web.ciidiroaxaca.ipn.mx\/bzaraten\/wp-json\/wp\/v2\/types\/page"}],"author":[{"embeddable":true,"href":"https:\/\/web.ciidiroaxaca.ipn.mx\/bzaraten\/wp-json\/wp\/v2\/users\/61"}],"replies":[{"embeddable":true,"href":"https:\/\/web.ciidiroaxaca.ipn.mx\/bzaraten\/wp-json\/wp\/v2\/comments?post=7"}],"version-history":[{"count":6,"href":"https:\/\/web.ciidiroaxaca.ipn.mx\/bzaraten\/wp-json\/wp\/v2\/pages\/7\/revisions"}],"predecessor-version":[{"id":66,"href":"https:\/\/web.ciidiroaxaca.ipn.mx\/bzaraten\/wp-json\/wp\/v2\/pages\/7\/revisions\/66"}],"wp:attachment":[{"href":"https:\/\/web.ciidiroaxaca.ipn.mx\/bzaraten\/wp-json\/wp\/v2\/media?parent=7"}],"curies":[{"name":"wp","href":"https:\/\/api.w.org\/{rel}","templated":true}]}}