{"id":5,"date":"2023-05-18T19:25:21","date_gmt":"2023-05-18T19:25:21","guid":{"rendered":"https:\/\/web.ciidiroaxaca.ipn.mx\/bzaraten\/dr-baldomero-hortencio-zarate-nicolas\/"},"modified":"2025-10-23T10:39:18","modified_gmt":"2025-10-23T16:39:18","slug":"dr-baldomero-hortencio-zarate-nicolas","status":"publish","type":"page","link":"https:\/\/web.ciidiroaxaca.ipn.mx\/bzaraten\/","title":{"rendered":"Dr. Baldomero Hortencio Z\u00e1rate Nicol\u00e1s"},"content":{"rendered":"\n<figure class=\"wp-block-image aligncenter\"><img loading=\"lazy\" decoding=\"async\" width=\"400\" height=\"400\" src=\"https:\/\/web.ciidiroaxaca.ipn.mx\/bzaraten\/wp-content\/uploads\/sites\/61\/2023\/05\/dr-baldomero.jpg\" alt=\"Dr. Baldomero Hortencio Z\u00e1rate Nicol\u00e1s\" class=\"wp-image-4\" srcset=\"https:\/\/web.ciidiroaxaca.ipn.mx\/bzaraten\/wp-content\/uploads\/sites\/61\/2023\/05\/dr-baldomero.jpg 400w, https:\/\/web.ciidiroaxaca.ipn.mx\/bzaraten\/wp-content\/uploads\/sites\/61\/2023\/05\/dr-baldomero-300x300.jpg 300w, https:\/\/web.ciidiroaxaca.ipn.mx\/bzaraten\/wp-content\/uploads\/sites\/61\/2023\/05\/dr-baldomero-150x150.jpg 150w\" sizes=\"auto, (max-width: 400px) 100vw, 400px\" \/><\/figure>\n\n\n\n<p class=\"rtecenter\"><\/p>\n\n\n\n<h2 class=\"wp-block-heading has-text-align-center\">Doctor en Tecnolog\u00eda Agroambiental<\/h2>\n\n\n\n<p>El Dr. <strong>Baldomero H. Z\u00e1rate Nicol\u00e1s<\/strong> es agr\u00f3nomo, investigador y acad\u00e9mico con una s\u00f3lida trayectoria en el campo de la <strong>conservaci\u00f3n y aprovechamiento de los recursos naturales<\/strong>. Su carrera se ha caracterizado por el compromiso con el desarrollo sustentable, la innovaci\u00f3n agroambiental, trabajo comunitario y con la sociedad y la formaci\u00f3n de nuevas generaciones de profesionales.<\/p>\n\n\n\n<p>Es <strong>Doctor en Tecnolog\u00eda Agroambiental<\/strong> por la <em>Escuela T\u00e9cnica Superior de Ingenieros Agr\u00f3nomos de la Universidad Polit\u00e9cnica de Madrid<\/em>. Su investigaci\u00f3n contribuy\u00f3 significativamente a la b\u00fasqueda de alternativas sostenibles para el aprovechamiento de residuos agr\u00edcolas y forestales.<\/p>\n\n\n\n<p>Ha participado activamente como organizador, jurado y evaluador en foros, congresos recientemente le fue otorgado un Doctorado Horonis causa y el reconocimiento del Consejo Nacional de Egresados del IPN, al otorgar la presea \u00bb Amalia Sol\u00f3rzano de C\u00e1rdenas\u00bb.<\/p>\n\n\n\n<p><\/p>\n\n\n\n<p><\/p>\n","protected":false},"excerpt":{"rendered":"<p>Doctor en Tecnolog\u00eda Agroambiental El Dr. Baldomero H. Z\u00e1rate Nicol\u00e1s es agr\u00f3nomo, investigador y acad\u00e9mico con una s\u00f3lida trayectoria en el campo de la conservaci\u00f3n y aprovechamiento de los recursos naturales. Su carrera se ha caracterizado por el compromiso con el desarrollo sustentable, la innovaci\u00f3n agroambiental, trabajo comunitario y con la sociedad y la formaci\u00f3n [&hellip;]<\/p>\n","protected":false},"author":61,"featured_media":0,"parent":0,"menu_order":0,"comment_status":"closed","ping_status":"closed","template":"","meta":{"_swt_meta_header_display":false,"_swt_meta_footer_display":false,"_swt_meta_site_title_display":false,"_swt_meta_sticky_header":false,"_swt_meta_transparent_header":false,"footnotes":""},"class_list":["post-5","page","type-page","status-publish","hentry"],"_links":{"self":[{"href":"https:\/\/web.ciidiroaxaca.ipn.mx\/bzaraten\/wp-json\/wp\/v2\/pages\/5","targetHints":{"allow":["GET"]}}],"collection":[{"href":"https:\/\/web.ciidiroaxaca.ipn.mx\/bzaraten\/wp-json\/wp\/v2\/pages"}],"about":[{"href":"https:\/\/web.ciidiroaxaca.ipn.mx\/bzaraten\/wp-json\/wp\/v2\/types\/page"}],"author":[{"embeddable":true,"href":"https:\/\/web.ciidiroaxaca.ipn.mx\/bzaraten\/wp-json\/wp\/v2\/users\/61"}],"replies":[{"embeddable":true,"href":"https:\/\/web.ciidiroaxaca.ipn.mx\/bzaraten\/wp-json\/wp\/v2\/comments?post=5"}],"version-history":[{"count":8,"href":"https:\/\/web.ciidiroaxaca.ipn.mx\/bzaraten\/wp-json\/wp\/v2\/pages\/5\/revisions"}],"predecessor-version":[{"id":72,"href":"https:\/\/web.ciidiroaxaca.ipn.mx\/bzaraten\/wp-json\/wp\/v2\/pages\/5\/revisions\/72"}],"wp:attachment":[{"href":"https:\/\/web.ciidiroaxaca.ipn.mx\/bzaraten\/wp-json\/wp\/v2\/media?parent=5"}],"curies":[{"name":"wp","href":"https:\/\/api.w.org\/{rel}","templated":true}]}}