{"id":8,"date":"2011-11-03T16:26:48","date_gmt":"2011-11-03T16:26:48","guid":{"rendered":"https:\/\/web.ciidiroaxaca.ipn.mx\/avasquez\/tesis\/"},"modified":"2025-10-21T15:59:45","modified_gmt":"2025-10-21T21:59:45","slug":"tesis","status":"publish","type":"page","link":"https:\/\/web.ciidiroaxaca.ipn.mx\/avasquez\/tesis\/","title":{"rendered":"Direcci\u00f3n de tesis"},"content":{"rendered":"\n<h3 class=\"wp-block-heading\">Nivel Doctorado:<\/h3>\n\n\n\n<ol class=\"wp-block-list\">\n<li><strong>A\u00edda Rub\u00ed Cruz Luna<\/strong>. Tesis: Etiolog\u00eda de la pudrici\u00f3n del tallo de <em>Agave potatorum<\/em> y actividad antif\u00fangica de nanopart\u00edculas contra el pat\u00f3geno, <em>in vitro<\/em>\u201d. Fecha de obtenci\u00f3n de grado: 05 de febrero de 2025.<\/li>\n\n\n\n<li><strong>Mary Carmen Pacheco Esteva. <\/strong>Tesis: Efecto de un extracto etan\u00f3lico de corteza de <em>Salmea scandens<\/em> para el control de <em>Spodoptera frugiperda<\/em> y hongos fitopat\u00f3genos del g\u00e9nero <em>Colletotrichum<\/em>. Fecha de obtenci\u00f3n de grado: 06 de febrero de 2024.<\/li>\n\n\n\n<li><strong>Jes\u00fas G\u00f3mez Vel\u00e1zquez<\/strong>. Tesis: Modelo de Evaluaci\u00f3n de sostenibilidad para los agroecosistemas de Caf\u00e9 de la Cuenca R\u00edo Copalita, Oaxaca, M\u00e9xico. Fecha de obtenci\u00f3n de grado: 19 de agosto de 2024.<\/li>\n\n\n\n<li><strong>Agust\u00edn Hern\u00e1ndez Ramos<\/strong>. Tesis: Secreciones\/excreciones de larvas de mosca (Diptera: Calliphoridae) con actividad antimicrobiana para hongos y bacterias fitopat\u00f3genas. Tesis en proceso.<\/li>\n\n\n\n<li><strong>Sheila Estefan\u00eda Arag\u00f3n Guzm\u00e1n<\/strong>. Tesis: La cafeticultura oaxaque\u00f1a como campo social: Estudio de las desigualdades sociales y estrategias de mitigaci\u00f3n. Tesis en proceso.<\/li>\n\n\n\n<li><strong>Tania Mariela V\u00e1zquez R\u00edos. <\/strong>Tesis: <em>Bacillus<\/em> spp. y <em>Pseudomonas<\/em> fluorescentes, aisladas de la rizosfera de plantas de ambientes hipersalinos como Promotoras del Crecimiento Vegetal en el cultivo de frijol (<em>Phaseolus vulgaris<\/em>). Tesis en proceso<\/li>\n\n\n\n<li><strong>Sergio Fabricio Cahuich Castillo<\/strong>. Tesis: Uso de hongos entomopat\u00f3genos y extrem\u00f3filos para el control de plagas y enfermedades: Caracterizaci\u00f3n qu\u00edmica y molecular de cepas con potencial. Tesis en proceso<\/li>\n\n\n\n<li><strong>F\u00e1tima Manuel Z\u00e1rate. <\/strong>Tesis: Micropropagaci\u00f3n de crisantemo para producci\u00f3n de esquejes de calidad fitosanitaria. Tesis en proceso.<\/li>\n<\/ol>\n\n\n\n<h3 class=\"wp-block-heading\">&nbsp;Nivel Maestr\u00eda:<\/h3>\n\n\n\n<ol class=\"wp-block-list\">\n<li><strong>Carlos Alberto Blanco Hern\u00e1ndez<\/strong>. Tesis: Etiolog\u00eda de la secadera de fresa var. Douglas y efecto in vitro de extractos ricos en alcaloides sobre el pat\u00f3geno. Fecha de obtenci\u00f3n de grado: 20 de agosto de 2025.<\/li>\n\n\n\n<li><strong>Ana Karen P\u00e9rez Boh\u00f3rquez<\/strong>. Tesis: Encapsulamiento de bacterias y arqueas hal\u00f3fitas y su efecto en la desalinizaci\u00f3n de suelos agr\u00edcolas, en condiciones <em>in vitro<\/em>. Fecha de obtenci\u00f3n de grado: 11 de diciembre de 2024.<\/li>\n\n\n\n<li><strong>F\u00e1tima Manuel Z\u00e1rate. <\/strong>Tesis: Establecimiento de cultivos as\u00e9pticos, morfog\u00e9nesis y proliferaci\u00f3n en tejido de <em>Agave angustifolia<\/em> Haw. Fecha de obtenci\u00f3n de grado: 09 de agosto de 2024.<\/li>\n\n\n\n<li><strong>Tania Mariela V\u00e1zquez R\u00edos.<\/strong> Tesis: Bacterias end\u00f3fitas de <em>Agave potatorum<\/em> Zucc. con propiedades cualitativas de antagonismo contra hongos fitopat\u00f3genos y de promoci\u00f3n de crecimiento vegetal. Fecha de obtenci\u00f3n de grado: 19 de julio de 2024.<\/li>\n\n\n\n<li><strong>Sergio Fabricio Cahuich Castillo<\/strong>. Tesis: Metabolitos secundarios de hongos alcalino-tolerantes con actividad larvicida en <em>Aedes aegypti<\/em> (Diptera: culicidae) y antif\u00fangica en <em>Colletotrichum<\/em> spp. Fecha de obtenci\u00f3n de grado: 19 de julio de 2024.<\/li>\n\n\n\n<li><strong>Rosa Elvira L\u00f3pez L\u00f3pez. <\/strong>Tesis: Identificaci\u00f3n y efectividad biol\u00f3gica de hongos entomopat\u00f3genos, nativos del estado de Oaxaca, sobre\u00a0<em>Scyphophorus acupunctatus<\/em> del <em>Agave<\/em> spp. Fecha de obtenci\u00f3n de grado: 02 de febrero de 2024.<\/li>\n\n\n\n<li><strong>Diana Nancy Cruz Luna. <\/strong>Tesis: Identificaci\u00f3n de bacterias y arqueas hal\u00f3filas con capacidad para capturar NaCl <em>in vitro<\/em>. Fecha de obtenci\u00f3n de grado: 12 de febrero de 2021.<\/li>\n\n\n\n<li><strong>Miguel \u00c1ngel Morales Antonio. <\/strong>Tesis:<strong> <\/strong>Efectividad biol\u00f3gica de extractos vegetales sobre <em>Hemileia vastatrix<\/em> Berkeley &amp; Broome. Fecha de obtenci\u00f3n de grado: 29 de agosto de 2019.<\/li>\n\n\n\n<li><strong>Yareth Liduvina N\u00fa\u00f1ez Reyes. <\/strong>Tesis:  La contribuci\u00f3n de la comida tradicional a la identidad cultural y la soberan\u00eda alimentaria en Sola de Vega, Oaxaca, M\u00e9xico. Fecha de obtenci\u00f3n de grado: 2 de agosto de 2019.<\/li>\n\n\n\n<li><strong>A\u00edda Rub\u00ed Cruz Luna.<\/strong> Tesis: Etiolog\u00eda e histopatolog\u00eda de la necrosis del fruto de&nbsp;<em>Vaccinium corymbosum<\/em>&nbsp;L.&nbsp;y sensibilidad&nbsp;in vitro&nbsp;del pat\u00f3geno a aceites esenciales en Oaxaca, M\u00e9xico. Fecha de obtenci\u00f3n de grado: 7 de septiembre de 2018.<\/li>\n\n\n\n<li><strong>Francisco L\u00f3pez Juan.<\/strong> Tesis: Aislamiento y sensibilidad a aceites esenciales de <em>Phymatotrichopsis omnivora<\/em> (Duggar) Henebert e histopatolog\u00eda de ra\u00edces infectadas de <em>Mangifera indica<\/em> L. Fecha de obtenci\u00f3n de grado: 24 de enero de 2017.<\/li>\n\n\n\n<li><strong>Gloria Irene Ponce Quezada. <\/strong>Tesis: Intervenci\u00f3n en el consumo alimentario de mujeres en una comunidad mixteca de Oaxaca. En b\u00fasqueda de la soberan\u00eda alimentaria. Fecha de obtenci\u00f3n de grado: 17 de julio de 2015.<\/li>\n\n\n\n<li><strong>Jesusita Rosas D\u00edaz. <\/strong>Tesis: Etiolog\u00eda e histopatolog\u00eda de la marchitez y muerte del cilantro (<em>Coryandrum sativum<\/em>) en Ocotl\u00e1n, Oaxaca\u201d. Fecha de obtenci\u00f3n de grado: 12 de diciembre de 2013.<\/li>\n\n\n\n<li><strong>Javier Castillo Cabrera.<\/strong> Tesis: Manejo integrado de la antracnosis (<em>Colletotrichum gloesporioides)<\/em> y cenicilla (<em>Oidium mangiferae<\/em>) en mango cv ataulfo en San Pedro Tapanatepec, Oaxaca. Fecha de obtenci\u00f3n de grado: 24 de mayo de 2013.<\/li>\n\n\n\n<li>&nbsp;<strong>Javier Ruiz de la Cruz<\/strong>. Tesis: Din\u00e1mica poblacional e identificaci\u00f3n de las principales plagas del mango cv ataulfo en San Pedro Tapanatepec, Oaxaca. Fecha de obtenci\u00f3n de grado: 18 de enero de 2013.<\/li>\n\n\n\n<li>&nbsp;<strong>Alicia Fonseca Mu\u00f1oz. <\/strong>Tesis: Efecto de las larvas <em>Lucilia sericata<\/em> (Diptera: Calliphoridae) en el crecimiento de bacterias Gram-negativas\u201d. Fecha de obtenci\u00f3n de grado: 12 de enero de 2012.<\/li>\n\n\n\n<li><strong>&nbsp;Brenda Jazm\u00edn Nolasco P\u00e9rez<\/strong>. Tesis: <strong> <\/strong>Etiolog\u00eda de enfermedades de <em>Vanilla planifolia<\/em> y efectividad biol\u00f3gica <em>in vitro<\/em> de extractos de <em>Psittacanthus calyculatus<\/em> sobre los pat\u00f3genos en Oaxaca, M\u00e9xico. Tesis en Proceso<\/li>\n\n\n\n<li><strong>Vidal Mart\u00ednez Jim\u00e9nez. <\/strong>Tesis: Antibiosis de metabolitos especializados de <em>Trichoderma<\/em> sp, contra <em>Hemileia vastatrix<\/em> en caf\u00e9. Tesis en proceso<\/li>\n\n\n\n<li><strong>Ariadna Jocelyn Cruz Cruz. <\/strong>Tesis: Propiedades antimicrobianas de exudados de larvas de moscas (D\u00edptera: Calliphoridae) contra bacterias y hongos fitopat\u00f3genos<\/li>\n\n\n\n<li><strong>&nbsp;Jocelyn G\u00f3mez Corona. <\/strong>Tesis: Diagn\u00f3stico microbiol\u00f3gico de bacterias Gram- en frutos de fresa pat\u00f3genas para la salud humana. Tesis en proceso<\/li>\n\n\n\n<li><strong>Innimeii L\u00f3pez Mor\u00e1n. <\/strong>Tesis: Etiolog\u00eda y manejo de las principales enfermedades de tres especies de cact\u00e1ceas en Santiago Tianguistengo, Chazumba, Oaxaca. Tesis en proceso<\/li>\n\n\n\n<li><strong>Beatris Tovilla Nu\u00f1ez<\/strong>. Tesis: Evaluaci\u00f3n in vivo del efecto antif\u00fangico de nanopart\u00edculas de plata obtenidas por s\u00edntesis verde sobre <em>Neocosmospora falciformis<\/em> en plantas de fresa. Tesis en proceso<\/li>\n\n\n\n<li><strong>Yutzil Dur\u00e1n Dur\u00e1n.<\/strong> Tesis: Comportamiento de plantas de fresa <em>Fragaria<\/em> \u00d7 <em>ananassa<\/em> establecidas in vitro y en invernadero. Tesis en proceso<\/li>\n<\/ol>\n\n\n\n<h3 class=\"wp-block-heading\">Nivel Licenciatura:<\/h3>\n\n\n\n<ol class=\"wp-block-list\">\n<li><strong>Naomi Lisset Cruz S\u00e1nchez. <\/strong>Tesis: Diversidad de hongos asociados a la enfermedad pudrici\u00f3n del cogollo en <em>Agave salmiana <\/em>en San Miguel El Grande, Tlaxiaco, Oaxaca. Fecha de obtenci\u00f3n del grado: 29 de noviembre de 2024.   <\/li>\n\n\n\n<li><strong>Eder Garc\u00eda Robles<\/strong>. Alumno del Instituto Tecnol\u00f3gico del Valle de Oaxaca. Tesis: Hongos y \u00e1caros asociados a la proliferaci\u00f3n vegetativa del mango (<em>Mangifera indica <\/em>L.) en Oaxaca. Fecha de obtenci\u00f3n del grado: 24 de marzo de 2017.<\/li>\n\n\n\n<li><strong>Rosalba Contreras Maya<\/strong>. Alumna del Instituto Tecnol\u00f3gico del Valle de Oaxaca. Tesis: Etiolog\u00eda de la necrosis del fruto de cacao (<em>Theobromae cacao<\/em> L.) en San Pedro Pochutla, Oaxaca. 2012. Fecha de obtenci\u00f3n de grado: 02 de diciembre de 2013.<\/li>\n\n\n\n<li><strong>Francisco L\u00f3pez Juan<\/strong>. Alumno del Instituto Tecnol\u00f3gico del Valle de Oaxaca. Tesis: Etiolog\u00eda de la antracnosis de frutos de guan\u00e1bana (<em>Annona muricata<\/em> L.) en San Pedro Pochutla, Oaxaca. Fecha de obtenci\u00f3n de grado: 25 de octubre de 2013.<\/li>\n<\/ol>\n","protected":false},"excerpt":{"rendered":"<p>Nivel Doctorado: &nbsp;Nivel Maestr\u00eda: Nivel Licenciatura:<\/p>\n","protected":false},"author":59,"featured_media":0,"parent":0,"menu_order":0,"comment_status":"closed","ping_status":"closed","template":"","meta":{"_swt_meta_header_display":false,"_swt_meta_footer_display":false,"_swt_meta_site_title_display":false,"_swt_meta_sticky_header":false,"_swt_meta_transparent_header":false,"footnotes":""},"class_list":["post-8","page","type-page","status-publish","hentry"],"_links":{"self":[{"href":"https:\/\/web.ciidiroaxaca.ipn.mx\/avasquez\/wp-json\/wp\/v2\/pages\/8","targetHints":{"allow":["GET"]}}],"collection":[{"href":"https:\/\/web.ciidiroaxaca.ipn.mx\/avasquez\/wp-json\/wp\/v2\/pages"}],"about":[{"href":"https:\/\/web.ciidiroaxaca.ipn.mx\/avasquez\/wp-json\/wp\/v2\/types\/page"}],"author":[{"embeddable":true,"href":"https:\/\/web.ciidiroaxaca.ipn.mx\/avasquez\/wp-json\/wp\/v2\/users\/59"}],"replies":[{"embeddable":true,"href":"https:\/\/web.ciidiroaxaca.ipn.mx\/avasquez\/wp-json\/wp\/v2\/comments?post=8"}],"version-history":[{"count":16,"href":"https:\/\/web.ciidiroaxaca.ipn.mx\/avasquez\/wp-json\/wp\/v2\/pages\/8\/revisions"}],"predecessor-version":[{"id":99,"href":"https:\/\/web.ciidiroaxaca.ipn.mx\/avasquez\/wp-json\/wp\/v2\/pages\/8\/revisions\/99"}],"wp:attachment":[{"href":"https:\/\/web.ciidiroaxaca.ipn.mx\/avasquez\/wp-json\/wp\/v2\/media?parent=8"}],"curies":[{"name":"wp","href":"https:\/\/api.w.org\/{rel}","templated":true}]}}