{"id":7,"date":"2011-11-03T16:20:25","date_gmt":"2011-11-03T16:20:25","guid":{"rendered":"https:\/\/web.ciidiroaxaca.ipn.mx\/avasquez\/proyectos-de-investigacion\/"},"modified":"2025-10-22T07:55:46","modified_gmt":"2025-10-22T13:55:46","slug":"proyectos-de-investigacion","status":"publish","type":"page","link":"https:\/\/web.ciidiroaxaca.ipn.mx\/avasquez\/proyectos-de-investigacion\/","title":{"rendered":"Proyectos de investigaci\u00f3n"},"content":{"rendered":"\n<h3 class=\"wp-block-heading\">DIRECTOR<\/h3>\n\n\n\n<ol class=\"wp-block-list\">\n<li>Director del Proyecto <strong>SIP-20253454<\/strong>. Formulaci\u00f3n de bioinoculantes microbianos a base de consorcios bacterianos y f\u00fangicos con efecto en la productividad y fitosanidad del cultivo de frijol.<\/li>\n\n\n\n<li>Director del Proyecto <strong>SIP-<\/strong> <strong>20241562<\/strong>. Desarrollo de un formulado biol\u00f3gico, a base de hongos entomopat\u00f3genos, para el manejo de <em>Scyphophorus acupunctatus<\/em>, principal plaga de los agaves mezcaleros.<\/li>\n\n\n\n<li>Coordinador t\u00e9cnico del proyecto <strong>SIP-IPN-enero-diciembre 2024<\/strong>: Investigaci\u00f3n multidisciplinaria para el control eficaz de enfermedades emergentes transmitidas por mosquitos: enfoque en alternativas biol\u00f3gicas y qu\u00edmicas, identificaci\u00f3n molecular del dengue y promoci\u00f3n de la apropiaci\u00f3n social del conocimiento. <\/li>\n\n\n\n<li>Coordinador t\u00e9cnico del proyecto <strong>SIP-IPN-enero-diciembre 2024<\/strong>: Diagn\u00f3stico no invasivo para la conservaci\u00f3n del \u00e1rbol del tule (<em>Taxodium mucronatum<\/em>; patrimonio cultura de la humanidad): fortalecimiento de las actividades comunitarias en Santa Mar\u00eda de Tule, Oaxaca, mediante educaci\u00f3n ambiental.<\/li>\n\n\n\n<li>Director del Proyecto <strong>SIP-<\/strong> <strong>20231785<\/strong>. Capacidad antag\u00f3nica de bacterias end\u00f3fitas de <em>Agave potatorum<\/em> contra hongos fitopat\u00f3genos: Una alternativa de control biol\u00f3gico para fito-enfermedades.<\/li>\n\n\n\n<li>Director del Proyecto <strong>SIP-20221754<\/strong>. Hongos asociados a la pudrici\u00f3n del cogollo y muerte prematura de plantas de <em>Agave angustifolia<\/em> y <em>Agave potatorum<\/em> en Oaxaca, M\u00e9xico.<\/li>\n\n\n\n<li>Director del Proyecto <strong>SIP-<\/strong> <strong>20211078.<\/strong> Identificaci\u00f3n y caracterizaci\u00f3n de haloarqueas con capacidad para disminuir NaCl en medio de cultivo l\u00edquido; posible alternativa para biorremediar suelos salinos.<\/li>\n\n\n\n<li>Director del Proyecto <strong>SIP20201516<\/strong>. Bacterias hal\u00f3filas con potencial para capturar iones sodio en cultivos l\u00edquido. En busca de una alternativa para biorremediar suelos salinos.<\/li>\n\n\n\n<li>Coordinador del Proyecto Multidisciplinario <strong>SIP 1964 periodo 2018-2019<\/strong>. Caracterizaci\u00f3n y evaluaci\u00f3n del potencial productivo y de grupos qu\u00edmicos funcionales con propiedades ben\u00e9ficas para la salud vegetal y humana de genotipos de zarzamora (<em>Rubus<\/em> spp) silvestre de la Sierra Norte de Oaxaca.<\/li>\n\n\n\n<li>Director del Proyecto <strong>SIP20196680<\/strong>. Caracterizaci\u00f3n y evaluaci\u00f3n de grupos qu\u00edmicos funcionales con propiedades fungicidas extra\u00eddos de genotipos de zarzamora (<em>Rubus<\/em> spp) silvestre recolectados en la Sierra Norte del estado de Oaxaca.<\/li>\n\n\n\n<li>Director del Proyecto <strong>SIP20181178<\/strong>. Caracterizaci\u00f3n y evaluaci\u00f3n de grupos qu\u00edmicos funcionales con propiedades fungicidas extra\u00eddos de genotipos de zarzamora (<em>Rubus<\/em> spp) silvestre recolectados en la Sierra Norte del estado de Oaxaca.<\/li>\n\n\n\n<li>Director del Proyecto <strong>SIP20172281<\/strong>. Proceso de patog\u00e9nesis de la pudrici\u00f3n (<em>Botrytis cinerea<\/em>) del fruto de ar\u00e1ndano (<em>Vaccinium corymbosum<\/em> L.) en Oaxaca, M\u00e9xico.<\/li>\n\n\n\n<li>Director del Proyecto multidisciplinario <strong>SIP20160518<\/strong>. Estudio integral para el establecimiento, producci\u00f3n y manejo poscosecha de ar\u00e1ndano (<em>Vaccinium corymbosum<\/em> L.) en dos regiones del estado de Oaxaca.<\/li>\n\n\n\n<li>Director del Proyecto multidisciplinario <strong>SIP20150130<\/strong>. Estudio integral para el establecimiento, producci\u00f3n y manejo poscosecha de ar\u00e1ndano (<em>Vaccinium corymbosum<\/em> L.) en dos regiones del estado de Oaxaca.<\/li>\n\n\n\n<li>Director del Proyecto CONACyT-PROINNOVA 2015. Nuevo germicida que permite reducir la antracnosis y pudrici\u00f3n de frutas y hortalizas en postcosecha: Tecnolog\u00eda innovadora con aplicaci\u00f3n en productos de alto impacto econ\u00f3mico. No. de registro CONACyT: 220362 vinculado a la empresa Esteripharma S.A. de C.V. <\/li>\n\n\n\n<li>Director del Proyecto <strong>SIP20144215<\/strong>. Efecto de aceites esenciales en el crecimiento in vitro de <em>Phymatotrichopisis<\/em> sp., agente causal de la pudrici\u00f3n texana del mango en Oaxaca.<\/li>\n\n\n\n<li>Director del Proyecto CONACyT-PROINNOVA 2013. Nueva tecnolog\u00eda y nuevo producto germicida inocuo en cultivo y poscosecha de jitomates. Registro CONACyT 196320 y registro SIP-2013-RE\/069 vinculado a la empresa Esteripharma S.A. de C.V. <\/li>\n\n\n\n<li>Director del Proyecto <strong>SIP20130304<\/strong>. Tolerancia de variedades comerciales de mango (<em>Mangifera indica<\/em>) a la presencia de antracnosis (<em>Colletotrichum<\/em> spp.) en invernadero. &nbsp;<\/li>\n\n\n\n<li>Director del Proyecto <strong>SIP20121312<\/strong>. (Segunda parte) \u201cEpidemiolog\u00eda de la antracnosis (<em>Colletotrichum<\/em> sp.) y cenicilla (<em>Oidium<\/em> sp.) del mango (<em>Mangifera indica<\/em>) en el Istmo del estado de Oaxaca. &nbsp;<\/li>\n\n\n\n<li>Director del Proyecto <strong>SIP20110599 <\/strong>(Primera parte) \u201cEpidemiolog\u00eda de la antracnosis (<em>Colletotrichum<\/em> sp.) y cenicilla (<em>Oidium<\/em> sp.) del mango (<em>Mangifera indica<\/em>) en el Istmo del estado de Oaxaca. &nbsp;<\/li>\n\n\n\n<li>Coordinador Estatal en Oaxaca del subproyecto \u201cDiagn\u00f3stico y din\u00e1mica poblacional de las principales plagas del mango en la regi\u00f3n Istmo y Costa de Oaxaca\u201d perteneciente al proyecto general \u201cEvaluaci\u00f3n de nuevas variedades con alto potencial productivo y diagn\u00f3stico y control de plagas de importancia econ\u00f3mica del mango en Guerrero, Chiapas, Veracruz y Oaxaca\u201d signado entre el Colegio de Postgraduados y SAGARPA-CONACyT, clave # 48595. <\/li>\n\n\n\n<li>Director del proyecto \u201cManejo comercial de la mancha necr\u00f3tica de la madera de Linaloe (<em>Bursera aloexylon<\/em>)\u201d en el marco del proyecto \u201cEstudio prospectivo de comercializaci\u00f3n, dise\u00f1o e implementaci\u00f3n de t\u00e9cnicas de propagaci\u00f3n e industrializaci\u00f3n en linaloe (<em>Bursera Aloexylon<\/em>)\u201d signado entre la Coordinadora Nacional de las Fundaciones Produce (COFUPRO) y la Universidad Aut\u00f3noma Chapingo. Clave <strong>SIP-2009-RE\/73<\/strong>. <\/li>\n\n\n\n<li>Participante del proyecto Alternativas no qu\u00edmicas para el control de mosquitos Clave <strong>SIP20100678<\/strong>, <strong>SIP20090703<\/strong>, <strong>SIP20080714<\/strong>. Director del proyecto: Dr. Rafael P\u00e9rez Pacheco.<\/li>\n\n\n\n<li>Participante del proyecto Alternativas no qu\u00edmicas para el control de mosquitos y plagas de hortalizas. Clave <strong>SIP20110609<\/strong>. Director del proyecto: Dr. Rafael P\u00e9rez Pacheco.<\/li>\n\n\n\n<li>Participante del proyecto Control de mosquitos y plagas de tomate con nematodos, hongos y extractos vegetales. Clave <strong>SIP20120804<\/strong>. Director del proyecto: Dr. Rafael P\u00e9rez Pacheco.<\/li>\n\n\n\n<li>Participante del proyecto Alternativas sustentables para implementar un sistema de manejo integrado de los cultivos de jitomate y chile financiado por la Fundaci\u00f3n Produce de Oaxaca. Director del proyecto: Dr. Rafael P\u00e9rez Pacheco.&nbsp;<\/li>\n<\/ol>\n\n\n\n<p>&nbsp;<\/p>\n","protected":false},"excerpt":{"rendered":"<p>DIRECTOR &nbsp;<\/p>\n","protected":false},"author":59,"featured_media":0,"parent":0,"menu_order":0,"comment_status":"closed","ping_status":"closed","template":"","meta":{"_swt_meta_header_display":false,"_swt_meta_footer_display":false,"_swt_meta_site_title_display":false,"_swt_meta_sticky_header":false,"_swt_meta_transparent_header":false,"footnotes":""},"class_list":["post-7","page","type-page","status-publish","hentry"],"_links":{"self":[{"href":"https:\/\/web.ciidiroaxaca.ipn.mx\/avasquez\/wp-json\/wp\/v2\/pages\/7","targetHints":{"allow":["GET"]}}],"collection":[{"href":"https:\/\/web.ciidiroaxaca.ipn.mx\/avasquez\/wp-json\/wp\/v2\/pages"}],"about":[{"href":"https:\/\/web.ciidiroaxaca.ipn.mx\/avasquez\/wp-json\/wp\/v2\/types\/page"}],"author":[{"embeddable":true,"href":"https:\/\/web.ciidiroaxaca.ipn.mx\/avasquez\/wp-json\/wp\/v2\/users\/59"}],"replies":[{"embeddable":true,"href":"https:\/\/web.ciidiroaxaca.ipn.mx\/avasquez\/wp-json\/wp\/v2\/comments?post=7"}],"version-history":[{"count":9,"href":"https:\/\/web.ciidiroaxaca.ipn.mx\/avasquez\/wp-json\/wp\/v2\/pages\/7\/revisions"}],"predecessor-version":[{"id":121,"href":"https:\/\/web.ciidiroaxaca.ipn.mx\/avasquez\/wp-json\/wp\/v2\/pages\/7\/revisions\/121"}],"wp:attachment":[{"href":"https:\/\/web.ciidiroaxaca.ipn.mx\/avasquez\/wp-json\/wp\/v2\/media?parent=7"}],"curies":[{"name":"wp","href":"https:\/\/api.w.org\/{rel}","templated":true}]}}