{"id":8,"date":"2011-11-04T14:37:08","date_gmt":"2011-11-04T14:37:08","guid":{"rendered":"https:\/\/web.ciidiroaxaca.ipn.mx\/asolanog\/tesis\/"},"modified":"2025-09-19T16:11:59","modified_gmt":"2025-09-19T16:11:59","slug":"tesis","status":"publish","type":"page","link":"https:\/\/web.ciidiroaxaca.ipn.mx\/asolanog\/tesis\/","title":{"rendered":"Tesis"},"content":{"rendered":"\n<h3 class=\"wp-block-heading\">I. LICENCIATURA<\/h3>\n\n\n\n<ol class=\"wp-block-list\">\n<li>Rafael Ethian Dur\u00e1n Licona. Sistem\u00e1tica de los g\u00e9neros Muscarella Luer y Specklinia Lindl. (Orchidaceae, Pleurothallidinae) en M\u00e9xico. Facultad de Estudios Superiores Iztacala, Universidad Nacional Aut\u00f3noma de M\u00e9xico. En desarrollo<\/li>\n\n\n\n<li>Maria Hip\u00f3lita Santos Escamilla. Morfometr\u00eda floral de Prosthechea karwinskii, una orqu\u00eddea end\u00e9mica de M\u00e9xico en riesgo. Instituto Tecnol\u00f3gico del Valle de Oaxaca. Fecha de titulaci\u00f3n: 15 febrero 2023.<\/li>\n\n\n\n<li>Espejo Cruz Abigail del Carmen. Comercio de orqu\u00eddeas en M\u00e9xico via redes sociales y regulado por la CITES. Universidad Tecnol\u00f3gica de los Valles Centrales de Oaxaca. Fecha de titulaci\u00f3n: 20 octubre 2021.<\/li>\n\n\n\n<li>P\u00e9rez L\u00f3pez Beatriz Adriana.\u00a0An\u00e1lisis qu\u00edmico de los extractos hidroetan\u00f3licos obtenidos de la orqu\u00eddea Prosthechea karwinskii en diferentes localidades de Oaxaca. Escuela de Ciencias, Universidad Aut\u00f3noma Benito Ju\u00e1rez de Oaxaca. Fecha de titulaci\u00f3n: 10 diciembre 2019.<\/li>\n\n\n\n<li>Ver\u00f3nica Mart\u00ednez G\u00f3mez. Usos tradicionales y comercializaci\u00f3n de orqu\u00eddeas en dos localidades de la regi\u00f3n Mixe, Oaxaca. Instituto Tecnol\u00f3gico del Valle de Oaxaca. Fecha de titulaci\u00f3n: 24 noviembre 2014.<\/li>\n\n\n\n<li>Samantha Guadalupe\u00a0Baltazar Leal\u00a0. Diversidad Orchideologica, sus afinidades flor\u00edsticas y relaciones biogeogr\u00e1ficas en las localidades de Conrado Castillo, Mpio. Hidalgo y Los San Pedros, Mpio. G\u00fcemez; en Tamaulipas. Instituto Tecnol\u00f3gico de Ciudad Victoria. Fecha de titulaci\u00f3n: 10 diciembre 2013.<\/li>\n\n\n\n<li>Gabriela Cruz Garc\u00eda, Etnobot\u00e1nica y comercializaci\u00f3n de orqu\u00eddeas en la regi\u00f3n de Tlaxiaco, Oaxaca, M\u00e9xico. Escuela de Ciencias, Universidad Aut\u00f3noma Benito Ju\u00e1rez de Oaxaca. Fecha de examen 28 de enero de 2012.<\/li>\n\n\n\n<li>Nancy Alonso Hern\u00e1ndez, Sistema de informaci\u00f3n geogr\u00e1fica para las orqu\u00eddeas de la subtribu Laeliinae de Oaxaca.\u00a0Instituto Tecnol\u00f3gico de la Cuenca del Papaloapan. Fecha de titulaci\u00f3n: 10 junio 2011.<\/li>\n\n\n\n<li>Socorro Avenda\u00f1o V\u00e1zquez. Situaci\u00f3n actual de las orqu\u00eddeas en riesgo en la regi\u00f3n Tacan\u00e1-Boquer\u00f3n, Chiapas, M\u00e9xico. Instituto Tecnol\u00f3gico del Valle de Oaxaca. Fecha de titulaci\u00f3n: 16 febrero 2010.<\/li>\n\n\n\n<li>Gabriela Micaela Cruz Lustre. Afinidades fitogeogr\u00e1ficas de la orquideoflora de la regi\u00f3n Tacan\u00e1-Boquer\u00f3n, Chiapas, M\u00e9xico. Instituto Tecnol\u00f3gico del Valle de Oaxaca. Fecha de titulaci\u00f3n: 9 junio 2009.<\/li>\n\n\n\n<li>Laura Bautista Jim\u00e9nez. Diversidad de la familia Orchidaceae en el corredor biol\u00f3gico Tacan\u00e1-Boquer\u00f3n, Chiapas, M\u00e9xico.\u00a0Instituto Tecnol\u00f3gico del Valle de Oaxaca. Fecha de titulaci\u00f3n: 9 junio 2009.<\/li>\n<\/ol>\n\n\n\n<h3 class=\"wp-block-heading\">II. MAESTRIA<\/h3>\n\n\n\n<ol class=\"wp-block-list\">\n<li>Samantha Guadalupe Baltazar Leal. Diversidad taxon\u00f3mica y funcional de las orqu\u00eddeas terrestres de El Cielo, Tamaulipas. CIIDIR Unidad Oaxaca. Fecha de\u00a0titulaci\u00f3n: 4 agosto 2017.<\/li>\n\n\n\n<li>Juan Jacinto Mart\u00ednez Hern\u00e1ndez. La legislaci\u00f3n ambiental mexicana en la conservaci\u00f3n y manejo de orqu\u00eddeas. CIIDIR Uidad Oaxaca. Fecha de titulaci\u00f3n: 16 marzo 2017.<\/li>\n\n\n\n<li>Guti\u00e9rrez Caballero Jos\u00e9 Antonio. Sistemas reproductivos e hibridaci\u00f3n en especies simp\u00e1tricas de Lepanthes.\u00a0CIIDIR Unidad Oaxaca.\u00a0Fecha de titulaci\u00f3n: 7 julio 2015.<\/li>\n\n\n\n<li>Mart\u00ednez Feria Aar\u00f3n. Patrones de distribuci\u00f3n y \u00e1reas prioritarias para la conservaci\u00f3n de las orqu\u00eddeas en riesgo de Oaxaca. Maestr\u00eda. CIIDIR Unidad Oaxaca. Fecha de titulaci\u00f3n: 10 de diciembre de 2010.<\/li>\n\n\n\n<li>Oscar Francisco Mijangos Ricardez, Optimizaci\u00f3n de m\u00e9todos de extracci\u00f3n con energ\u00edas auxiliares y caracterizaci\u00f3n de la fracci\u00f3n fen\u00f3lica de Prosthechea karwinskii y Prosthechea varicosa. Maestr\u00eda. CIIDIR Unidad Oaxaca. Fecha de titulaci\u00f3n: 17 junio 2010.<\/li>\n\n\n\n<li>Rojas Olivos Alejandra. Hidrodestilaci\u00f3n y caracterizaci\u00f3n del aceite esencial de plantas medicinales de Santa Mar\u00eda Huitepec, Oaxaca. Maestr\u00eda. CIIDIR Unidad Oaxaca. Fecha de titulaci\u00f3n: 31 julio 2009.<\/li>\n\n\n\n<li>X\u00f3chitl Pantale\u00f3n Bautista, An\u00e1lisis de las fragancias de las orqu\u00eddeas Prosthechea karwinskii y P. varicosa. Maestr\u00eda. CIIDIR Unidad Oaxaca. Fecha de\u00a0titulaci\u00f3n:9 diciembre 2011.<\/li>\n<\/ol>\n\n\n\n<h3 class=\"wp-block-heading\">III. DOCTORADO<\/h3>\n\n\n\n<ol class=\"wp-block-list\">\n<li>Jesus Alejandro R\u00edos Sol\u00eds.\u00a0Plantas silvestres comercializadas en mercados y tianguis tradicionales de la Regi\u00f3n Mazateca, Oaxaca.\u00a0CIIDIR Unidad Oaxaca. En desarrollo.<\/li>\n\n\n\n<li>Orozco Ibarrola Octavio Arnulfo. Biolog\u00eda reproductiva y demograf\u00eda de orqu\u00eddeas ep\u00edfitas con valor ornamental de bosque de encino estacionalmente seco. CIIDIR Unidad Oaxaca. Programa incloncluso.<\/li>\n\n\n\n<li>Camacho Claudia Donaj\u00ed Hern\u00e1ndez. Plantas medicinales y su potencial de aprovechamiento en una empresa social. CIIDIR Unidad Oaxaca. Fecha de examen 25 de Julio de 2023.<\/li>\n\n\n\n<li>Cervantes Reyes Miguel Antonio. Distribuci\u00f3n y biolog\u00eda reproductiva de Prosthechea michuacana y P. varicosa. Doctorado. CIIDIR Unidad Oaxaca.\u00a0Programa inconcluso.<\/li>\n\n\n\n<li>Rojas Olivos Alejandra. Evaluaci\u00f3n biol\u00f3gica de Prosthechea karwinskii. Doctorado. CIIDIR Unidad Oaxaca. Fecha de examen 26 de marzo de 2019.<\/li>\n<\/ol>\n\n\n\n<p>&nbsp;<\/p>\n\n\n\n<h3 class=\"wp-block-heading\">Posibles temas para tesis para estudiantes de licenciatura o posgrado \/ possible thesis theme for bachelor &nbsp;or posgrade students<\/h3>\n\n\n\n<h4 class=\"wp-block-heading\">Licenciatura \/ Bachelor<\/h4>\n\n\n\n<ol class=\"wp-block-list\">\n<li>Flor\u00edstica de orqu\u00eddeas en regiones de la Mixteca y Sierra Sur de Oaxaca<\/li>\n\n\n\n<li>Conocimiento tradicional y comercio de plantas silvestres, especialmente orqu\u00eddeas) en comunidades y mercados tradicionales de Oaxaca<\/li>\n\n\n\n<li>Morfometr\u00eda de orqu\u00eddeas silvestres de M\u00e9xico<\/li>\n<\/ol>\n\n\n\n<h4 class=\"wp-block-heading\">Posgrado en ciencias \/ Posgrado&nbsp;in Sciences<\/h4>\n\n\n\n<ol class=\"wp-block-list\">\n<li>Revisi\u00f3n taxon\u00f3mica de orqu\u00eddeas mexicanas de la subtribu Pleurothallidinae<\/li>\n\n\n\n<li>Comercio de orqu\u00eddeas y sistemas socioecol\u00f3gicos<\/li>\n\n\n\n<li>Sistemas reproductivos en orqu\u00eddeas nativas de Oaxaca<\/li>\n\n\n\n<li>Morfometr\u00eda intrapoblacional den especies de orqu\u00eddeas<\/li>\n<\/ol>\n","protected":false},"excerpt":{"rendered":"<p>I. LICENCIATURA II. MAESTRIA III. DOCTORADO &nbsp; Posibles temas para tesis para estudiantes de licenciatura o posgrado \/ possible thesis theme for bachelor &nbsp;or posgrade students Licenciatura \/ Bachelor Posgrado en ciencias \/ Posgrado&nbsp;in Sciences<\/p>\n","protected":false},"author":15,"featured_media":0,"parent":0,"menu_order":0,"comment_status":"closed","ping_status":"closed","template":"","meta":{"_swt_meta_header_display":false,"_swt_meta_footer_display":false,"_swt_meta_site_title_display":false,"_swt_meta_sticky_header":false,"_swt_meta_transparent_header":false,"footnotes":""},"class_list":["post-8","page","type-page","status-publish","hentry"],"_links":{"self":[{"href":"https:\/\/web.ciidiroaxaca.ipn.mx\/asolanog\/wp-json\/wp\/v2\/pages\/8","targetHints":{"allow":["GET"]}}],"collection":[{"href":"https:\/\/web.ciidiroaxaca.ipn.mx\/asolanog\/wp-json\/wp\/v2\/pages"}],"about":[{"href":"https:\/\/web.ciidiroaxaca.ipn.mx\/asolanog\/wp-json\/wp\/v2\/types\/page"}],"author":[{"embeddable":true,"href":"https:\/\/web.ciidiroaxaca.ipn.mx\/asolanog\/wp-json\/wp\/v2\/users\/15"}],"replies":[{"embeddable":true,"href":"https:\/\/web.ciidiroaxaca.ipn.mx\/asolanog\/wp-json\/wp\/v2\/comments?post=8"}],"version-history":[{"count":2,"href":"https:\/\/web.ciidiroaxaca.ipn.mx\/asolanog\/wp-json\/wp\/v2\/pages\/8\/revisions"}],"predecessor-version":[{"id":39,"href":"https:\/\/web.ciidiroaxaca.ipn.mx\/asolanog\/wp-json\/wp\/v2\/pages\/8\/revisions\/39"}],"wp:attachment":[{"href":"https:\/\/web.ciidiroaxaca.ipn.mx\/asolanog\/wp-json\/wp\/v2\/media?parent=8"}],"curies":[{"name":"wp","href":"https:\/\/api.w.org\/{rel}","templated":true}]}}