{"id":7,"date":"2011-11-03T21:45:26","date_gmt":"2011-11-03T21:45:26","guid":{"rendered":"https:\/\/web.ciidiroaxaca.ipn.mx\/asolanog\/proyectos\/"},"modified":"2025-10-08T20:46:02","modified_gmt":"2025-10-08T20:46:02","slug":"proyectos","status":"publish","type":"page","link":"https:\/\/web.ciidiroaxaca.ipn.mx\/asolanog\/proyectos\/","title":{"rendered":"Proyectos de Investigaci\u00f3n"},"content":{"rendered":"\n<h3 class=\"wp-block-heading\">PROYECTOS DE INVESTIGACI\u00d3N CONCLUIDOS \/ Research projects concluded<\/h3>\n\n\n\n<ul class=\"wp-block-list\">\n<li>Hacia un manejo agroecol\u00f3gico de agaves y ma\u00edces nativos de Oaxaca (clave 20253707) responsable.<\/li>\n\n\n\n<li>Listado actualizado de Orchidaceae de M\u00e9xico (clave SIP 20241893), responsable.<\/li>\n\n\n\n<li>Estudio morfom\u00e9trico y sistem\u00e1tica del complejo de <em>Prosthechea citrina<\/em><\/li>\n\n\n\n<li>(Orchidaceae) (Clave SIP 20231610), responsable.<\/li>\n\n\n\n<li>Estudio morfom\u00e9trico y qu\u00edmico en poblaciones de la orqu\u00eddea <em>Prosthechea karwisnkii<\/em> en Oaxaca (clave SIP 20220893), responsable.<\/li>\n\n\n\n<li>Orqu\u00eddeas comercializadas en M\u00e9xico a trav\u00e9s de redes sociales y exportadas con permiso de la CITES (clave SIP 20211085), responsable.<\/li>\n\n\n\n<li>Cat\u00e1logo taxon\u00f3mico actualizado para Orchidaceae de M\u00e9xico (clave SIP 20200621), responsable.<\/li>\n\n\n\n<li>Biolog\u00eda reproductiva de una orqu\u00eddea end\u00e9mica de Oaxaca, Laelia furfuracea (Clave SIP 20195597), responsable.<\/li>\n\n\n\n<li>Evaluaci\u00f3n del efecto antiinflamatorio y mecanismo de acci\u00f3n de la orqu\u00eddea Prosthechea karwinskii como tratamiento alternativo. Proyecto multidisciplinario SIP, con apoyo econ\u00f3mico institucional (clave SIP 20180435), participante<\/li>\n\n\n\n<li>Actualizaci\u00f3n del cat\u00e1logo de autoridades taxon\u00f3micas para Orchidaceae de M\u00e9xico. Con apoyo econ\u00f3mico de CONABIO (clave KT005), responsable. Finalizado.<\/li>\n\n\n\n<li>An\u00e1lisis de la legislaci\u00f3n ambiental mexicana para la conservaci\u00f3n y manejo de orqu\u00eddeas. Con apoyo econ\u00f3mico institucional (clave SIP 20161110), responsable.<\/li>\n\n\n\n<li>Biolog\u00eda reproductiva de una orqu\u00eddea end\u00e9mica de Oaxaca, Laelia furfuracea. Con apoyo econ\u00f3mico institucional (clave SIP 20195597). Resposnsable. Finalizado<\/li>\n\n\n\n<li>Fortalecimiento del Laboratorio de Extracci\u00f3n y An\u00e1lisis de Productos Naturalesd Vegetales. Con apoyo enon\u00f3mico de CONACYT, convocatoria 2016 \u00abApoyo al Fortalecimiento de la Infraestructura Cient\u00edfica y Tecnol\u00f3gica\u00bb (clave INFR-2016-01). Colaborador. Finalizado.<\/li>\n\n\n\n<li>Variabilidad geogr\u00e1fica en la composici\u00f3n del extracto hidroetan\u00f3lico de la orqu\u00eddea Prosthechea karwinskii y su potencial antiinflamatorio (clave SIP 20170169). Responsable. Finalizado.<\/li>\n\n\n\n<li>Actualizaci\u00f3n del cat\u00e1logo de autoridades taxon\u00f3micas para Orchidaceae de M\u00e9xico. Con apoyo econ\u00f3mico de CONABIO (clave KT005). Responsable. Finalizado.<\/li>\n\n\n\n<li>An\u00e1lisis de la legislaci\u00f3n ambiental mexicana para la conservaci\u00f3n y manejo de orqu\u00eddeas. Con apoyo econ\u00f3mico institucional (clave SIP 20161110). Responsable. Finalizado.<\/li>\n\n\n\n<li>Sistemas reproductivos e hibridaci\u00f3n en especies simp\u00e1tricas del g\u00e9nero Lepanthes (Orchidaceae). Con apoyo econ\u00f3mico institucional (clave SIP 20151431), responsable.<\/li>\n\n\n\n<li>Patrones de distribuci\u00f3n en orqu\u00eddeas de Oaxaca ante escenarios de cambio clim\u00e1tico. Con apoyo econ\u00f3mico institucional (clave SIP 20140069). Responsable. Finalizado.<\/li>\n\n\n\n<li>Estratificaci\u00f3n vertical de una comunidad de ep\u00edfitas vasculares en un bosque de encino. Con apoyo econ\u00f3mico institucional (clave SIP 20131364). Responsable. Finalizado.<\/li>\n\n\n\n<li>Icones Orchidacearum: Orchids of Mexico Part 5. Con apoyo econ\u00f3mico institucional (clave SIP 20110478 y SIP 210121328). Responsable. Finalizado.<\/li>\n\n\n\n<li>Biogeograf\u00eda de las orqu\u00eddeas de M\u00e9xico: integraci\u00f3n de enfoques ecol\u00f3gico y evolutivo. Instituto de Biolog\u00eda-UNAM y CIIDIR Unidad Oaxaca-IPN. Colaborador. Finalizado.<\/li>\n\n\n\n<li>Diversidad y conservaci\u00f3n de las orqu\u00eddeas del corredor biol\u00f3gico Tacan\u00e1-Boquer\u00f3n, Chiapas. CIIDIR Unidad Oaxaca-IPN y El Colegio de la Frontera Sur Tapachula, con apoyo econ\u00f3mico de Fondos Mixtos Gobierno de Chiapas-CONACYT (clave CHIS-2006-C06-45802). Colaborador.<\/li>\n\n\n\n<li>Orqu\u00eddeas en riesgo del estado de Oaxaca. CIIDIR Unidad Oaxaca-IPN, con apoyo econ\u00f3mico institucional (clave SIP 20090393). Responsable.<\/li>\n\n\n\n<li>Manejo y conservaci\u00f3n de las orqu\u00eddeas de la reserva comunal de Santa Mar\u00eda Huitepec, Oaxaca. CIIDIR Unidad Oaxaca-IPN, con apoyo econ\u00f3mico institucional (clave SIP 20080292) y de la Comunidad de Santa Mar\u00eda Huitepec. Responsable.<\/li>\n\n\n\n<li>Sistema de informaci\u00f3n geogr\u00e1fica para las orqu\u00eddeas del estado de Oaxaca: Subtribus Pleurothallidinae y Laeliinae. CIIDIR Unidad Oaxaca-IPN, con apoyo institucional (clave SIP 20060492), responsable.<\/li>\n\n\n\n<li>Informaci\u00f3n actualizada para las especies mexicanas de la subtribu Pleurothallidinae (Orchidaceae) incluidas en la CITES y de tres especies de orqu\u00eddeas de la NOM-059-SEMARNAT-2001. CIIDIR Unidad Oaxaca, IPN; con apoyo econ\u00f3mico de CONABIO (clave CK017) e institucional (clave SIP 20050277), responsable.<\/li>\n\n\n\n<li>Informaci\u00f3n actualizada sobre las especies de orqu\u00eddeas del PROY-NOM-059-ECOL-20001. Instituto Chino\u00edn y CIIDIR Unidad Oaxaca-IPN, con apoyo econ\u00f3mico de CONABIO (clave W029), colaborador.<\/li>\n\n\n\n<li>Orqu\u00eddeas de M\u00e9xico. Herbario AMO-Instituto Chino\u00edn y CIIDIR Unidad Oaxaca-IPN, con apoyo econ\u00f3mico de CONABIO (clave P107), colaborador.<\/li>\n<\/ul>\n\n\n\n<h5 class=\"wp-block-heading\">&nbsp;<\/h5>\n","protected":false},"excerpt":{"rendered":"<p>PROYECTOS DE INVESTIGACI\u00d3N CONCLUIDOS \/ Research projects concluded &nbsp;<\/p>\n","protected":false},"author":15,"featured_media":0,"parent":0,"menu_order":0,"comment_status":"closed","ping_status":"closed","template":"","meta":{"_swt_meta_header_display":false,"_swt_meta_footer_display":false,"_swt_meta_site_title_display":false,"_swt_meta_sticky_header":false,"_swt_meta_transparent_header":false,"footnotes":""},"class_list":["post-7","page","type-page","status-publish","hentry"],"_links":{"self":[{"href":"https:\/\/web.ciidiroaxaca.ipn.mx\/asolanog\/wp-json\/wp\/v2\/pages\/7","targetHints":{"allow":["GET"]}}],"collection":[{"href":"https:\/\/web.ciidiroaxaca.ipn.mx\/asolanog\/wp-json\/wp\/v2\/pages"}],"about":[{"href":"https:\/\/web.ciidiroaxaca.ipn.mx\/asolanog\/wp-json\/wp\/v2\/types\/page"}],"author":[{"embeddable":true,"href":"https:\/\/web.ciidiroaxaca.ipn.mx\/asolanog\/wp-json\/wp\/v2\/users\/15"}],"replies":[{"embeddable":true,"href":"https:\/\/web.ciidiroaxaca.ipn.mx\/asolanog\/wp-json\/wp\/v2\/comments?post=7"}],"version-history":[{"count":5,"href":"https:\/\/web.ciidiroaxaca.ipn.mx\/asolanog\/wp-json\/wp\/v2\/pages\/7\/revisions"}],"predecessor-version":[{"id":48,"href":"https:\/\/web.ciidiroaxaca.ipn.mx\/asolanog\/wp-json\/wp\/v2\/pages\/7\/revisions\/48"}],"wp:attachment":[{"href":"https:\/\/web.ciidiroaxaca.ipn.mx\/asolanog\/wp-json\/wp\/v2\/media?parent=7"}],"curies":[{"name":"wp","href":"https:\/\/api.w.org\/{rel}","templated":true}]}}