{"id":9,"date":"2011-10-28T16:13:22","date_gmt":"2011-10-28T16:13:22","guid":{"rendered":"https:\/\/web.ciidiroaxaca.ipn.mx\/artoledol\/proyectos-de-investigacion\/"},"modified":"2025-10-16T15:16:00","modified_gmt":"2025-10-16T21:16:00","slug":"proyectos-de-investigacion","status":"publish","type":"page","link":"https:\/\/web.ciidiroaxaca.ipn.mx\/artoledol\/proyectos-de-investigacion\/","title":{"rendered":"Proyectos de investigaci\u00f3n"},"content":{"rendered":"\n<h3 class=\"wp-block-heading\">Director de Proyecto<\/h3>\n\n\n\n<p>Enero 2025-Diciembre 2027. Impactos sociales del cambio de uso de suelo en la seguridad alimentaria. Un estudio exploratorio en tres comunidades rurales de las regiones del agave-mezcal en Oaxaca. SIP 20253744<\/p>\n\n\n\n<p>Enero 2024-Diciembre 2024. Retos y Perspectivas del Emprendimiento ind\u00edgena. Una revisi\u00f3n sistem\u00e1tica de la literatura y del contexto. SIP20242432<\/p>\n\n\n\n<p>Enero 2023-Diciembre 2023. Comportamiento de compra del consumidor de Mezcal en Oaxaca. Explorando los efectos de los valores cognitivos y emocionales percibidos en la compra. SIP20231170<\/p>\n\n\n\n<p>Enero 2022-Diciembre 2022. Estrategias de Continuidad ante el COVID-19 de las MiPyMEs en Oaxaca, M\u00e9xico. Una Perspectiva de Contingencia. SIP20221700<\/p>\n\n\n\n<p>Enero 2021-Diciembre 2021. Intenci\u00f3n y comportamiento hacia la vacuna del Covid-19. Un estudio desde el modelo de conducta dirigido a la meta. SIP20211418<\/p>\n\n\n\n<p>Enero 2019-Diciembre 2020. Las cinco fuerzas del mercado y la cadena de valor para la producci\u00f3n y comercializaci\u00f3n de productos del agave-mezcal. Un estudio exploratorio desde la ventaja competitiva de la agroindustria de mezcal en Oaxaca. SIP 20190143.<\/p>\n\n\n\n<p>Enero-Diciembre 2018. An\u00e1lisis Exploratorio de las Pr\u00e1cticas y Resultados de la Innovaci\u00f3n en un Contexto de Negocios de Subsistencia. SIP 201808800<\/p>\n\n\n\n<p>Enero-Diciembre 2017. La Orientaci\u00f3n al Mercado de los Negocios de Subsistencia. SIP 20171801<\/p>\n\n\n\n<p>Enero-Diciembre 2016. Cadena de Valor del Mezcal en Oaxaca desde la perspectiva de la co-creaci\u00f3n de valor sustentable. SIP 20161442<\/p>\n\n\n\n<p>Enero-Diciembre 2015. Estrategias de comercializaci\u00f3n de productos tradicionales oaxaque\u00f1os. Un estudio exploratorio desde la perspectiva del comercio justo. SIP 20151455<\/p>\n\n\n\n<p>Enero-Diciembre 2014. Estrategias de Innovaci\u00f3n y Competitividad de los negocios de Artesan\u00eda. SIP 20141447. Vigente<\/p>\n\n\n\n<p>Enero \u2013Diciembre 2013: Rescate de dise\u00f1os tradicionales e innovaci\u00f3n de productos: el caso de la artesan\u00eda textil de Mitla Oaxaca, M\u00e9xico. SIP 20130087.&nbsp;<\/p>\n\n\n\n<p>Enero \u2013Diciembre 2012: Rescate de dise\u00f1os tradicionales e innovaci\u00f3n de productos: el caso de la artesan\u00eda textil de Mitla Oaxaca, M\u00e9xico. SIP 20120017<\/p>\n\n\n\n<p>Enero &#8211; Diciembre 2011: C\u00f3mo las relaciones de agencia y el acceso a los recursos afectan el comportamiento de los negocios de artesan\u00edas en M\u00e9xico. SIP20110088<\/p>\n\n\n\n<p>Enero &#8211; Diciembre 2010: C\u00f3mo las relaciones de agencia y el acceso a los recursos afectan el comportamiento de los negocios de artesan\u00edas en M\u00e9xico. SIP20100269<\/p>\n\n\n\n<h3 class=\"wp-block-heading\">Participante<\/h3>\n\n\n\n<p>El desempe\u00f1o de las peque\u00f1as y medianas empresas (PyMES) de M\u00e9xico bajo un enfoque de orientaci\u00f3n emprendedora. SIP 20100283. Vigente<\/p>\n\n\n\n<p>Metodolog\u00eda de diagn\u00f3stico y propuesta de un modelo de &nbsp;desarrollo econ\u00f3mico, que contribuya al incremento del ingreso en familias de comunidades rurales ind\u00edgenas de M\u00e9xico. Financiamiento externo. Fondo para la Paz, A.C.<\/p>\n\n\n\n<p>Capacidades tecnol\u00f3gicas en MIPYMES de sectores tradicionales. SIP 20090199<\/p>\n\n\n\n<p>El desempe\u00f1o de las peque\u00f1as y medianas empresas (PyMES) de M\u00e9xico bajo un enfoque de orientaci\u00f3n emprendedora. SIP 20090280<\/p>\n\n\n\n<p>La construcci\u00f3n de capacidades tecnol\u00f3gicas basadas en conocimiento en la micro, peque\u00f1a y mediana empresa de la manufactura en Oaxaca: una exploraci\u00f3n emp\u00edrica &nbsp;SIP: 20080464 &nbsp;<\/p>\n\n\n\n<p>An\u00e1lisis de las estrategias de producci\u00f3n y comercializaci\u00f3n en sistemas de producci\u00f3n artesanal, CGPI 988018<\/p>\n\n\n\n<p>Estrategias alternativas de producci\u00f3n en Oaxaca. CGPI 20020519&nbsp;<\/p>\n\n\n\n<p>An\u00e1lisis de la competitividad para desarrollo de las artesan\u00edas. CONACYT 29325, CGPI 988018<\/p>\n\n\n\n<p><\/p>\n","protected":false},"excerpt":{"rendered":"<p>Director de Proyecto Enero 2025-Diciembre 2027. Impactos sociales del cambio de uso de suelo en la seguridad alimentaria. Un estudio exploratorio en tres comunidades rurales de las regiones del agave-mezcal en Oaxaca. SIP 20253744 Enero 2024-Diciembre 2024. Retos y Perspectivas del Emprendimiento ind\u00edgena. Una revisi\u00f3n sistem\u00e1tica de la literatura y del contexto. SIP20242432 Enero 2023-Diciembre [&hellip;]<\/p>\n","protected":false},"author":5,"featured_media":0,"parent":0,"menu_order":0,"comment_status":"closed","ping_status":"closed","template":"","meta":{"_swt_meta_header_display":false,"_swt_meta_footer_display":false,"_swt_meta_site_title_display":false,"_swt_meta_sticky_header":false,"_swt_meta_transparent_header":false,"footnotes":""},"class_list":["post-9","page","type-page","status-publish","hentry"],"_links":{"self":[{"href":"https:\/\/web.ciidiroaxaca.ipn.mx\/artoledol\/wp-json\/wp\/v2\/pages\/9","targetHints":{"allow":["GET"]}}],"collection":[{"href":"https:\/\/web.ciidiroaxaca.ipn.mx\/artoledol\/wp-json\/wp\/v2\/pages"}],"about":[{"href":"https:\/\/web.ciidiroaxaca.ipn.mx\/artoledol\/wp-json\/wp\/v2\/types\/page"}],"author":[{"embeddable":true,"href":"https:\/\/web.ciidiroaxaca.ipn.mx\/artoledol\/wp-json\/wp\/v2\/users\/5"}],"replies":[{"embeddable":true,"href":"https:\/\/web.ciidiroaxaca.ipn.mx\/artoledol\/wp-json\/wp\/v2\/comments?post=9"}],"version-history":[{"count":4,"href":"https:\/\/web.ciidiroaxaca.ipn.mx\/artoledol\/wp-json\/wp\/v2\/pages\/9\/revisions"}],"predecessor-version":[{"id":53,"href":"https:\/\/web.ciidiroaxaca.ipn.mx\/artoledol\/wp-json\/wp\/v2\/pages\/9\/revisions\/53"}],"wp:attachment":[{"href":"https:\/\/web.ciidiroaxaca.ipn.mx\/artoledol\/wp-json\/wp\/v2\/media?parent=9"}],"curies":[{"name":"wp","href":"https:\/\/api.w.org\/{rel}","templated":true}]}}