{"id":7,"date":"2011-10-28T16:01:19","date_gmt":"2011-10-28T16:01:19","guid":{"rendered":"https:\/\/web.ciidiroaxaca.ipn.mx\/artoledol\/dra-arcelia-toledo-lopez\/"},"modified":"2025-10-16T15:11:13","modified_gmt":"2025-10-16T21:11:13","slug":"dra-arcelia-toledo-lopez","status":"publish","type":"page","link":"https:\/\/web.ciidiroaxaca.ipn.mx\/artoledol\/","title":{"rendered":"Dra. Arcelia Toledo L\u00f3pez"},"content":{"rendered":"\n<figure class=\"wp-block-image aligncenter is-resized\"><img decoding=\"async\" src=\"https:\/\/web.ciidiroaxaca.ipn.mx\/artoledol\/wp-content\/uploads\/sites\/5\/2011\/10\/WhatsApp-Image-2024-10-24-at-12.51.31-PM_0.jpeg\" alt=\"\" style=\"width:253px;height:auto\" \/><\/figure>\n\n\n\n<p><\/p>\n\n\n\n<p class=\"has-text-align-center\"><strong>Doctora en Filosof\u00eda en Administraci\u00f3n (Ph.D. in Management)<\/strong><\/p>\n\n\n\n<p class=\"has-text-align-center\">Egresada de la Escuela de Graduados en Administraci\u00f3n y Direcci\u00f3n de Empresas del&nbsp;Instituto Tecnol\u00f3gico y de Estudios Superiores de Monterrey (EGADE Business School-ITESM Monterrey)<\/p>\n\n\n\n<p class=\"has-text-align-center\">Especialidad \u00c1rea Mayor: Estrategia de Empresas<\/p>\n\n\n\n<p class=\"has-text-align-center\">\u00c1rea Menor: Comportamiento Organizacional<\/p>\n\n\n\n<p class=\"has-text-align-center\">Profesor colegiado del posgrado del CIIDIR Oaxaca, Instituto Polit\u00e9cnico Nacional<\/p>\n\n\n\n<p class=\"has-text-align-center\">Miembro del Sistema Nacional de Investigadores Nivel I<\/p>\n\n\n\n<p class=\"has-text-align-center\">Coordinadora del Programa de la MCCARN<\/p>\n\n\n\n<p class=\"has-text-align-center\">Cuerpo Acad\u00e9mico de Adm\u00f3n de Recursos Naturales<\/p>\n\n\n\n<p class=\"has-text-align-center\">2021 IFSAM Award for Excellence in Indigenous Management Scholarship<\/p>\n\n\n\n<p class=\"has-text-align-center\">Responsable de Admision de Miembres\u00eda ACACIA, A.C.<\/p>\n\n\n\n<p class=\"has-text-align-center\"><strong>Linea de Investigaci\u00f3n:<\/strong><\/p>\n\n\n\n<p class=\"has-text-align-center\">Estrategias de negocios, emprendimiento y comportamiento organizacional de las Micros, Peque\u00f1as y Medianas Empresas (MiPyMEs) en el contexto latinoamericano, con \u00e9nfasis en&nbsp;explicar el comportamiento y&nbsp;resultados organizacionales de los negocios que operan en industrias fragmentadas, mercados de subsistencia y\/o en la base de la Pir\u00e1mide.<\/p>\n\n\n\n<p class=\"has-text-align-center\">Correo electr\u00f3nico: artoledol@ipn.mx &nbsp; &nbsp;Extensi\u00f3n: 82784<\/p>\n\n\n\n<p><\/p>\n","protected":false},"excerpt":{"rendered":"<p>Doctora en Filosof\u00eda en Administraci\u00f3n (Ph.D. in Management) Egresada de la Escuela de Graduados en Administraci\u00f3n y Direcci\u00f3n de Empresas del&nbsp;Instituto Tecnol\u00f3gico y de Estudios Superiores de Monterrey (EGADE Business School-ITESM Monterrey) Especialidad \u00c1rea Mayor: Estrategia de Empresas \u00c1rea Menor: Comportamiento Organizacional Profesor colegiado del posgrado del CIIDIR Oaxaca, Instituto Polit\u00e9cnico Nacional Miembro del Sistema [&hellip;]<\/p>\n","protected":false},"author":5,"featured_media":0,"parent":0,"menu_order":0,"comment_status":"closed","ping_status":"closed","template":"","meta":{"_swt_meta_header_display":false,"_swt_meta_footer_display":false,"_swt_meta_site_title_display":false,"_swt_meta_sticky_header":false,"_swt_meta_transparent_header":false,"footnotes":""},"class_list":["post-7","page","type-page","status-publish","hentry"],"_links":{"self":[{"href":"https:\/\/web.ciidiroaxaca.ipn.mx\/artoledol\/wp-json\/wp\/v2\/pages\/7","targetHints":{"allow":["GET"]}}],"collection":[{"href":"https:\/\/web.ciidiroaxaca.ipn.mx\/artoledol\/wp-json\/wp\/v2\/pages"}],"about":[{"href":"https:\/\/web.ciidiroaxaca.ipn.mx\/artoledol\/wp-json\/wp\/v2\/types\/page"}],"author":[{"embeddable":true,"href":"https:\/\/web.ciidiroaxaca.ipn.mx\/artoledol\/wp-json\/wp\/v2\/users\/5"}],"replies":[{"embeddable":true,"href":"https:\/\/web.ciidiroaxaca.ipn.mx\/artoledol\/wp-json\/wp\/v2\/comments?post=7"}],"version-history":[{"count":7,"href":"https:\/\/web.ciidiroaxaca.ipn.mx\/artoledol\/wp-json\/wp\/v2\/pages\/7\/revisions"}],"predecessor-version":[{"id":51,"href":"https:\/\/web.ciidiroaxaca.ipn.mx\/artoledol\/wp-json\/wp\/v2\/pages\/7\/revisions\/51"}],"wp:attachment":[{"href":"https:\/\/web.ciidiroaxaca.ipn.mx\/artoledol\/wp-json\/wp\/v2\/media?parent=7"}],"curies":[{"name":"wp","href":"https:\/\/api.w.org\/{rel}","templated":true}]}}