{"id":11,"date":"2011-10-28T18:21:03","date_gmt":"2011-10-28T18:21:03","guid":{"rendered":"https:\/\/web.ciidiroaxaca.ipn.mx\/artoledol\/actividades-academicas\/"},"modified":"2025-09-01T19:34:39","modified_gmt":"2025-09-01T19:34:39","slug":"actividades-academicas","status":"publish","type":"page","link":"https:\/\/web.ciidiroaxaca.ipn.mx\/artoledol\/actividades-academicas\/","title":{"rendered":"Actividades acad\u00e9micas"},"content":{"rendered":"\n<h4 class=\"wp-block-heading\">Docente de las asignaturas:<\/h4>\n\n\n\n<ul class=\"wp-block-list\">\n<li>Profesor Titular en Teor\u00eda de la Administraci\u00f3n<\/li>\n\n\n\n<li>Profesor Titular en Topicos Selectos de Estadistica Avanzada para Ciencias Sociales<\/li>\n\n\n\n<li>Profesor Titular \u00a0en Seminarios de Investigaci\u00f3n<\/li>\n\n\n\n<li>Profesor Titular de Teor\u00eda de la Empresa<\/li>\n\n\n\n<li>Profesor Titular de Seminario de Ciencias Empresariales<\/li>\n\n\n\n<li>T\u00f3picos Selectos<\/li>\n<\/ul>\n\n\n\n<h4 class=\"wp-block-heading\">Distinciones Recibidas:<\/h4>\n\n\n\n<ul class=\"wp-block-list\">\n<li>IFSAM Award for Excellence in Indigenous Management Scholarship (2021). Premio a la excelencia Academica en gestion ind\u00edgena, otorgado por el International Federation of Scholarly Associations of Management (IFSAM), Brucelas-Region Belgica.\u00a0<\/li>\n\n\n\n<li>Coordinadora General del XXIV Congreso Internacional de Investigaci\u00f3n en Ciencias Administrativas (ACACIA), A.C. \u201cRetos y perspectivas de Negocios con Peque\u00f1os productores\u201d. Del 27-30 DE mayo 2021. Oaxaca, Oax.<\/li>\n\n\n\n<li>Coordinadora General del XIII Simposio Paradigmas Emergentes de las ciencias Administrativas. Sustentabilidad Organizacional organizado el 4 y 5 de noviembre 2019. En IPN CIIDIR Oax.<\/li>\n\n\n\n<li>2010- a la fecha: Miembro del Sistema Nacional de Investigadores, Nivel I<\/li>\n\n\n\n<li>2004-2007: Becaria de IFP- M\u00e9xico Cohert III (The Ford Foundation International Fellowships Program)<\/li>\n\n\n\n<li>Miembro Titular de la Academia de Ciencias Administrativas, A.C.\u00a0<\/li>\n\n\n\n<li>2019-2025: Responsable del Cap\u00edtulo de PyMEs de la\u00a0Academia de Ciencias Administrativas, A.C.\u00a0<\/li>\n\n\n\n<li>Miembro de la Red Mexicana de Investigadores en Estudios Organizacional<\/li>\n\n\n\n<li>2009 a la fecha. Anfitrion del Programa de Verano de la Investigaci\u00f3n Cientifica (Delfin y AMC)<\/li>\n\n\n\n<li>D\u00eda internacional de la Mujer (2019). Reconocimiento \u201cAngela Jimenez\u201d. Por eliminar barreras y acelerar los avances hacia la igualdad de g\u00e9nero, inspirando y transformado a m\u00e1s mujeres. Municipio de Oaxaca de Ju\u00e1rez, Oax. M\u00e9xico.<\/li>\n\n\n\n<li>Best Paper Award 2017 por el Paper \u201cPurchase intention of ethnic textile: The mediating role of attitude of Mexican middle-class\u00a0consumers\u201d en el XV International Business and Economy Conference (IBEC).Universidad Austral de Chile.<\/li>\n\n\n\n<li>Outstanding Research and Best in Session Award Winners 2016 por el Paper \u201cResponsabilidad social y desempe\u00f1o econ\u00f3mico en empresas del sector de bienes y servicios en M\u00e9xico. Otorgado por\u00a0 The Institute for Business and Finance Research (IBFR), en el marco del The Hawaii 2016 Global Conference on Business and Finance (GCBF), at Honolulu, Island of Oahu<\/li>\n\n\n\n<li>Outstanding Research and Best in Session Award Winners 2015 por el Paper \u201cReacci\u00f3n de los peque\u00f1os negocios ante la crisis de la naturaleza: El capital humano en la relaci\u00f3n orientaci\u00f3n estrat\u00e9gica y desempe\u00f1o. Otorgado por The Institute for Business and Finance Research (IBFR), en el marco de the Costa Rica 2015 Global Conference on Business and Finance (GCBF) at San Jos\u00e9 Costa Rica.<\/li>\n\n\n\n<li>Outstanding Research and Best in Session Award Winners 2015 por el Paper \u201cEl \u00e9xito de los negocios de subsistencia de artesan\u00eda y su relaci\u00f3n con el desempe\u00f1o\u201d otorgado por The Institute for Business and Finance Research (IBFR) en el marco de Global Conference on Business and Finance (GCBF), Las Vegas, Nevada, US.<\/li>\n\n\n\n<li>Premio Ra\u00fal Conde, otorgado por la Academia de Ciencias Administrativas con la distinci\u00f3n por la mejor ponencia del XIX congreso internacional de investigaci\u00f3n en Ciencias Administrativas. 21-24 Abril 2015, Durango,\u00a0 Dgo.<\/li>\n\n\n\n<li>Mejor Ponencia del Cap\u00edtulo de PyMEs, otorgado por la Academia de Ciencias Administrativas con la distinci\u00f3n por la mejor ponencia del XIX congreso internacional de investigaci\u00f3n en Ciencias Administrativas. 21-24 Abril 2015, Durango,\u00a0 Dgo.<\/li>\n\n\n\n<li>Mejor Ponencia del Cap\u00edtulo de Administraci\u00f3n Estrat\u00e9gica, otorgado por la Academia de Ciencias Administrativas con la distinci\u00f3n por la mejor ponencia del XIX congreso internacional de investigaci\u00f3n en Ciencias Administrativas. 21-24 Abril 2015, Durango,\u00a0 Dgo.<\/li>\n<\/ul>\n","protected":false},"excerpt":{"rendered":"<p>Docente de las asignaturas: Distinciones Recibidas:<\/p>\n","protected":false},"author":5,"featured_media":0,"parent":0,"menu_order":0,"comment_status":"closed","ping_status":"closed","template":"","meta":{"_swt_meta_header_display":false,"_swt_meta_footer_display":false,"_swt_meta_site_title_display":false,"_swt_meta_sticky_header":false,"_swt_meta_transparent_header":false,"footnotes":""},"class_list":["post-11","page","type-page","status-publish","hentry"],"_links":{"self":[{"href":"https:\/\/web.ciidiroaxaca.ipn.mx\/artoledol\/wp-json\/wp\/v2\/pages\/11","targetHints":{"allow":["GET"]}}],"collection":[{"href":"https:\/\/web.ciidiroaxaca.ipn.mx\/artoledol\/wp-json\/wp\/v2\/pages"}],"about":[{"href":"https:\/\/web.ciidiroaxaca.ipn.mx\/artoledol\/wp-json\/wp\/v2\/types\/page"}],"author":[{"embeddable":true,"href":"https:\/\/web.ciidiroaxaca.ipn.mx\/artoledol\/wp-json\/wp\/v2\/users\/5"}],"replies":[{"embeddable":true,"href":"https:\/\/web.ciidiroaxaca.ipn.mx\/artoledol\/wp-json\/wp\/v2\/comments?post=11"}],"version-history":[{"count":2,"href":"https:\/\/web.ciidiroaxaca.ipn.mx\/artoledol\/wp-json\/wp\/v2\/pages\/11\/revisions"}],"predecessor-version":[{"id":30,"href":"https:\/\/web.ciidiroaxaca.ipn.mx\/artoledol\/wp-json\/wp\/v2\/pages\/11\/revisions\/30"}],"wp:attachment":[{"href":"https:\/\/web.ciidiroaxaca.ipn.mx\/artoledol\/wp-json\/wp\/v2\/media?parent=11"}],"curies":[{"name":"wp","href":"https:\/\/api.w.org\/{rel}","templated":true}]}}