{"id":10,"date":"2011-10-28T16:19:04","date_gmt":"2011-10-28T16:19:04","guid":{"rendered":"https:\/\/web.ciidiroaxaca.ipn.mx\/artoledol\/tesis\/"},"modified":"2025-09-01T20:23:37","modified_gmt":"2025-09-01T20:23:37","slug":"tesis","status":"publish","type":"page","link":"https:\/\/web.ciidiroaxaca.ipn.mx\/artoledol\/tesis\/","title":{"rendered":"Tesis"},"content":{"rendered":"\n<h3 class=\"wp-block-heading\">Concluidas<\/h3>\n\n\n\n<h4 class=\"wp-block-heading\">Nivel Licenciatura<\/h4>\n\n\n\n<p>Mayra Gabriela Cuevas Ram\u00edrez. Estudio de Mercado para la Industria Ladrillera de San Francisco Tutla, Santa Lucia del Camino, Oaxaca. Examen 05\/10\/2017. Ingenier\u00eda en Desarrollo Comunitario, Instituto Tecnol\u00f3gico Superior de San Miguel el Grande, Oaxaca.<\/p>\n\n\n\n<p>Epifanio Osorio S\u00e1nchez. Comercializaci\u00f3n y presentaci\u00f3n de las tostadas org\u00e1nicas del grupo Conatura Tlapiani A.C. en el municipio de Santa Mar\u00eda Tonameca. Examen 29\/11\/2017. Ingenier\u00eda en Desarrollo Comunitario, Instituto Tecnol\u00f3gico Superior de San Miguel el Grande, Oaxaca.<\/p>\n\n\n\n<p>Francisco Javier D\u00edaz Gutierrez. \u201cArtesan\u00edas de Santa Mar\u00eda Tlahuiltoltepec Mixe Oaxaca: desde una Perspectiva Empresarial\u201d. Examen 02\/06\/2014. Ingenier\u00eda en Gesti\u00f3n Empresarial, Instituto Tecnol\u00f3gico de la Regi\u00f3n Mixe, Oaxaca<\/p>\n\n\n\n<p>Cristina V\u00e1squez V\u00e1squez. \u201cArtesan\u00edas de Santa Mar\u00eda Tlahuiltoltepec Mixe Oaxaca: desde una Perspectiva Empresarial\u201d. Examen 02\/06\/2014. Ingenier\u00eda en Gesti\u00f3n Empresarial, Instituto Tecnol\u00f3gico de la Regi\u00f3n Mixe, Oaxaca<\/p>\n\n\n\n<p>Sandy Flores Esteva. \u201cEstrategias de Rescate de la Artesan\u00eda textil en telar de cintura en la cabecera municipal de San Pablo Villa de Mitla\u201d. Examen 27\/02\/2014. Ingenier\u00eda en Desarrollo Comunitario, Instituto Tecnol\u00f3gico Superior de San Miguel el Grande, Oaxaca<\/p>\n\n\n\n<h4 class=\"wp-block-heading\">Nivel Maestr\u00eda<\/h4>\n\n\n\n<p>Gustavo Le\u00f3n Vargas. Maestr\u00eda en Ciencias en Conservaci\u00f3n y Aprovechamiento de Recursos Naturales. Ventaja competitiva de los negocios de subsistencia durante la pandemia del covid-19: Un an\u00e1lisis de las orientaciones emprendedora, mercado y aprendizaje organizacional. 28\/01\/22. Especialidad en Administraci\u00f3n de Recursos Naturales. Polit\u00e9cnico Nacional, CIIDIR Oaxaca<\/p>\n\n\n\n<p>Roberto Miguel Nieto Garc\u00eda . La estrategia de compra y comercializaci\u00f3n en ventaja competitiva de las PyMes comercializadoras de mezcal en M\u00e9xico: el efecto moderador de la cadena de suministro sustentable. Examen 09\/09\/2021.<img decoding=\"async\" id=\"Imagen_x0020_1\" src=\"file:\/\/\/C:\/Users\/Arcelia\/AppData\/Local\/Temp\/msohtmlclip1\/01\/clip_image001.emz\"> Maestr\u00eda en Ciencias en Conservaci\u00f3n y Aprovechamiento de Recursos Naturales. Especialidad en Administraci\u00f3n de Recursos Naturales. Polit\u00e9cnico Nacional, CIIDIR Oaxaca.<\/p>\n\n\n\n<p>Daniel Ram\u00edrez Montesinos. La ventaja competitiva y las buenas pr\u00e1cticas de manufactura sustentables de las cervecer\u00edas artesanales de Oaxaca. Examen 08\/07\/2021. Maestr\u00eda en Ciencias en Conservaci\u00f3n y Aprovechamiento de Recursos Naturales. Especialidad en Administraci\u00f3n de Recursos Naturales. Polit\u00e9cnico Nacional, CIIDIR Oaxaca.<\/p>\n\n\n\n<p>\u00c1ngela Mabel de Le\u00f3n Avenda\u00f1o. Certificaci\u00f3n en comercio Justo y el Bienestar Social de los Peque\u00f1os Productores. Examen 14\/01\/2020. Maestr\u00eda en Ciencias en Conservaci\u00f3n y Aprovechamiento de Recursos Naturales. Especialidad en Administraci\u00f3n de Recursos Naturales. Polit\u00e9cnico Nacional, CIIDIR Oaxaca. Menci\u00f3n Honorifica<\/p>\n\n\n\n<p>Juan Carlos Balseca Ruiz. Ventaja Competitiva de las PyMes Hoteleras de Oaxaca desde sus recursos, capacidades organizacionales y estrategias ambientales. Examen 31\/07\/19. Maestr\u00eda en Ciencias en Conservaci\u00f3n y Aprovechamiento de Recursos Naturales. Especialidad en Administraci\u00f3n de Recursos Naturales. Polit\u00e9cnico Nacional, CIIDIR Oaxaca. Menci\u00f3n Honorifica<\/p>\n\n\n\n<p>Jes\u00fas G\u00f3mez Vel\u00e1zquez. Cosmovisi\u00f3n y resiliencia ante el Cambio Clim\u00e1tico en las Comunidades Rurales de Oaxaca. Examen 31\/07\/19. Maestr\u00eda en Ciencias en Conservaci\u00f3n y Aprovechamiento de Recursos Naturales. Especialidad en Administraci\u00f3n de Recursos Naturales. Polit\u00e9cnico Nacional, CIIDIR Oaxaca. Menci\u00f3n Honorifica<\/p>\n\n\n\n<p>Er\u00e9ndira Castellanos Labrada. Sustentabilidad Comunitaria&nbsp; en las Comunidades Ind\u00edgenas con Proyectos de Ecoturismo en la Sierra Norte del Estado de Oaxaca. Examen 11\/02\/19. Maestr\u00eda en Ciencias de la Administraci\u00f3n P\u00fablica y Ciencias Empresariales. Facultad de Contadur\u00eda y Administraci\u00f3n. Universidad Aut\u00f3noma Benito Ju\u00e1rez<\/p>\n\n\n\n<p>Mar\u00eda Fernanda Garc\u00eda Rasc\u00f3n. Impacto de las Certificaciones de las Empresas Forestales Comunitarias en el bienestar social y ambiental de los comuneros. Examen 31\/07\/18. Maestr\u00eda en Ciencias en Conservaci\u00f3n y Aprovechamiento de Recursos Naturales. Especialidad en Administraci\u00f3n de Recursos Naturales. Polit\u00e9cnico Nacional, CIIDIR Oaxaca.<\/p>\n\n\n\n<p>Maribel Herrera Ruiz. Orientaci\u00f3n al mercado y el desempe\u00f1o: Mediando los efectos de la innovaci\u00f3n y estrategias ambientales de productores agr\u00edcolas de subsistencia. Examen 04\/08\/2017. Maestr\u00eda en Ciencias en Conservaci\u00f3n y Aprovechamiento de Recursos Naturales. Especialidad en Administraci\u00f3n de Recursos Naturales. Polit\u00e9cnico Nacional, CIIDIR Oaxaca.<\/p>\n\n\n\n<p>Violeta Isabel Monz\u00f3n Interian. Caracter\u00edsticas del capital social individual y el desempe\u00f1o de los negocios de subsistencia en Oaxaca. Examen 28\/02\/2017. Maestr\u00eda en Ciencias en Conservaci\u00f3n y Aprovechamiento de Recursos Naturales. Especialidad en Administraci\u00f3n de Recursos Naturales. Polit\u00e9cnico Nacional, CIIDIR Oaxaca.<\/p>\n\n\n\n<p>Sandra Nelly Leyva Hern\u00e1ndez. El Programa Voluntario Distintivo H y su relaci\u00f3n con el Desempe\u00f1o de los Establecimientos Fijos de Alimentos y Bebidas en Oaxaca. Examen 29\/01\/2016. Maestr\u00eda en Ciencias en Conservaci\u00f3n y Aprovechamiento de Recursos Naturales. Especialidad en Administraci\u00f3n de Recursos Naturales. Menci\u00f3n Honorifica.<\/p>\n\n\n\n<p>Daysy Janeth Ramos Ba\u00f1os. Proactividad Ambiental y desempe\u00f1o en la industria del mezcal del Estado de Oaxaca y la influencia de los stakeholders. Examen 29\/01\/2016. Maestr\u00eda en Ciencias en Conservaci\u00f3n y Aprovechamiento de Recursos Naturales. Especialidad en Administraci\u00f3n de Recursos Naturales. Polit\u00e9cnico Nacional, CIIDIR Oaxaca.<\/p>\n\n\n\n<p>Miguel \u00c1ngel Jacobo P\u00e9rez. El desempe\u00f1o de los negocios de subsistencia de la artesan\u00eda Wix\u00e1rica en Nayarit, M\u00e9xico. Desde el enfoque cultural de la orientaci\u00f3n al mercado. Examen 28\/08\/2015. Maestr\u00eda en Ciencias en Conservaci\u00f3n y Aprovechamiento de Recursos Naturales. Especialidad en Administraci\u00f3n de Recursos Naturales. Menci\u00f3n Honorifica. Polit\u00e9cnico Nacional, CIIDIR Oaxaca.<\/p>\n\n\n\n<p>Jorge Luis Ramos Garc\u00eda. Competitividad de los destinos tur\u00edsticos: un estudio emp\u00edrico de las rutas tur\u00edsticas culturales de Oaxaca, Puebla y Quer\u00e9taro. Examen 18\/12\/2014. &nbsp;Maestr\u00eda en Ciencias en Conservaci\u00f3n y Aprovechamiento de Recursos Naturales. Especialidad en Administraci\u00f3n de Recursos Naturales. Polit\u00e9cnico Nacional, CIIDIR Oaxaca.<\/p>\n\n\n\n<p>Rub\u00e9n Ram\u00f3n G\u00f3mez Jarqu\u00edn. El CRM y los Canales de Distribuci\u00f3n en el desempe\u00f1o de las PyMEs de mezcal y tequila en M\u00e9xico. Examen 12\/12\/2014. &nbsp;Maestr\u00eda en Ciencias en Conservaci\u00f3n y Aprovechamiento de Recursos Naturales. Especialidad en Administraci\u00f3n de Recursos Naturales. Polit\u00e9cnico Nacional, CIIDIR Oaxaca.<\/p>\n\n\n\n<p>Hugo Ernesto Granados Echegoyen. \u201cEstrategias Competitivas, Manufactura y Desempe\u00f1o de los negocios de Artesan\u00eda, en M\u00e9xico y Nicaragua\u201d. Examen 14\/12\/2012. Maestr\u00eda en Ciencias en Conservaci\u00f3n y Aprovechamiento de Recursos Naturales. Especialidad en Administraci\u00f3n de Recursos Naturales<\/p>\n\n\n\n<p>Hortensia Casanova P\u00e9rez: \u201cLa intervenci\u00f3n de la capacitaci\u00f3n&nbsp;en la adopci\u00f3n de pr\u00e1cticas ambientales de los peque\u00f1os productores Mazatecos de caf\u00e9 en Oaxaca\u201d. Examen 28\/06\/2012. Maestr\u00eda en Ciencias en Conservaci\u00f3n y Aprovechamiento de Recursos Naturales. Especialidad en Administraci\u00f3n de Recursos Naturales<\/p>\n\n\n\n<p>Norma Edith Gopar Cruz: \u201cLos recursos de la empresa y la implementaci\u00f3n de pr\u00e1cticas ambientales de las PyMes hoteleras de Oaxaca\u201d. Examen 04\/05\/2012. Maestr\u00eda en Ciencias en Conservaci\u00f3n y Aprovechamiento de Recursos Naturales. Especialidad en Administraci\u00f3n de Recursos Naturales<\/p>\n\n\n\n<p>Ana Mar\u00eda R\u00edos Santos \u201cTecnolog\u00edas de la Informaci\u00f3n y de la comunicaci\u00f3n (TIC) en el desempe\u00f1o de las empresas de Mezcal y Tequila en M\u00e9xico\u201d. Examen 09\/12\/2011. Maestr\u00eda en Ciencias, especialidad en Administraci\u00f3n de Recursos Naturales. Especialidad en Administraci\u00f3n de Recursos Naturales<\/p>\n\n\n\n<p>Mar\u00eda del Carmen Avenda\u00f1o Rito \u201cValores y Comportamiento ambiental de los due\u00f1os de negocios de alfarer\u00eda en M\u00e9xico\u201d. Examen 17\/12\/2010. Maestr\u00eda en Ciencias, especialidad en Administraci\u00f3n de Recursos Naturales. Especialidad en Administraci\u00f3n de Recursos Naturales<\/p>\n\n\n\n<p>Mar\u00eda Soledad Luna Mart\u00ednez&nbsp; \u201cconfianza y satisfacci\u00f3n en las tiendas distribuidoras de artesan\u00edas en Oaxaca\u201d. Examen 18\/12\/2009. Maestr\u00eda en Ciencias en Conservaci\u00f3n y Aprovechamiento de Recursos Naturales. Especialidad en Administraci\u00f3n de Recursos Naturales<\/p>\n\n\n\n<p>Claudia Luis Morales&nbsp; \u201cLa orientaci\u00f3n al mercado y el desempe\u00f1o de las empresas manufactureras en Oaxaca\u201d. Examen 18\/12\/2009. Maestr\u00eda en Ciencias en Conservaci\u00f3n y Aprovechamiento de Recursos Naturales. Especialidad en Administraci\u00f3n de Recursos Naturales.<\/p>\n\n\n\n<h4 class=\"wp-block-heading\">Nivel Doctorado<\/h4>\n\n\n\n<p>Marbella S\u00e1nchez Soriano. Empoderamiento de la Mujer en la cadena productiva de Ma\u00edz-Totopo en el Municipio de Santa Mar\u00eda Xadani Oaxaca. Examen 21\/06\/23. Doctorado en Ciencias en Desarrollo Regional y Tecnol\u00f3gico.&nbsp; Instituto Tecnol\u00f3gico de Oaxaca<\/p>\n\n\n\n<p>Gerardo Hern\u00e1ndez V\u00e1squez. &nbsp;&nbsp;Negociaci\u00f3n y conflicto en la instalaci\u00f3n de parques e\u00f3licos en el Istmo de Tehuantepec. Los casos Mare\u00f1a Renovables y E\u00f3lica del Sur. Examen 13\/02\/2023.&nbsp; Doctorado en Ciencias en Conservaci\u00f3n y Aprovechamiento de Recursos Naturales. Especialidad en Administraci\u00f3n de Recursos Naturales. Instituto Polit\u00e9cnico Nacional, CIIDIR Oaxaca.<\/p>\n\n\n\n<p>Amisaday Santana Ramos. Identidad Territorial y Desarrollo local en los pueblos mancomunados de la Sierra Norte de Oaxaca. Examen 09\/10\/22. Doctorado en Ciencias en En Desarrollo Regional y Tecnol\u00f3gico.&nbsp; Instituto Tecnol\u00f3gico de Oaxaca<\/p>\n\n\n\n<p>Irlanda Abigail Matadamas Cruz. Productividad e Innovaci\u00f3n en redes familiares de artesanos de madera y seda, desde un contexto de econom\u00eda solidaria en san Pedro Cajonos, Villa Alta, Oaxaca. Examen 11\/01\/22. Doctorado en Ciencias en En Desarrollo Regional y Tecnol\u00f3gico.&nbsp; Instituto Tecnol\u00f3gico de Oaxaca<\/p>\n\n\n\n<p>Sandra Nelly Leyva Hern\u00e1ndez. El deseo del consumidor y su intenci\u00f3n de compra de productos org\u00e1nicos. Evidencia emp\u00edrica de M\u00e9xico y Espa\u00f1a. Examen 18\/08\/2021.&nbsp; Doctorado en Ciencias en Conservaci\u00f3n y Aprovechamiento de Recursos Naturales. Especialidad en Administraci\u00f3n de Recursos Naturales. Instituto Polit\u00e9cnico Nacional, CIIDIR Oaxaca.<\/p>\n\n\n\n<p>Paola Arango Ram\u00edrez. La Econom\u00eda Comunal y La Sustentabilidad Comunitaria de las Unidades Econ\u00f3micas del Municipio De Capul\u00e1lpam de M\u00e9ndez. Examen 16\/12\/20. Doctorado en Ciencias en En Desarrollo Regional y Tecnol\u00f3gico.&nbsp; Instituto Tecnol\u00f3gico de Oaxaca<\/p>\n\n\n\n<p>Mar\u00eda Eugenia Soledad Aquino Moncada. Factores Organizacionales y su Influencia en la Intenci\u00f3n de Salida de las Representantes de una Compa\u00f1\u00eda de Multinivel: Avon Cosmetics, en los Valles Centrales del Estado de Oaxaca. Examen 11\/01\/19. Doctorado en Ciencias de la Administraci\u00f3n. Facultad de Contadur\u00eda y Administraci\u00f3n. Universidad Aut\u00f3noma Benito Ju\u00e1rez.<\/p>\n\n\n\n<p>Miguel \u00c1ngel Garc\u00eda Valdez. Intenci\u00f3n de compra de textiles \u00e9tnicos: evidencia emp\u00edrica de los estudiantes de posgrado en M\u00e9xico y Colombia. Examen 04\/12\/18. Doctorado en Ciencias en Conservaci\u00f3n y Aprovechamiento de Recursos Naturales. Especialidad en Administraci\u00f3n de Recursos Naturales. Polit\u00e9cnico Nacional, CIIDIR Oaxaca.<\/p>\n\n\n\n<p>V\u00edctor Manuel Andrade Alc\u00e1zar. Factores administrativos que influyen en la implementaci\u00f3n del Programa de Desarrollo Institucional 2013-2016 del Colegio de Estudios Cient\u00edficos y Tecnol\u00f3gicos del Estado de Oaxaca. Examen 15\/10\/18. Doctorado en Ciencias de la Administraci\u00f3n. Facultad de Contadur\u00eda y Administraci\u00f3n. Universidad Aut\u00f3noma Benito Ju\u00e1rez.<\/p>\n\n\n\n<p>Yadith Jos\u00e9 V\u00e1squez. Crecimiento de las microempresas de pan tradicional en el municipio de Tlacolula de Matamoros y su relaci\u00f3n con la calidad de Vida Familiar de los productores. Examen 26\/06\/18. Doctorado en Ciencias en Desarrollo Regional y Tecnol\u00f3gico. Instituto Tecnol\u00f3gico de Oaxaca.<\/p>\n\n\n\n<p>Ivonne Avenda\u00f1o V\u00e1squez. Lainnovaci\u00f3n en la cadena de co-creaci\u00f3n de valor y la competitividad de los peque\u00f1os negocios de textiles en los municipios de Santa Ana y Teotitlan de Valle, Oaxaca. Examen 28\/06\/18. Doctorado en Ciencias en Desarrollo Regional y Tecnol\u00f3gico. Instituto Tecnol\u00f3gico de Oaxaca.<\/p>\n\n\n\n<p>Hugo Ernesto Granados Echegoyen. Desempe\u00f1o Competitivo de la Micro y Peque\u00f1a Empresa Artesanal: Desde el enfoque de las Ventajas Competitivas. Examen 04\/08\/2017, Doctorado en Ciencias en Conservaci\u00f3n y Aprovechamiento de Recursos Naturales. Especialidad en Administraci\u00f3n de Recursos Naturales. Polit\u00e9cnico Nacional, CIIDIR Oaxaca.<\/p>\n\n\n\n<p>Mar\u00eda del Carmen Avenda\u00f1o Rito. La responsabilidad social empresarial y el desempe\u00f1o econ\u00f3mico en empresas mexicanas. Examen 29\/05\/2017, &nbsp;Doctorado en Ciencias en Conservaci\u00f3n y Aprovechamiento de Recursos Naturales. Especialidad en Administraci\u00f3n de Recursos Naturales. Polit\u00e9cnico Nacional, CIIDIR Oaxaca.<\/p>\n\n\n\n<p>Luis Mendoza Ram\u00edrez. Orientaci\u00f3n emprendedora y Desempe\u00f1o de los negocios artesanales de M\u00e9xico. Examen 21\/01\/2014, Doctorado en Ciencias en Conservaci\u00f3n y Aprovechamiento de Recursos Naturales. Especialidad en Administraci\u00f3n de Recursos Naturales.<\/p>\n\n\n\n<p>Julio C\u00e9sar Jim\u00e9nez Casta\u00f1eda. \u201cOrientaci\u00f3n emprendedora y Desempe\u00f1o de los negocios artesanales de M\u00e9xico\u201d. Examen 05\/08\/2012, Doctorado en Ciencias en Conservaci\u00f3n y Aprovechamiento de Recursos Naturales. Especialidad en Administraci\u00f3n de Recursos Naturales<\/p>\n","protected":false},"excerpt":{"rendered":"<p>Concluidas Nivel Licenciatura Mayra Gabriela Cuevas Ram\u00edrez. Estudio de Mercado para la Industria Ladrillera de San Francisco Tutla, Santa Lucia del Camino, Oaxaca. Examen 05\/10\/2017. Ingenier\u00eda en Desarrollo Comunitario, Instituto Tecnol\u00f3gico Superior de San Miguel el Grande, Oaxaca. Epifanio Osorio S\u00e1nchez. Comercializaci\u00f3n y presentaci\u00f3n de las tostadas org\u00e1nicas del grupo Conatura Tlapiani A.C. en el [&hellip;]<\/p>\n","protected":false},"author":5,"featured_media":0,"parent":0,"menu_order":0,"comment_status":"closed","ping_status":"closed","template":"","meta":{"_swt_meta_header_display":false,"_swt_meta_footer_display":false,"_swt_meta_site_title_display":false,"_swt_meta_sticky_header":false,"_swt_meta_transparent_header":false,"footnotes":""},"class_list":["post-10","page","type-page","status-publish","hentry"],"_links":{"self":[{"href":"https:\/\/web.ciidiroaxaca.ipn.mx\/artoledol\/wp-json\/wp\/v2\/pages\/10","targetHints":{"allow":["GET"]}}],"collection":[{"href":"https:\/\/web.ciidiroaxaca.ipn.mx\/artoledol\/wp-json\/wp\/v2\/pages"}],"about":[{"href":"https:\/\/web.ciidiroaxaca.ipn.mx\/artoledol\/wp-json\/wp\/v2\/types\/page"}],"author":[{"embeddable":true,"href":"https:\/\/web.ciidiroaxaca.ipn.mx\/artoledol\/wp-json\/wp\/v2\/users\/5"}],"replies":[{"embeddable":true,"href":"https:\/\/web.ciidiroaxaca.ipn.mx\/artoledol\/wp-json\/wp\/v2\/comments?post=10"}],"version-history":[{"count":2,"href":"https:\/\/web.ciidiroaxaca.ipn.mx\/artoledol\/wp-json\/wp\/v2\/pages\/10\/revisions"}],"predecessor-version":[{"id":41,"href":"https:\/\/web.ciidiroaxaca.ipn.mx\/artoledol\/wp-json\/wp\/v2\/pages\/10\/revisions\/41"}],"wp:attachment":[{"href":"https:\/\/web.ciidiroaxaca.ipn.mx\/artoledol\/wp-json\/wp\/v2\/media?parent=10"}],"curies":[{"name":"wp","href":"https:\/\/api.w.org\/{rel}","templated":true}]}}