{"id":8,"date":"2024-05-08T20:57:45","date_gmt":"2024-05-08T20:57:45","guid":{"rendered":"https:\/\/web.ciidiroaxaca.ipn.mx\/arojaso\/tesis\/"},"modified":"2025-10-21T21:38:18","modified_gmt":"2025-10-22T03:38:18","slug":"tesis","status":"publish","type":"page","link":"https:\/\/web.ciidiroaxaca.ipn.mx\/arojaso\/tesis\/","title":{"rendered":"Tesis"},"content":{"rendered":"\n<h2 class=\"wp-block-heading\">Posgrado<\/h2>\n\n\n\n<ul class=\"wp-block-list\">\n<li>Doctorado: M. en C. Dahlia del Castillo Trujillo: <strong>\u00abSoluciones basadas en la naturaleza para el tratamiento de agua residual: dise\u00f1o y eficiencia para la estandarizaci\u00f3n de un sistema piloto descentralizado\u00bb<\/strong> en proceso<\/li>\n\n\n\n<li>Maestr\u00eda: Ing. Esmeralda Melissa Garc\u00eda Reyes: <strong>\u00abMonitoreo de xenobi\u00f3ticos y par\u00e1metros de calidad del agua en San Sebasti\u00e1n Xochimilco, Oaxaca.\u00bb<\/strong> en proceso<\/li>\n<\/ul>\n\n\n\n<h3 class=\"wp-block-heading rtejustify\"><strong>Licenciatura<\/strong><\/h3>\n\n\n\n<ul class=\"wp-block-list\">\n<li><strong>Sistematizaci\u00f3n de experiencias Niguula Taruun Gioh A.C. en la gesti\u00f3n y sostenibilidad de proyectos productivos FAPPA-PROMETE en comunidades del estado de Oaxaca en el per\u00edodo 2014-2018. <\/strong>Co-direcci\u00f3n de Mildred Yenisa Barrios Alarz\u00f3n, Universidad de la Sierra Ju\u00e1rez, fecha de titulaci\u00f3n 28 de febrero 2025.<\/li>\n\n\n\n<li><strong>Determinaci\u00f3n de la huella de carbono del aceite esencial de <em>Salvia rosmarinus<\/em> obtenido por hidrodestilaci\u00f3n asistida por microondas<\/strong>.&nbsp;Ana Laura V\u00e1squez Robles, Universidad La Salle Oaxaca, Escuela de Ingenier\u00edas y Arquitectura, fecha de titulaci\u00f3n 09 de febrero 2024.<\/li>\n\n\n\n<li><strong>Caracterizaci\u00f3n y comparaci\u00f3n de las propiedades adsortivas del carb\u00f3n activado obtenido a partir de residuos org\u00e1nicos.&nbsp;<\/strong>Pablo Michel P\u00e9rez Macedo, Universidad La Salle Oaxaca, Escuela de Ingenier\u00edas y Arquitectura, fecha de titulaci\u00f3n 26 de enero 2024.<\/li>\n\n\n\n<li><strong>Propiedades funcionales de biopol\u00edmeros de cactus mediante membranas de ultrafiltraci\u00f3n a diferente peso molecular<\/strong>&nbsp;. Estefan\u00eda Robles Franco, Universidad La Salle Oaxaca, Escuela de Ingenier\u00edas y Arquitectura, fecha de titulaci\u00f3n 30 de agosto 2023.<\/li>\n\n\n\n<li><strong>Propuesta de un sistema de forraje verde hidrop\u00f3nico para el rancho \u201cLos V\u00e1squez\u201d en San Pablo Huixtepec, Oaxaca.<\/strong>Mireille Macareno Mart\u00ednez, Universidad La Salle Oaxaca, Escuela de Ingenier\u00edas y Arquitectura, fecha de titulaci\u00f3n 07 de marzo 2022.<\/li>\n\n\n\n<li><strong>Etnobot\u00e1nica y<\/strong> <strong>capacidad antioxidante de <em>Clinopodium mexicanum<\/em> y <em>Clinopodium macrostemum<\/em> su aplicaci\u00f3n en s\u00edntesis verde de nanopart\u00edculas.<\/strong>Esmeralda Melissa Garc\u00eda Reyes, Universidad La Salle Oaxaca, Escuela de Ingenier\u00edas y Arquitectura, fecha de titulaci\u00f3n 28 de agosto 2020.<\/li>\n<\/ul>\n","protected":false},"excerpt":{"rendered":"<p>Posgrado Licenciatura<\/p>\n","protected":false},"author":33,"featured_media":0,"parent":0,"menu_order":0,"comment_status":"closed","ping_status":"closed","template":"","meta":{"_swt_meta_header_display":false,"_swt_meta_footer_display":false,"_swt_meta_site_title_display":false,"_swt_meta_sticky_header":false,"_swt_meta_transparent_header":false,"footnotes":""},"class_list":["post-8","page","type-page","status-publish","hentry"],"_links":{"self":[{"href":"https:\/\/web.ciidiroaxaca.ipn.mx\/arojaso\/wp-json\/wp\/v2\/pages\/8","targetHints":{"allow":["GET"]}}],"collection":[{"href":"https:\/\/web.ciidiroaxaca.ipn.mx\/arojaso\/wp-json\/wp\/v2\/pages"}],"about":[{"href":"https:\/\/web.ciidiroaxaca.ipn.mx\/arojaso\/wp-json\/wp\/v2\/types\/page"}],"author":[{"embeddable":true,"href":"https:\/\/web.ciidiroaxaca.ipn.mx\/arojaso\/wp-json\/wp\/v2\/users\/33"}],"replies":[{"embeddable":true,"href":"https:\/\/web.ciidiroaxaca.ipn.mx\/arojaso\/wp-json\/wp\/v2\/comments?post=8"}],"version-history":[{"count":5,"href":"https:\/\/web.ciidiroaxaca.ipn.mx\/arojaso\/wp-json\/wp\/v2\/pages\/8\/revisions"}],"predecessor-version":[{"id":45,"href":"https:\/\/web.ciidiroaxaca.ipn.mx\/arojaso\/wp-json\/wp\/v2\/pages\/8\/revisions\/45"}],"wp:attachment":[{"href":"https:\/\/web.ciidiroaxaca.ipn.mx\/arojaso\/wp-json\/wp\/v2\/media?parent=8"}],"curies":[{"name":"wp","href":"https:\/\/api.w.org\/{rel}","templated":true}]}}