{"id":7,"date":"2024-05-08T20:56:37","date_gmt":"2024-05-08T20:56:37","guid":{"rendered":"https:\/\/web.ciidiroaxaca.ipn.mx\/arojaso\/proyectos-de-investigacion\/"},"modified":"2026-01-10T21:56:06","modified_gmt":"2026-01-11T03:56:06","slug":"proyectos-de-investigacion","status":"publish","type":"page","link":"https:\/\/web.ciidiroaxaca.ipn.mx\/arojaso\/proyectos-de-investigacion\/","title":{"rendered":"Proyectos de investigaci\u00f3n"},"content":{"rendered":"\n<h3 class=\"wp-block-heading\">Responsable t\u00e9cnico<\/h3>\n\n\n\n<ul class=\"wp-block-list\">\n<li>Estrategias colaborativas para la reapropiaci\u00f3n del ciclo socionatural del agua en la subcuenca Atoyac, Oaxaca mediante acciones de restauraci\u00f3n, saneamiento, monitoreo y cultura del agua para el bien com\u00fan y la justicia ambiental PRONAII 2024-174 (SIP 2024 RE\/006)<\/li>\n\n\n\n<li>Obtenci\u00f3n de carb\u00f3n activado obtenido a partir del bagazo de agave y otros residuos org\u00e1nicos. Escuela de Ingenier\u00edas y Arquitectura, Universidad La Salle Oaxaca A.C. en vinculaci\u00f3n con el CIIDIR IPN Unidad Oaxaca.<\/li>\n<\/ul>\n\n\n\n<h3 class=\"wp-block-heading\">Participante&nbsp;<\/h3>\n\n\n\n<ul class=\"wp-block-list\">\n<li>Proyecto \u201cMODULAGUA\u201d. Financiado por Pa\u00edses Bajos y gestionado por BD+P Beccan D\u00e1vila Puentes en colaboraci\u00f3n con Santa Cruz Xoxocotl\u00e1n, Oaxaca. Septiembre 2025-Febrero 2026.<\/li>\n\n\n\n<li>Propiedades f\u00edsicas, qu\u00edmicas y funcionales de biopol\u00edmeros de cactus (SIP20231520)<\/li>\n\n\n\n<li>Efecto de la inclusi\u00f3n de alginato extra\u00eddo de sargazo como un potencial modificador reol\u00f3gico en pastas de cemento Portland y cal (SIP20220016)<\/li>\n<\/ul>\n\n\n\n<p>&nbsp;<\/p>\n","protected":false},"excerpt":{"rendered":"<p>Responsable t\u00e9cnico Participante&nbsp; &nbsp;<\/p>\n","protected":false},"author":33,"featured_media":0,"parent":0,"menu_order":0,"comment_status":"closed","ping_status":"closed","template":"","meta":{"_swt_meta_header_display":false,"_swt_meta_footer_display":false,"_swt_meta_site_title_display":false,"_swt_meta_sticky_header":false,"_swt_meta_transparent_header":false,"footnotes":""},"class_list":["post-7","page","type-page","status-publish","hentry"],"_links":{"self":[{"href":"https:\/\/web.ciidiroaxaca.ipn.mx\/arojaso\/wp-json\/wp\/v2\/pages\/7","targetHints":{"allow":["GET"]}}],"collection":[{"href":"https:\/\/web.ciidiroaxaca.ipn.mx\/arojaso\/wp-json\/wp\/v2\/pages"}],"about":[{"href":"https:\/\/web.ciidiroaxaca.ipn.mx\/arojaso\/wp-json\/wp\/v2\/types\/page"}],"author":[{"embeddable":true,"href":"https:\/\/web.ciidiroaxaca.ipn.mx\/arojaso\/wp-json\/wp\/v2\/users\/33"}],"replies":[{"embeddable":true,"href":"https:\/\/web.ciidiroaxaca.ipn.mx\/arojaso\/wp-json\/wp\/v2\/comments?post=7"}],"version-history":[{"count":4,"href":"https:\/\/web.ciidiroaxaca.ipn.mx\/arojaso\/wp-json\/wp\/v2\/pages\/7\/revisions"}],"predecessor-version":[{"id":60,"href":"https:\/\/web.ciidiroaxaca.ipn.mx\/arojaso\/wp-json\/wp\/v2\/pages\/7\/revisions\/60"}],"wp:attachment":[{"href":"https:\/\/web.ciidiroaxaca.ipn.mx\/arojaso\/wp-json\/wp\/v2\/media?parent=7"}],"curies":[{"name":"wp","href":"https:\/\/api.w.org\/{rel}","templated":true}]}}