{"id":6,"date":"2024-05-08T20:54:57","date_gmt":"2024-05-08T20:54:57","guid":{"rendered":"https:\/\/web.ciidiroaxaca.ipn.mx\/arojaso\/publicaciones\/"},"modified":"2026-01-10T22:00:10","modified_gmt":"2026-01-11T04:00:10","slug":"publicaciones","status":"publish","type":"page","link":"https:\/\/web.ciidiroaxaca.ipn.mx\/arojaso\/publicaciones\/","title":{"rendered":"Publicaciones"},"content":{"rendered":"\n<ul class=\"wp-block-list\">\n<li><strong>Alejandra Rojas-Olivos<\/strong>, Frank Manuel Le\u00f3n-Mart\u00ednez, Delia Soto-Castro, Estefan\u00eda Robles-Franco, Osiris \u00c1lvarez-Bajo, Prisciliano Felipe de Jes\u00fas Cano-Barrita, 2025. <strong>Functional, rheological, and physicochemical properties of&nbsp;<em>Opuntia ficus indica<\/em>&nbsp;and&nbsp;<em>Opuntia undulata<\/em>&nbsp;mucilages<\/strong>. <em><strong>Applied Food Research 5<\/strong><\/em>. <a href=\"https:\/\/doi.org\/10.1016\/j.afres.2025.101505\">https:\/\/doi.org\/10.1016\/j.afres.2025.101505<\/a><\/li>\n\n\n\n<li>A. Escobar-Diaz, A. Villarreal, B. Z\u00e1rate-Nicol\u00e1s, <strong>A. Rojas-Olivos<\/strong>, 2025. <strong>System design for monitoring REDOX potential in treated water using an ORP sensor.<\/strong> <strong><em>HardwareX 24<\/em><\/strong>. <a href=\"https:\/\/doi.org\/10.1016\/j.ohx.2025.e00717\">https:\/\/doi.org\/10.1016\/j.ohx.2025.e00717<\/a><\/li>\n\n\n\n<li>Esmeralda Melissa Garc\u00eda-Reyes, <strong>Alejandra Rojas-Olivos<\/strong>, Eduardo Toral-S\u00e1nchez, Gabriela Cruz-Garc\u00eda, 2023. <strong>Estudio etnobot\u00e1nico y evaluaci\u00f3n de la capacidad antioxidante de dos especies del g\u00e9nero <em>Clinopodium<\/em> localizadas en el estado de Oaxaca<\/strong>. <strong><em>Tip Revista especializadas en Ciencias Qu\u00edmico-Biol\u00f3gicas 26:1-9.&nbsp;<\/em><\/strong><a href=\"https:\/\/doi.org\/10.22201\/fesz.23958723e.2023.577\" target=\"_blank\" rel=\"noreferrer noopener\">https:\/\/doi.org\/10.22201\/fesz.23958723e.2023.577<\/a><\/li>\n\n\n\n<li><strong>Alejandra Rojas-Olivos, <\/strong>Rodolfo Solano-G\u00f3mez, Carlos Granados-Echegoyen, Luis Alberto Santiago-Santiago, Jorge Garc\u00eda-D\u00e1vila, Rafael P\u00e9rez-Pacheco, Luicita Lagunez-Rivera, 2018. <strong>Larvicidal effect of <em>Clinopodium macrostemum<\/em> essential oil extracted by microwave assisted hydrodistillation against <em>Culex quinquefasciatus<\/em> (Diptera:Cullicidae). <em>Revista da Sociedade Brasileira de Medicina Tropical 51 (3): 291-296.&nbsp;<\/em><\/strong><a href=\"https:\/\/doi.org\/10.1590\/0037-8682-0284-2017\" target=\"_blank\" rel=\"noopener\">10.1590\/0037-8682-0284-2017<\/a><\/li>\n\n\n\n<li><strong>Alejandra Rojas-Olivos, <\/strong>Rodolfo Solano-G\u00f3mez, Alfonso Alexander-Aguilera, Manuel Jim\u00e9nez-Estrada, Stefan Zilli-Hern\u00e1ndez, Luicita Lagunez-Rivera, 2017.<strong> Effect of <em>Prosthechea karw<\/em>inskii (Orchidaceae) on obesity and dyslipidemia in Wistar rats. <em>Alexandria Journal of Medicine 53 (4): 311-315.&nbsp;<\/em><\/strong><a title=\"Persistent link using digital object identifier\" href=\"https:\/\/doi.org\/10.1016\/j.ajme.2016.11.004\" target=\"_blank\" rel=\"noreferrer noopener\">https:\/\/doi.org\/10.1016\/j.ajme.2016.11.004<\/a>&nbsp;<\/li>\n\n\n\n<li>Carlos Granados-Echegoyen, Rafael P\u00e9rez-Pacheco, Alfonso V\u00e1squez-L\u00f3pez, Nancy Alonso-Hern\u00e1ndez, Luicita Lagunez-Rivera, <strong>Alejandra Rojas-Olivos,<\/strong> 2015. Mosquito larvicidal activity and chemical characterization of essential oil from leaves of <em>Persea americana<\/em> Miller (Lauraceae) on <em>Culex quinquefasciatus<\/em> (Say)<strong>\u201d <em>Asian Pacific Journal of Tropical Disease <\/em>5 (6):463-467.&nbsp;<\/strong><a title=\"Persistent link using digital object identifier\" href=\"https:\/\/doi.org\/10.1016\/S2222-1808(15)60816-7\" target=\"_blank\" rel=\"noreferrer noopener\">https:\/\/doi.org\/10.1016\/S2222-1808(15)60816-7<\/a><\/li>\n<\/ul>\n\n\n\n<p><\/p>\n","protected":false},"excerpt":{"rendered":"","protected":false},"author":33,"featured_media":0,"parent":0,"menu_order":0,"comment_status":"closed","ping_status":"closed","template":"","meta":{"_swt_meta_header_display":false,"_swt_meta_footer_display":false,"_swt_meta_site_title_display":false,"_swt_meta_sticky_header":false,"_swt_meta_transparent_header":false,"footnotes":""},"class_list":["post-6","page","type-page","status-publish","hentry"],"_links":{"self":[{"href":"https:\/\/web.ciidiroaxaca.ipn.mx\/arojaso\/wp-json\/wp\/v2\/pages\/6","targetHints":{"allow":["GET"]}}],"collection":[{"href":"https:\/\/web.ciidiroaxaca.ipn.mx\/arojaso\/wp-json\/wp\/v2\/pages"}],"about":[{"href":"https:\/\/web.ciidiroaxaca.ipn.mx\/arojaso\/wp-json\/wp\/v2\/types\/page"}],"author":[{"embeddable":true,"href":"https:\/\/web.ciidiroaxaca.ipn.mx\/arojaso\/wp-json\/wp\/v2\/users\/33"}],"replies":[{"embeddable":true,"href":"https:\/\/web.ciidiroaxaca.ipn.mx\/arojaso\/wp-json\/wp\/v2\/comments?post=6"}],"version-history":[{"count":8,"href":"https:\/\/web.ciidiroaxaca.ipn.mx\/arojaso\/wp-json\/wp\/v2\/pages\/6\/revisions"}],"predecessor-version":[{"id":62,"href":"https:\/\/web.ciidiroaxaca.ipn.mx\/arojaso\/wp-json\/wp\/v2\/pages\/6\/revisions\/62"}],"wp:attachment":[{"href":"https:\/\/web.ciidiroaxaca.ipn.mx\/arojaso\/wp-json\/wp\/v2\/media?parent=6"}],"curies":[{"name":"wp","href":"https:\/\/api.w.org\/{rel}","templated":true}]}}