{"id":5,"date":"2024-05-08T20:52:47","date_gmt":"2024-05-08T20:52:47","guid":{"rendered":"https:\/\/web.ciidiroaxaca.ipn.mx\/arojaso\/dra-alejandra-rojas-olivos\/"},"modified":"2025-10-21T21:42:13","modified_gmt":"2025-10-22T03:42:13","slug":"dra-alejandra-rojas-olivos","status":"publish","type":"page","link":"https:\/\/web.ciidiroaxaca.ipn.mx\/arojaso\/","title":{"rendered":"Dra. Alejandra Rojas-Olivos"},"content":{"rendered":"\n<figure class=\"wp-block-image aligncenter is-resized\"><img decoding=\"async\" src=\"https:\/\/web.ciidiroaxaca.ipn.mx\/arojaso\/wp-content\/uploads\/sites\/28\/2024\/05\/ARO-LAB-2.jpeg\" alt=\"\" style=\"width:270px;height:auto\" \/><\/figure>\n\n\n\n<p>&nbsp; &nbsp; &nbsp; &nbsp; &nbsp; &nbsp; &nbsp; &nbsp; &nbsp; &nbsp; &nbsp; &nbsp; &nbsp; &nbsp; &nbsp; &nbsp; &nbsp; &nbsp; &nbsp; &nbsp; &nbsp; &nbsp;<\/p>\n\n\n\n<h4 class=\"wp-block-heading has-text-align-center\">Investigadora por M\u00e9xico SECIHTI adscrita al IPN CIIDIR Unidad Oaxaca<\/h4>\n\n\n\n<p class=\"has-text-align-center\">Dra. en Ciencias en Conservaci\u00f3n y Aprovechamiento de Recursos Naturales por el Instituto Polit\u00e9cnico Nacional<\/p>\n\n\n\n<p class=\"has-text-align-center\">Integrante de la Red de Laboratorios Nacionales\u00a0SECIHTI de Toxicolog\u00eda Socioambiental (LANCTOXS)<\/p>\n\n\n\n<p class=\"has-text-align-center\">Miembro del SNII Nivel Candidato<\/p>\n\n\n\n<p class=\"has-text-align-center\"><a href=\"https:\/\/orcid.org\/0000-0003-2045-4811\" target=\"_blank\" rel=\"noreferrer noopener\">https:\/\/orcid.org\/0000-0003-2045-4811<\/a><\/p>\n\n\n\n<p class=\"has-text-align-center\">Correos: <a href=\"mailto:arojaso@ipn.mx\">arojaso@ipn.mx<\/a> ; <a href=\"mailto:alejandra.rojas@conahcyt.mx\">alejandra.rojas@secihti.mx<\/a> .<\/p>\n\n\n\n<p><strong>Temas de inter\u00e9s para alumnos que deseen realizar actividades de investigaci\u00f3n e incidencia en CIENCIA COMUNITARIA:<\/strong><\/p>\n\n\n\n<ol class=\"wp-block-list\">\n<li>Monitoreo comunitario socioambiental para la identificaci\u00f3n de riesgos toxicol\u00f3gicos<\/li>\n\n\n\n<li>An\u00e1lisis y desarrollo de propuestas socioecol\u00f3gicas para el saneamiento de cuerpos de agua<\/li>\n\n\n\n<li>Toxicolog\u00eda ambiental y su impacto en la salud de la poblaci\u00f3n<\/li>\n\n\n\n<li>Tratamiento de agua residual y evaluaci\u00f3n de alternativas para su reutilizaci\u00f3n<\/li>\n\n\n\n<li>Gobernanza del agua y su impacto en la formaci\u00f3n del sujeto social para favorecer acciones de incidencia en la calidad del recurso h\u00eddrico con base a la normatividad ambiental<\/li>\n\n\n\n<li>Desarrollo de materiales sostenibles y aplicaciones biotecnol\u00f3gicas para el aprovechamiento de recursos vegetales y agr\u00edcolas<\/li>\n<\/ol>\n\n\n\n<p><\/p>\n","protected":false},"excerpt":{"rendered":"<p>&nbsp; &nbsp; &nbsp; &nbsp; &nbsp; &nbsp; &nbsp; &nbsp; &nbsp; &nbsp; &nbsp; &nbsp; &nbsp; &nbsp; &nbsp; &nbsp; &nbsp; &nbsp; &nbsp; &nbsp; &nbsp; &nbsp; Investigadora por M\u00e9xico SECIHTI adscrita al IPN CIIDIR Unidad Oaxaca Dra. en Ciencias en Conservaci\u00f3n y Aprovechamiento de Recursos Naturales por el Instituto Polit\u00e9cnico Nacional Integrante de la Red de Laboratorios Nacionales\u00a0SECIHTI de [&hellip;]<\/p>\n","protected":false},"author":33,"featured_media":0,"parent":0,"menu_order":0,"comment_status":"closed","ping_status":"closed","template":"","meta":{"_swt_meta_header_display":false,"_swt_meta_footer_display":false,"_swt_meta_site_title_display":false,"_swt_meta_sticky_header":false,"_swt_meta_transparent_header":false,"footnotes":""},"class_list":["post-5","page","type-page","status-publish","hentry"],"_links":{"self":[{"href":"https:\/\/web.ciidiroaxaca.ipn.mx\/arojaso\/wp-json\/wp\/v2\/pages\/5","targetHints":{"allow":["GET"]}}],"collection":[{"href":"https:\/\/web.ciidiroaxaca.ipn.mx\/arojaso\/wp-json\/wp\/v2\/pages"}],"about":[{"href":"https:\/\/web.ciidiroaxaca.ipn.mx\/arojaso\/wp-json\/wp\/v2\/types\/page"}],"author":[{"embeddable":true,"href":"https:\/\/web.ciidiroaxaca.ipn.mx\/arojaso\/wp-json\/wp\/v2\/users\/33"}],"replies":[{"embeddable":true,"href":"https:\/\/web.ciidiroaxaca.ipn.mx\/arojaso\/wp-json\/wp\/v2\/comments?post=5"}],"version-history":[{"count":5,"href":"https:\/\/web.ciidiroaxaca.ipn.mx\/arojaso\/wp-json\/wp\/v2\/pages\/5\/revisions"}],"predecessor-version":[{"id":50,"href":"https:\/\/web.ciidiroaxaca.ipn.mx\/arojaso\/wp-json\/wp\/v2\/pages\/5\/revisions\/50"}],"wp:attachment":[{"href":"https:\/\/web.ciidiroaxaca.ipn.mx\/arojaso\/wp-json\/wp\/v2\/media?parent=5"}],"curies":[{"name":"wp","href":"https:\/\/api.w.org\/{rel}","templated":true}]}}