{"id":7,"date":"2012-08-03T16:27:21","date_gmt":"2012-08-03T16:27:21","guid":{"rendered":"https:\/\/web.ciidiroaxaca.ipn.mx\/apoblanov\/tesis\/"},"modified":"2025-09-12T19:31:10","modified_gmt":"2025-09-12T19:31:10","slug":"tesis","status":"publish","type":"page","link":"https:\/\/web.ciidiroaxaca.ipn.mx\/apoblanov\/tesis\/","title":{"rendered":"Tesis"},"content":{"rendered":"\n<h2 class=\"wp-block-heading\">DIRECTOR DE TESIS DE MAESTR\u00cdA<\/h2>\n\n\n\n<p><strong>Fortalecimiento de una Unidad Productora Familiar de quesillo, en Nazareno Etla, Oaxaca, a trav\u00e9s de los principios de Econom\u00eda Solidaria y la innovaci\u00f3n del sistema de producci\u00f3n.<\/strong> Nidia Karina Porras S\u00e1nchez. Maestr\u00eda en Gesti\u00f3n de Proyectos para el desarrollo solidario. Instituto Polit\u00e9cnico Nacional. CIIDIR Unidad Oaxaca. Agosto 2022.<\/p>\n\n\n\n<p><strong>Fortalecimiento de unidades de producci\u00f3n familiar para el cultivo de hongos setas, bajo ambiente controlado, como contribuci\u00f3n a la econom\u00eda familiar, en el municipio de San Pablo Huitzo, en el estado de Oaxaca, M\u00e9xico.<\/strong> Gabriela Morales Nava.\u00a0Maestr\u00eda en Gesti\u00f3n de Proyectos para el desarrollo solidario. Instituto Polit\u00e9cnico Nacional. CIIDIR Unidad Oaxaca. Septiembre 2020.<\/p>\n\n\n\n<p><strong>An\u00e1lisis productivo del grupo informal \u201cLa ni\u00f1a del humedal\u201d productor de artesan\u00edas de lirio acu\u00e1tico [Eichhornia crassipes (Mart.) Solms, 1883] en el Nacaste, Alvarado Veracruz.<\/strong> Ileana Jimena Granillo Su\u00e1rez.\u00a0 Maestr\u00eda en Gesti\u00f3n de Proyectos para el desarrollo solidario. Instituto Polit\u00e9cnico Nacional. CIIDIR Unidad Oaxaca.\u00a0Julio 2017.\u00a0<\/p>\n\n\n\n<h2 class=\"wp-block-heading\">PARTICIPANTE EN COMIT\u00c9S TUTORIALES<\/h2>\n\n\n\n<p><strong>Aprovechamiento de recursos frut\u00edcolas que permitan fortalecer la econom\u00eda familiar en la comunidad de Santo Domingo del Progreso, Juxtlahuaca, Oaxaca.<\/strong>\u00a0Clara Mendoza Fidencio.\u00a0Maestr\u00eda en Gesti\u00f3n de Proyectos para el Desarrollo Solidario. Instituto Polit\u00e9cnico Nacional. CIIDIR Unidad Oaxaca.\u00a0En Proceso.<\/p>\n\n\n\n<p><strong>Red solidaria para la comercializaci\u00f3n de productos agroecol\u00f3gicos de peque\u00f1os productores de los Valles Centrales y Sierra Norte de Oaxaca.\u00a0<\/strong>Alejandra Sibilina Luis Luis.\u00a0Maestr\u00eda en Gesti\u00f3n de Proyectos para el Desarrollo Solidario. Instituto Polit\u00e9cnico Nacional. CIIDIR Unidad Oaxaca.\u00a0Trabajo apoyado en las Convocatorias 2023-2024, como\u00a0Proyecto de Desarrollo Tecnol\u00f3gico o Innovaci\u00f3n para alumnos del IPN.\u00a0En Proceso.<\/p>\n\n\n\n<p><strong>Reactivaci\u00f3n y fortalecimiento productivo de un grupo de mujeres campesinas de Zaachila, Oaxaca, como aportaci\u00f3n a su empoderamiento social y econ\u00f3mico.<\/strong>\u00a0Dhalia Alejandra Villag\u00f3mez Gonz\u00e1lez.\u00a0Maestr\u00eda en Gesti\u00f3n de Proyectos para el Desarrollo Solidario. Instituto Polit\u00e9cnico Nacional. CIIDIR Unidad Oaxaca.\u00a0Diciembre 2023.<\/p>\n","protected":false},"excerpt":{"rendered":"<p>DIRECTOR DE TESIS DE MAESTR\u00cdA Fortalecimiento de una Unidad Productora Familiar de quesillo, en Nazareno Etla, Oaxaca, a trav\u00e9s de los principios de Econom\u00eda Solidaria y la innovaci\u00f3n del sistema de producci\u00f3n. Nidia Karina Porras S\u00e1nchez. Maestr\u00eda en Gesti\u00f3n de Proyectos para el desarrollo solidario. Instituto Polit\u00e9cnico Nacional. CIIDIR Unidad Oaxaca. Agosto 2022. Fortalecimiento de [&hellip;]<\/p>\n","protected":false},"author":74,"featured_media":0,"parent":0,"menu_order":0,"comment_status":"closed","ping_status":"closed","template":"","meta":{"_swt_meta_header_display":false,"_swt_meta_footer_display":false,"_swt_meta_site_title_display":false,"_swt_meta_sticky_header":false,"_swt_meta_transparent_header":false,"footnotes":""},"class_list":["post-7","page","type-page","status-publish","hentry"],"_links":{"self":[{"href":"https:\/\/web.ciidiroaxaca.ipn.mx\/apoblanov\/wp-json\/wp\/v2\/pages\/7","targetHints":{"allow":["GET"]}}],"collection":[{"href":"https:\/\/web.ciidiroaxaca.ipn.mx\/apoblanov\/wp-json\/wp\/v2\/pages"}],"about":[{"href":"https:\/\/web.ciidiroaxaca.ipn.mx\/apoblanov\/wp-json\/wp\/v2\/types\/page"}],"author":[{"embeddable":true,"href":"https:\/\/web.ciidiroaxaca.ipn.mx\/apoblanov\/wp-json\/wp\/v2\/users\/74"}],"replies":[{"embeddable":true,"href":"https:\/\/web.ciidiroaxaca.ipn.mx\/apoblanov\/wp-json\/wp\/v2\/comments?post=7"}],"version-history":[{"count":3,"href":"https:\/\/web.ciidiroaxaca.ipn.mx\/apoblanov\/wp-json\/wp\/v2\/pages\/7\/revisions"}],"predecessor-version":[{"id":35,"href":"https:\/\/web.ciidiroaxaca.ipn.mx\/apoblanov\/wp-json\/wp\/v2\/pages\/7\/revisions\/35"}],"wp:attachment":[{"href":"https:\/\/web.ciidiroaxaca.ipn.mx\/apoblanov\/wp-json\/wp\/v2\/media?parent=7"}],"curies":[{"name":"wp","href":"https:\/\/api.w.org\/{rel}","templated":true}]}}