{"id":5,"date":"2012-08-03T16:20:04","date_gmt":"2012-08-03T16:20:04","guid":{"rendered":"https:\/\/web.ciidiroaxaca.ipn.mx\/apoblanov\/publicaciones\/"},"modified":"2025-09-12T19:29:26","modified_gmt":"2025-09-12T19:29:26","slug":"publicaciones","status":"publish","type":"page","link":"https:\/\/web.ciidiroaxaca.ipn.mx\/apoblanov\/publicaciones\/","title":{"rendered":"Publicaciones"},"content":{"rendered":"\n<p>Nelly Arellanes Ju\u00e1rez, Evelyn Itzel L\u00e1zaro Ju\u00e1rez, Pedro Benito Bautista, <strong>Amado Poblano V\u00e1squez<\/strong>, Dalia Rosal\u00eda Santos Aquino, Mar\u00eda Eufemia P\u00e9rez Flores. 2020.\u00a0Importancia socioecon\u00f3mica de la producci\u00f3n del fruto de tunillo [<em>Stenocereus<\/em> <em>stellatus\u00a0<\/em>(Pfeiffer) Riccobono] en Valles Centrales de Oaxaca, M\u00e9xico.\u00a0Exploratoris. Revista de la Realidad Global\u00a0Vol. 9 No. 1\u00a0p. 59-62. ISSN 2153-3318 online.<\/p>\n\n\n\n<p>Benito Bautista P.; N. Arellanes Ju\u00e1rez\u00a0y <strong>A. Poblano V\u00e1squez<\/strong>. 2014. Importancia socioecon\u00f3mica del cultivo y comercializaci\u00f3n de hierbas arom\u00e1ticas en San Antonino Castillo Velasco, Ocotl\u00e1n, Oaxaca.\u00a0Naturaleza y Desarrollo\u00a0Vol. 2 No. 2.<\/p>\n\n\n\n<p><strong>\u201cProducci\u00f3n de Lilium (H\u00edbrido asi\u00e1tico y oriental) en cama para flor de corte empleando sustratos sostenibles alternativos a la turba\u201d<\/strong>. 2014. Revista Electr\u00f3nica de Investigaci\u00f3n en Educaci\u00f3n Superior Vol. 2, N\u00fam. 1.<\/p>\n\n\n\n<p><strong>\u201cSustratos Org\u00e1nicos Alternativos en la Producci\u00f3n de Lilium oriental (Lilium h\u00edbrido oriental) en contenedor para flor de corte\u201d<\/strong>. Revista Electr\u00f3nica de Investigaci\u00f3n en Educaci\u00f3n Superior Vol. 2, N\u00fam. 1.<\/p>\n\n\n\n<p><strong>\u201cLa administraci\u00f3n sustentable del agua, como pol\u00edtica p\u00fablica, ante el cambio clim\u00e1tico\u201d. <\/strong>Libro electr\u00f3nico.\u00a0 Innovaci\u00f3n tecnol\u00f3gica y educaci\u00f3n. ISBN: 978-607-8360-25-3.<\/p>\n\n\n\n<p>&nbsp;<\/p>\n\n\n\n<p>&nbsp;<\/p>\n","protected":false},"excerpt":{"rendered":"<p>Nelly Arellanes Ju\u00e1rez, Evelyn Itzel L\u00e1zaro Ju\u00e1rez, Pedro Benito Bautista, Amado Poblano V\u00e1squez, Dalia Rosal\u00eda Santos Aquino, Mar\u00eda Eufemia P\u00e9rez Flores. 2020.\u00a0Importancia socioecon\u00f3mica de la producci\u00f3n del fruto de tunillo [Stenocereus stellatus\u00a0(Pfeiffer) Riccobono] en Valles Centrales de Oaxaca, M\u00e9xico.\u00a0Exploratoris. Revista de la Realidad Global\u00a0Vol. 9 No. 1\u00a0p. 59-62. ISSN 2153-3318 online. Benito Bautista P.; N. [&hellip;]<\/p>\n","protected":false},"author":74,"featured_media":0,"parent":0,"menu_order":0,"comment_status":"closed","ping_status":"closed","template":"","meta":{"_swt_meta_header_display":false,"_swt_meta_footer_display":false,"_swt_meta_site_title_display":false,"_swt_meta_sticky_header":false,"_swt_meta_transparent_header":false,"footnotes":""},"class_list":["post-5","page","type-page","status-publish","hentry"],"_links":{"self":[{"href":"https:\/\/web.ciidiroaxaca.ipn.mx\/apoblanov\/wp-json\/wp\/v2\/pages\/5","targetHints":{"allow":["GET"]}}],"collection":[{"href":"https:\/\/web.ciidiroaxaca.ipn.mx\/apoblanov\/wp-json\/wp\/v2\/pages"}],"about":[{"href":"https:\/\/web.ciidiroaxaca.ipn.mx\/apoblanov\/wp-json\/wp\/v2\/types\/page"}],"author":[{"embeddable":true,"href":"https:\/\/web.ciidiroaxaca.ipn.mx\/apoblanov\/wp-json\/wp\/v2\/users\/74"}],"replies":[{"embeddable":true,"href":"https:\/\/web.ciidiroaxaca.ipn.mx\/apoblanov\/wp-json\/wp\/v2\/comments?post=5"}],"version-history":[{"count":3,"href":"https:\/\/web.ciidiroaxaca.ipn.mx\/apoblanov\/wp-json\/wp\/v2\/pages\/5\/revisions"}],"predecessor-version":[{"id":33,"href":"https:\/\/web.ciidiroaxaca.ipn.mx\/apoblanov\/wp-json\/wp\/v2\/pages\/5\/revisions\/33"}],"wp:attachment":[{"href":"https:\/\/web.ciidiroaxaca.ipn.mx\/apoblanov\/wp-json\/wp\/v2\/media?parent=5"}],"curies":[{"name":"wp","href":"https:\/\/api.w.org\/{rel}","templated":true}]}}