{"id":6,"date":"2024-05-13T16:32:55","date_gmt":"2024-05-13T16:32:55","guid":{"rendered":"https:\/\/web.ciidiroaxaca.ipn.mx\/anlopezl\/proyectos-de-investigacion\/"},"modified":"2025-09-17T15:28:37","modified_gmt":"2025-09-17T15:28:37","slug":"proyectos-de-investigacion","status":"publish","type":"page","link":"https:\/\/web.ciidiroaxaca.ipn.mx\/anlopezl\/proyectos-de-investigacion\/","title":{"rendered":"Proyectos de investigaci\u00f3n"},"content":{"rendered":"\n<p>Evaluaci\u00f3n piloto de sistemas de remoci\u00f3n de contaminantes en agua. <strong>SIP20231959<\/strong>.Participante.<\/p>\n\n\n\n<p>Estudio de la habitabilidad de la vivienda construida con fondos de remesa por migrantes en comunidades de la Mixteca de Oaxaca. <strong>SIP 20221296<\/strong>.Participante.<\/p>\n\n\n\n<p>Modelo de escuela sustentable con enfoque participativo que promueva ambientes de aprendizaje en comunidades con infraestructura educativa precaria. <strong>SIP 20211389<\/strong>. Participante.<\/p>\n\n\n\n<p>Evaluaci\u00f3n de la intervenci\u00f3n de viviendas afectadas por los sismos en el Istmo de Tehuantepec, Oaxaca con enfoque de Reconstrucci\u00f3n Integral y Social del H\u00e1bitat. <strong>SIP 20201485<\/strong>. Participante.<\/p>\n\n\n\n<p>Estrategias tecnol\u00f3gicas para su implementaci\u00f3n en viviendas de bajo impacto ambiental con enfoque solidario. <strong>SIP 20170833<\/strong>. Participante.<\/p>\n\n\n\n<p>Evaluaci\u00f3n de las Actividades de Educaci\u00f3n Ambiental en el CIIDIR Oaxaca.<strong>SIP 20141165<\/strong>.Participante.<\/p>\n","protected":false},"excerpt":{"rendered":"<p>Evaluaci\u00f3n piloto de sistemas de remoci\u00f3n de contaminantes en agua. SIP20231959.Participante. Estudio de la habitabilidad de la vivienda construida con fondos de remesa por migrantes en comunidades de la Mixteca de Oaxaca. SIP 20221296.Participante. Modelo de escuela sustentable con enfoque participativo que promueva ambientes de aprendizaje en comunidades con infraestructura educativa precaria. SIP 20211389. Participante. [&hellip;]<\/p>\n","protected":false},"author":66,"featured_media":0,"parent":0,"menu_order":0,"comment_status":"closed","ping_status":"closed","template":"","meta":{"_swt_meta_header_display":false,"_swt_meta_footer_display":false,"_swt_meta_site_title_display":false,"_swt_meta_sticky_header":false,"_swt_meta_transparent_header":false,"footnotes":""},"class_list":["post-6","page","type-page","status-publish","hentry"],"_links":{"self":[{"href":"https:\/\/web.ciidiroaxaca.ipn.mx\/anlopezl\/wp-json\/wp\/v2\/pages\/6","targetHints":{"allow":["GET"]}}],"collection":[{"href":"https:\/\/web.ciidiroaxaca.ipn.mx\/anlopezl\/wp-json\/wp\/v2\/pages"}],"about":[{"href":"https:\/\/web.ciidiroaxaca.ipn.mx\/anlopezl\/wp-json\/wp\/v2\/types\/page"}],"author":[{"embeddable":true,"href":"https:\/\/web.ciidiroaxaca.ipn.mx\/anlopezl\/wp-json\/wp\/v2\/users\/66"}],"replies":[{"embeddable":true,"href":"https:\/\/web.ciidiroaxaca.ipn.mx\/anlopezl\/wp-json\/wp\/v2\/comments?post=6"}],"version-history":[{"count":3,"href":"https:\/\/web.ciidiroaxaca.ipn.mx\/anlopezl\/wp-json\/wp\/v2\/pages\/6\/revisions"}],"predecessor-version":[{"id":30,"href":"https:\/\/web.ciidiroaxaca.ipn.mx\/anlopezl\/wp-json\/wp\/v2\/pages\/6\/revisions\/30"}],"wp:attachment":[{"href":"https:\/\/web.ciidiroaxaca.ipn.mx\/anlopezl\/wp-json\/wp\/v2\/media?parent=6"}],"curies":[{"name":"wp","href":"https:\/\/api.w.org\/{rel}","templated":true}]}}